{"id":280,"date":"2016-05-20T11:28:41","date_gmt":"2016-05-20T08:28:41","guid":{"rendered":"http:\/\/www.lotky.fi\/kauppa\/?post_type=product&#038;p=280"},"modified":"2026-04-16T11:43:21","modified_gmt":"2026-04-16T08:43:21","slug":"univis-n-32-iso-vg-32-208l","status":"publish","type":"product","link":"https:\/\/www.lotky.fi\/kauppa\/tuote\/univis-n-32-iso-vg-32-208l\/","title":{"rendered":"Mobil Univis N 32, 208L"},"content":{"rendered":"<div>Univis N 32 (ISO VG 32)<\/div>\n<div>Korkealaatuinen hydrauliikka\u00f6ljy ymp\u00e4rivuotiseen k\u00e4ytt\u00f6\u00f6n.<\/div>\n<div><\/div>\n<div>T\u00e4ytt\u00e4\u00e4 tai ylitt\u00e4\u00e4 seuraavien spesifikaatioiden vaatimukset:<br \/>\nDIN 51524-3 (HVLP): 2006-9, ISO 11158 L-HV.<\/div>\n<div>ExxonMobil suosittelee k\u00e4ytett\u00e4v\u00e4ksi kohteissa joissa vaaditaan:<br \/>\nDenison HF-0, Eaton I-286-S, Eaton M-2950-S.<\/div>\n","protected":false},"excerpt":{"rendered":"<p>Univis N 32 (ISO VG 32) Korkealaatuinen hydrauliikka\u00f6ljy ymp\u00e4rivuotiseen k\u00e4ytt\u00f6\u00f6n.<\/p>\n","protected":false},"featured_media":185,"template":"","meta":[],"product_brand":[],"product_cat":[6],"product_tag":[],"class_list":{"0":"post-280","1":"product","2":"type-product","3":"status-publish","4":"has-post-thumbnail","6":"product_cat-hydrauliikkaoljyt","8":"first","9":"instock","10":"taxable","11":"shipping-taxable","12":"purchasable","13":"product-type-simple"},"_links":{"self":[{"href":"https:\/\/www.lotky.fi\/kauppa\/wp-json\/wp\/v2\/product\/280","targetHints":{"allow":["GET"]}}],"collection":[{"href":"https:\/\/www.lotky.fi\/kauppa\/wp-json\/wp\/v2\/product"}],"about":[{"href":"https:\/\/www.lotky.fi\/kauppa\/wp-json\/wp\/v2\/types\/product"}],"wp:featuredmedia":[{"embeddable":true,"href":"https:\/\/www.lotky.fi\/kauppa\/wp-json\/wp\/v2\/media\/185"}],"wp:attachment":[{"href":"https:\/\/www.lotky.fi\/kauppa\/wp-json\/wp\/v2\/media?parent=280"}],"wp:term":[{"taxonomy":"product_brand","embeddable":true,"href":"https:\/\/www.lotky.fi\/kauppa\/wp-json\/wp\/v2\/product_brand?post=280"},{"taxonomy":"product_cat","embeddable":true,"href":"https:\/\/www.lotky.fi\/kauppa\/wp-json\/wp\/v2\/product_cat?post=280"},{"taxonomy":"product_tag","embeddable":true,"href":"https:\/\/www.lotky.fi\/kauppa\/wp-json\/wp\/v2\/product_tag?post=280"}],"curies":[{"name":"wp","href":"https:\/\/api.w.org\/{rel}","templated":true}]}}