{"id":278,"date":"2016-05-20T11:26:11","date_gmt":"2016-05-20T08:26:11","guid":{"rendered":"http:\/\/www.lotky.fi\/kauppa\/?post_type=product&#038;p=278"},"modified":"2026-04-01T14:04:02","modified_gmt":"2026-04-01T11:04:02","slug":"mobil-dte-10-excel-68-208l","status":"publish","type":"product","link":"https:\/\/www.lotky.fi\/kauppa\/tuote\/mobil-dte-10-excel-68-208l\/","title":{"rendered":"Mobil DTE 10 Excel 68, 208L"},"content":{"rendered":"<div>Eritt\u00e4in suorituskykyinen sinkit\u00f6n korkeapainehydrauliikka\u00f6ljy vaativiin kohteisiin.<\/div>\n<div><\/div>\n<div>T\u00e4ytt\u00e4\u00e4 tai ylitt\u00e4\u00e4 seuraavien spesifikaatioiden vaatimukset: DIN 51524-3 (HVLP)\/-2 (HLP): 2006-09, ISO 11158 L-HV,<\/div>\n<div>Bosch-Rexroth RE 90220-01.<\/div>\n<div><\/div>\n<div>Hyv\u00e4ksytty: Denison HF-0, Eaton Vickers 694, MAG IAS LLC P-69, ORTLINGHAUS-WERKE GMBH ON 9.2.10, STROMAG AG TM-000 327.<\/div>\n","protected":false},"excerpt":{"rendered":"<p>Eritt\u00e4in suorituskykyinen sinkit\u00f6n korkeapainehydrauliikka\u00f6ljy vaativiin kohteisiin.<\/p>\n","protected":false},"featured_media":185,"template":"","meta":[],"product_brand":[],"product_cat":[6],"product_tag":[],"class_list":{"0":"post-278","1":"product","2":"type-product","3":"status-publish","4":"has-post-thumbnail","6":"product_cat-hydrauliikkaoljyt","8":"first","9":"instock","10":"taxable","11":"shipping-taxable","12":"purchasable","13":"product-type-simple"},"_links":{"self":[{"href":"https:\/\/www.lotky.fi\/kauppa\/wp-json\/wp\/v2\/product\/278","targetHints":{"allow":["GET"]}}],"collection":[{"href":"https:\/\/www.lotky.fi\/kauppa\/wp-json\/wp\/v2\/product"}],"about":[{"href":"https:\/\/www.lotky.fi\/kauppa\/wp-json\/wp\/v2\/types\/product"}],"wp:featuredmedia":[{"embeddable":true,"href":"https:\/\/www.lotky.fi\/kauppa\/wp-json\/wp\/v2\/media\/185"}],"wp:attachment":[{"href":"https:\/\/www.lotky.fi\/kauppa\/wp-json\/wp\/v2\/media?parent=278"}],"wp:term":[{"taxonomy":"product_brand","embeddable":true,"href":"https:\/\/www.lotky.fi\/kauppa\/wp-json\/wp\/v2\/product_brand?post=278"},{"taxonomy":"product_cat","embeddable":true,"href":"https:\/\/www.lotky.fi\/kauppa\/wp-json\/wp\/v2\/product_cat?post=278"},{"taxonomy":"product_tag","embeddable":true,"href":"https:\/\/www.lotky.fi\/kauppa\/wp-json\/wp\/v2\/product_tag?post=278"}],"curies":[{"name":"wp","href":"https:\/\/api.w.org\/{rel}","templated":true}]}}