{"id":2778,"date":"2023-06-14T10:29:08","date_gmt":"2023-06-14T07:29:08","guid":{"rendered":"https:\/\/www.lotky.fi\/kauppa\/?post_type=product&#038;p=2778"},"modified":"2026-04-01T10:28:28","modified_gmt":"2026-04-01T07:28:28","slug":"mobil-1-10w-60-208l","status":"publish","type":"product","link":"https:\/\/www.lotky.fi\/kauppa\/tuote\/mobil-1-10w-60-208l\/","title":{"rendered":"Mobil 1 10W-60, 208L (Tehdastilaustuote, toimitusaika n. 4 viikkoa.)"},"content":{"rendered":"<p>Mobil 10W-60 on etenkin vanhemmille ajoneuvoille (jopa yli 150 00 km mittarilukemilla) suunnattu t\u00e4yssynteettinen moottori\u00f6ljy. Soveltuu k\u00e4ytett\u00e4v\u00e4ksi my\u00f6s korkean suorituskyvyn ajoneuvoille ja moottoriurheiluun, kun tarvitaan korkean viskositeetin tuotetta. Takaa pitk\u00e4aikaisen ja tehokkaan suojan pident\u00e4en moottorin k\u00e4ytt\u00f6ik\u00e4\u00e4. Suojelee moottoria my\u00f6s karstan kertymiselt\u00e4 pit\u00e4en sen puhtaana. Tiivisteiden kanssa yhteensopiva koostumus v\u00e4hent\u00e4v\u00e4t tehokkaasti \u00f6ljyvuotoja. Tuote soveltuu k\u00e4ytett\u00e4v\u00e4ksi useimpiin vanhempiin kulkuv\u00e4lineisiin, niin bensiini- kuin dieselmoottoreihin (ilman dieselpartikkelisuodatinta). Voidaan k\u00e4ytt\u00e4\u00e4 eritt\u00e4in haastavissakin olosuhteissa. <strong>Tehdastilaustuote, toimitusaika n. 4-6 viikkoa.<\/strong><\/p>\n<p>Luokitukset ja suositukset:<br \/>\nAPI SN\/SM\/SL\/SJ, CF<br \/>\nACEA A3\/B3, A3\/B4<br \/>\nMB 229.1<\/p>\n","protected":false},"excerpt":{"rendered":"<p>Mobil 10W-60 on etenkin vanhemmille ajoneuvoille (jopa yli 150 00 km mittarilukemilla) suunnattu t\u00e4yssynteettinen moottori\u00f6ljy. Soveltuu k\u00e4ytett\u00e4v\u00e4ksi my\u00f6s korkean suorituskyvyn ajoneuvoille ja moottoriurheiluun, kun tarvitaan korkean viskositeetin tuotetta. Takaa pitk\u00e4aikaisen ja tehokkaan suojan pident\u00e4en moottorin k\u00e4ytt\u00f6ik\u00e4\u00e4. Suojelee moottoria my\u00f6s karstan kertymiselt\u00e4 pit\u00e4en sen puhtaana. Tiivisteiden kanssa yhteensopiva koostumus v\u00e4hent\u00e4v\u00e4t tehokkaasti \u00f6ljyvuotoja. Tuote soveltuu k\u00e4ytett\u00e4v\u00e4ksi useimpiin [&hellip;]<\/p>\n","protected":false},"featured_media":233,"template":"","meta":[],"product_brand":[],"product_cat":[17],"product_tag":[],"class_list":{"0":"post-2778","1":"product","2":"type-product","3":"status-publish","4":"has-post-thumbnail","6":"product_cat-moottorioljyt-kevyt-kalusto","8":"first","9":"instock","10":"taxable","11":"shipping-taxable","12":"purchasable","13":"product-type-simple"},"_links":{"self":[{"href":"https:\/\/www.lotky.fi\/kauppa\/wp-json\/wp\/v2\/product\/2778","targetHints":{"allow":["GET"]}}],"collection":[{"href":"https:\/\/www.lotky.fi\/kauppa\/wp-json\/wp\/v2\/product"}],"about":[{"href":"https:\/\/www.lotky.fi\/kauppa\/wp-json\/wp\/v2\/types\/product"}],"wp:featuredmedia":[{"embeddable":true,"href":"https:\/\/www.lotky.fi\/kauppa\/wp-json\/wp\/v2\/media\/233"}],"wp:attachment":[{"href":"https:\/\/www.lotky.fi\/kauppa\/wp-json\/wp\/v2\/media?parent=2778"}],"wp:term":[{"taxonomy":"product_brand","embeddable":true,"href":"https:\/\/www.lotky.fi\/kauppa\/wp-json\/wp\/v2\/product_brand?post=2778"},{"taxonomy":"product_cat","embeddable":true,"href":"https:\/\/www.lotky.fi\/kauppa\/wp-json\/wp\/v2\/product_cat?post=2778"},{"taxonomy":"product_tag","embeddable":true,"href":"https:\/\/www.lotky.fi\/kauppa\/wp-json\/wp\/v2\/product_tag?post=2778"}],"curies":[{"name":"wp","href":"https:\/\/api.w.org\/{rel}","templated":true}]}}