{"id":2776,"date":"2023-06-12T16:10:44","date_gmt":"2023-06-12T13:10:44","guid":{"rendered":"https:\/\/www.lotky.fi\/kauppa\/?post_type=product&#038;p=2776"},"modified":"2026-01-30T09:29:44","modified_gmt":"2026-01-30T07:29:44","slug":"valvoline-multipurpose-lithium-ep-2-180-kg","status":"publish","type":"product","link":"https:\/\/www.lotky.fi\/kauppa\/tuote\/valvoline-multipurpose-lithium-ep-2-180-kg\/","title":{"rendered":"Valvoline Multipurpose Lithium EP 2, 180 kg"},"content":{"rendered":"<p>Valvoline Multipurpose Lithium EP 2 on korkealaatuinen, monik\u00e4ytt\u00f6inen litiumrasva, johon on lis\u00e4tty kovaa paineenkestoa parantavia lis\u00e4aineita. Ne voitelevat ja suojaavat kovaa painetta aiheuttavassa k\u00e4yt\u00f6ss\u00e4 olevia osia. Tuote suojaa my\u00f6s ruosteelta ja korroosiolta, ja sen hapettumisen kesto on hyv\u00e4. Kest\u00e4\u00e4 iskumaista kuormitusta ja on vedenkest\u00e4v\u00e4. K\u00e4ytt\u00f6kohteet: Sopii yleisk\u00e4ytt\u00f6\u00f6n autoalan, rakennusalan ja teollisuuden komponenteissa \u2013 esimerkiksi liukulaakereissa ja vierint\u00e4laakereissa silloin, kun tarvitaan \u00e4\u00e4rimm\u00e4ist\u00e4 paineenkestoa.<\/p>\n<p>V\u00e4ri: Vihre\u00e4.<\/p>\n<p>&nbsp;<\/p>\n","protected":false},"excerpt":{"rendered":"<p>Valvoline Multipurpose Lithium EP 2 on korkealaatuinen, monik\u00e4ytt\u00f6inen litiumrasva, johon on lis\u00e4tty kovaa paineenkestoa parantavia lis\u00e4aineita. Ne voitelevat ja suojaavat kovaa painetta aiheuttavassa k\u00e4yt\u00f6ss\u00e4 olevia osia. Tuote suojaa my\u00f6s ruosteelta ja korroosiolta, ja sen hapettumisen kesto on hyv\u00e4. Kest\u00e4\u00e4 iskumaista kuormitusta ja on vedenkest\u00e4v\u00e4. K\u00e4ytt\u00f6kohteet: Sopii yleisk\u00e4ytt\u00f6\u00f6n autoalan, rakennusalan ja teollisuuden komponenteissa \u2013 esimerkiksi liukulaakereissa [&hellip;]<\/p>\n","protected":false},"featured_media":472,"template":"","meta":[],"product_brand":[],"product_cat":[19],"product_tag":[],"class_list":{"0":"post-2776","1":"product","2":"type-product","3":"status-publish","4":"has-post-thumbnail","6":"product_cat-rasvat","8":"first","9":"instock","10":"taxable","11":"shipping-taxable","12":"purchasable","13":"product-type-simple"},"_links":{"self":[{"href":"https:\/\/www.lotky.fi\/kauppa\/wp-json\/wp\/v2\/product\/2776","targetHints":{"allow":["GET"]}}],"collection":[{"href":"https:\/\/www.lotky.fi\/kauppa\/wp-json\/wp\/v2\/product"}],"about":[{"href":"https:\/\/www.lotky.fi\/kauppa\/wp-json\/wp\/v2\/types\/product"}],"wp:featuredmedia":[{"embeddable":true,"href":"https:\/\/www.lotky.fi\/kauppa\/wp-json\/wp\/v2\/media\/472"}],"wp:attachment":[{"href":"https:\/\/www.lotky.fi\/kauppa\/wp-json\/wp\/v2\/media?parent=2776"}],"wp:term":[{"taxonomy":"product_brand","embeddable":true,"href":"https:\/\/www.lotky.fi\/kauppa\/wp-json\/wp\/v2\/product_brand?post=2776"},{"taxonomy":"product_cat","embeddable":true,"href":"https:\/\/www.lotky.fi\/kauppa\/wp-json\/wp\/v2\/product_cat?post=2776"},{"taxonomy":"product_tag","embeddable":true,"href":"https:\/\/www.lotky.fi\/kauppa\/wp-json\/wp\/v2\/product_tag?post=2776"}],"curies":[{"name":"wp","href":"https:\/\/api.w.org\/{rel}","templated":true}]}}