{"id":271,"date":"2016-05-20T11:06:33","date_gmt":"2016-05-20T08:06:33","guid":{"rendered":"http:\/\/www.lotky.fi\/kauppa\/?post_type=product&#038;p=271"},"modified":"2026-04-01T14:17:15","modified_gmt":"2026-04-01T11:17:15","slug":"mobil-atf-3309-208l","status":"publish","type":"product","link":"https:\/\/www.lotky.fi\/kauppa\/tuote\/mobil-atf-3309-208l\/","title":{"rendered":"Mobil ATF 3309, 208L"},"content":{"rendered":"<div>Automaattivaihteisto\u00f6ljy vaihteistoihin, joissa vaaditaan JWS 3309 tai GM 9986195 -vaatimusten mukaista \u00f6ljy\u00e4. <strong>Tehdastilaustuote, toimitusaika n. 4 viikkoa.<\/strong><\/div>\n<div><\/div>\n<div>T\u00e4ytt\u00e4\u00e4 tai ylitt\u00e4\u00e4 seuraavien spesifikaatioiden vaatimukset:<\/div>\n<div>Ford WSS-M2C924-A<br \/>\nVW TL 52540-A<\/div>\n<div>\n<p>ExxonMobilin mukaan Mobil ATF 3309 on seuravaa laatutasoa:<br \/>\nJWS 3309<br \/>\nVW\/Audi G-55-025 A2<br \/>\nSaturn GM 9986195<br \/>\nToyota Type T-IV<\/p>\n<\/div>\n","protected":false},"excerpt":{"rendered":"<p>Automaattivaihteisto\u00f6ljy vaihteistoihin, joissa vaaditaan JWS 3309 tai GM 9986195 -vaatimusten mukaista \u00f6ljy\u00e4. Tehdastilaustuote, toimitusaika n. 4 viikkoa.<\/p>\n","protected":false},"featured_media":185,"template":"","meta":[],"product_brand":[],"product_cat":[25],"product_tag":[],"class_list":{"0":"post-271","1":"product","2":"type-product","3":"status-publish","4":"has-post-thumbnail","6":"product_cat-automaattivaihteistooljyt","8":"first","9":"instock","10":"taxable","11":"shipping-taxable","12":"purchasable","13":"product-type-simple"},"_links":{"self":[{"href":"https:\/\/www.lotky.fi\/kauppa\/wp-json\/wp\/v2\/product\/271","targetHints":{"allow":["GET"]}}],"collection":[{"href":"https:\/\/www.lotky.fi\/kauppa\/wp-json\/wp\/v2\/product"}],"about":[{"href":"https:\/\/www.lotky.fi\/kauppa\/wp-json\/wp\/v2\/types\/product"}],"wp:featuredmedia":[{"embeddable":true,"href":"https:\/\/www.lotky.fi\/kauppa\/wp-json\/wp\/v2\/media\/185"}],"wp:attachment":[{"href":"https:\/\/www.lotky.fi\/kauppa\/wp-json\/wp\/v2\/media?parent=271"}],"wp:term":[{"taxonomy":"product_brand","embeddable":true,"href":"https:\/\/www.lotky.fi\/kauppa\/wp-json\/wp\/v2\/product_brand?post=271"},{"taxonomy":"product_cat","embeddable":true,"href":"https:\/\/www.lotky.fi\/kauppa\/wp-json\/wp\/v2\/product_cat?post=271"},{"taxonomy":"product_tag","embeddable":true,"href":"https:\/\/www.lotky.fi\/kauppa\/wp-json\/wp\/v2\/product_tag?post=271"}],"curies":[{"name":"wp","href":"https:\/\/api.w.org\/{rel}","templated":true}]}}