{"id":270,"date":"2016-05-20T11:04:25","date_gmt":"2016-05-20T08:04:25","guid":{"rendered":"http:\/\/www.lotky.fi\/kauppa\/?post_type=product&#038;p=270"},"modified":"2026-04-01T14:28:19","modified_gmt":"2026-04-01T11:28:19","slug":"mobil-atf-134-208l","status":"publish","type":"product","link":"https:\/\/www.lotky.fi\/kauppa\/tuote\/mobil-atf-134-208l\/","title":{"rendered":"Mobil ATF 134, 208L"},"content":{"rendered":"<div>HVI-perus\u00f6ljyist\u00e4 valmistettu korkean suorituskyvyn automaattivaihteisto\u00f6ljy Mercedes Benz vaihteistoihin. T\u00e4ytt\u00e4\u00e4 tai ylitt\u00e4\u00e4 seuraavien spesifikaatioiden vaatimukset: MB 236.14.<\/div>\n","protected":false},"excerpt":{"rendered":"<p>HVI-perus\u00f6ljyist\u00e4 valmistettu korkean suorituskyvyn automaattivaihteisto\u00f6ljy Mercedes Benz vaihteistoihin.<\/p>\n","protected":false},"featured_media":185,"template":"","meta":[],"product_brand":[],"product_cat":[25],"product_tag":[],"class_list":{"0":"post-270","1":"product","2":"type-product","3":"status-publish","4":"has-post-thumbnail","6":"product_cat-automaattivaihteistooljyt","8":"first","9":"instock","10":"taxable","11":"shipping-taxable","12":"purchasable","13":"product-type-simple"},"_links":{"self":[{"href":"https:\/\/www.lotky.fi\/kauppa\/wp-json\/wp\/v2\/product\/270","targetHints":{"allow":["GET"]}}],"collection":[{"href":"https:\/\/www.lotky.fi\/kauppa\/wp-json\/wp\/v2\/product"}],"about":[{"href":"https:\/\/www.lotky.fi\/kauppa\/wp-json\/wp\/v2\/types\/product"}],"wp:featuredmedia":[{"embeddable":true,"href":"https:\/\/www.lotky.fi\/kauppa\/wp-json\/wp\/v2\/media\/185"}],"wp:attachment":[{"href":"https:\/\/www.lotky.fi\/kauppa\/wp-json\/wp\/v2\/media?parent=270"}],"wp:term":[{"taxonomy":"product_brand","embeddable":true,"href":"https:\/\/www.lotky.fi\/kauppa\/wp-json\/wp\/v2\/product_brand?post=270"},{"taxonomy":"product_cat","embeddable":true,"href":"https:\/\/www.lotky.fi\/kauppa\/wp-json\/wp\/v2\/product_cat?post=270"},{"taxonomy":"product_tag","embeddable":true,"href":"https:\/\/www.lotky.fi\/kauppa\/wp-json\/wp\/v2\/product_tag?post=270"}],"curies":[{"name":"wp","href":"https:\/\/api.w.org\/{rel}","templated":true}]}}