{"id":2668,"date":"2023-03-16T14:46:20","date_gmt":"2023-03-16T12:46:20","guid":{"rendered":"https:\/\/www.lotky.fi\/kauppa\/?post_type=product&#038;p=2668"},"modified":"2025-03-24T10:09:17","modified_gmt":"2025-03-24T08:09:17","slug":"castrol-magnatec-stop-start-5w-20-e-208-l-hinta-voimassa-31-3-asti","status":"publish","type":"product","link":"https:\/\/www.lotky.fi\/kauppa\/tuote\/castrol-magnatec-stop-start-5w-20-e-208-l-hinta-voimassa-31-3-asti\/","title":{"rendered":"Castrol Magnatec 5W-20 E, 208 L"},"content":{"rendered":"<p>Castrol Magnatec 5W-20 E soveltuu k\u00e4ytett\u00e4v\u00e4ksi ajoneuvoissa, joissa valmistaja suosittelee k\u00e4ytett\u00e4v\u00e4ksi API SN, ILSAC GF-5 tai aikaisempia 5W-20 \u00f6ljyj\u00e4. Castrol Magnatec 5W-20 E on hyv\u00e4ksytty Fordin ajoneuvoihin, joissa vaaditaan 5W-20 voiteluainetta, joka vastaa Fordin WSS-M2C948-B vaatimuksia.<\/p>\n<p>Hyv\u00e4ksynn\u00e4t<br \/>\nAPI SN<br \/>\nILSAC GF5<br \/>\nFord WSS-M2C948-B<\/p>\n","protected":false},"excerpt":{"rendered":"<p>Castrol Magnatec STOP-START 5W-20 E soveltuu k\u00e4ytett\u00e4v\u00e4ksi ajoneuvoissa, joissa valmistaja suosittelee k\u00e4ytett\u00e4v\u00e4ksi API SN, ILSAC GF-5 tai aikaisempia 5W-20 \u00f6ljyj\u00e4. Castrol Magnatec STOP-START 5W-20 E on hyv\u00e4ksytty Fordin ajoneuvoihin, joissa vaaditaan 5W-20 voiteluainetta, joka vastaa Fordin WSS-M2C948-B vaatimuksia.<\/p>\n","protected":false},"featured_media":699,"template":"","meta":[],"product_brand":[],"product_cat":[17],"product_tag":[],"class_list":{"0":"post-2668","1":"product","2":"type-product","3":"status-publish","4":"has-post-thumbnail","6":"product_cat-moottorioljyt-kevyt-kalusto","8":"first","9":"instock","10":"taxable","11":"shipping-taxable","12":"purchasable","13":"product-type-simple"},"_links":{"self":[{"href":"https:\/\/www.lotky.fi\/kauppa\/wp-json\/wp\/v2\/product\/2668","targetHints":{"allow":["GET"]}}],"collection":[{"href":"https:\/\/www.lotky.fi\/kauppa\/wp-json\/wp\/v2\/product"}],"about":[{"href":"https:\/\/www.lotky.fi\/kauppa\/wp-json\/wp\/v2\/types\/product"}],"wp:featuredmedia":[{"embeddable":true,"href":"https:\/\/www.lotky.fi\/kauppa\/wp-json\/wp\/v2\/media\/699"}],"wp:attachment":[{"href":"https:\/\/www.lotky.fi\/kauppa\/wp-json\/wp\/v2\/media?parent=2668"}],"wp:term":[{"taxonomy":"product_brand","embeddable":true,"href":"https:\/\/www.lotky.fi\/kauppa\/wp-json\/wp\/v2\/product_brand?post=2668"},{"taxonomy":"product_cat","embeddable":true,"href":"https:\/\/www.lotky.fi\/kauppa\/wp-json\/wp\/v2\/product_cat?post=2668"},{"taxonomy":"product_tag","embeddable":true,"href":"https:\/\/www.lotky.fi\/kauppa\/wp-json\/wp\/v2\/product_tag?post=2668"}],"curies":[{"name":"wp","href":"https:\/\/api.w.org\/{rel}","templated":true}]}}