{"id":266,"date":"2016-05-20T10:53:56","date_gmt":"2016-05-20T07:53:56","guid":{"rendered":"http:\/\/www.lotky.fi\/kauppa\/?post_type=product&#038;p=266"},"modified":"2026-04-01T14:52:31","modified_gmt":"2026-04-01T11:52:31","slug":"mobil-dexron-vi-atf-208l","status":"publish","type":"product","link":"https:\/\/www.lotky.fi\/kauppa\/tuote\/mobil-dexron-vi-atf-208l\/","title":{"rendered":"Mobil Dexron VI ATF, 208L"},"content":{"rendered":"<div>Synteettispohjainen, eritt\u00e4in suorituskykyinen \u00f6ljy, joka t\u00e4ytt\u00e4\u00e4 tai ylitt\u00e4\u00e4 GM Dexron VI -spesifikaation<\/div>\n<div>vaatimukset 2006 ja uudemmissa GM autoissa. T\u00e4ytt\u00e4\u00e4 tai ylitt\u00e4\u00e4 seuraavien spesifikaatioiden vaatimukset: GM Dexron VI.<\/div>\n","protected":false},"excerpt":{"rendered":"<p>Synteettispohjainen, eritt\u00e4in suorituskykyinen \u00f6ljy, joka t\u00e4ytt\u00e4\u00e4 tai ylitt\u00e4\u00e4 GM Dexron VI -spesifikaation vaatimukset 2006 ja uudemmissa GM autoissa. T\u00e4ytt\u00e4\u00e4 tai ylitt\u00e4\u00e4 seuraavien spesifikaatioiden vaatimukset: GM Dexron VI.<\/p>\n","protected":false},"featured_media":233,"template":"","meta":[],"product_brand":[],"product_cat":[25],"product_tag":[],"class_list":{"0":"post-266","1":"product","2":"type-product","3":"status-publish","4":"has-post-thumbnail","6":"product_cat-automaattivaihteistooljyt","8":"first","9":"instock","10":"taxable","11":"shipping-taxable","12":"purchasable","13":"product-type-simple"},"_links":{"self":[{"href":"https:\/\/www.lotky.fi\/kauppa\/wp-json\/wp\/v2\/product\/266","targetHints":{"allow":["GET"]}}],"collection":[{"href":"https:\/\/www.lotky.fi\/kauppa\/wp-json\/wp\/v2\/product"}],"about":[{"href":"https:\/\/www.lotky.fi\/kauppa\/wp-json\/wp\/v2\/types\/product"}],"wp:featuredmedia":[{"embeddable":true,"href":"https:\/\/www.lotky.fi\/kauppa\/wp-json\/wp\/v2\/media\/233"}],"wp:attachment":[{"href":"https:\/\/www.lotky.fi\/kauppa\/wp-json\/wp\/v2\/media?parent=266"}],"wp:term":[{"taxonomy":"product_brand","embeddable":true,"href":"https:\/\/www.lotky.fi\/kauppa\/wp-json\/wp\/v2\/product_brand?post=266"},{"taxonomy":"product_cat","embeddable":true,"href":"https:\/\/www.lotky.fi\/kauppa\/wp-json\/wp\/v2\/product_cat?post=266"},{"taxonomy":"product_tag","embeddable":true,"href":"https:\/\/www.lotky.fi\/kauppa\/wp-json\/wp\/v2\/product_tag?post=266"}],"curies":[{"name":"wp","href":"https:\/\/api.w.org\/{rel}","templated":true}]}}