{"id":2658,"date":"2023-03-07T10:58:31","date_gmt":"2023-03-07T08:58:31","guid":{"rendered":"https:\/\/www.lotky.fi\/kauppa\/?post_type=product&#038;p=2658"},"modified":"2026-04-01T11:12:11","modified_gmt":"2026-04-01T08:12:11","slug":"mobil-delvac-modern-5w-30-fuel-efficient-plus-v1-208l","status":"publish","type":"product","link":"https:\/\/www.lotky.fi\/kauppa\/tuote\/mobil-delvac-modern-5w-30-fuel-efficient-plus-v1-208l\/","title":{"rendered":"Mobil Delvac Ultra 5W-30 Fuel Efficient Plus, 208L"},"content":{"rendered":"<p>Mobil Delvac Ultra 5W-30 Fuel Efficient Plus on eritt\u00e4in suorituskykyinen, synteettinen dieselmoottori\u00f6ljy, joka on kehitetty tarjoamaan ensiluokkainen suojaus ja paremman polttoainetalouden potentiaali vaativissa maantieolosuhteissa toimiville, nykyaikaisille, suorituskykyisille ja matalap\u00e4\u00e4st\u00f6isille moottoreille.<\/p>\n<p>Mobil Delvac Ultra 5W-30 Fuel Efficient Plus on valmistettu korkealaatuisista perus\u00f6ljyist\u00e4, joiden ansiosta sill\u00e4 on hyv\u00e4 juoksevuus alhaisissa l\u00e4mp\u00f6tiloissa ja hyv\u00e4 viskositeetin s\u00e4ilyminen kuumissa oloissa sek\u00e4 pieni haihtuvuus. Perus\u00f6ljyt, lis\u00e4aineistus ja alhaisempi \u00f6ljykalvon viskositeetti (HT\/HS) parantaa potentiaalisesti polttoainetaloutta. Kehittynyt lis\u00e4aineistus on suunniteltu auttamaan p\u00e4\u00e4st\u00f6v\u00e4hennysj\u00e4rjestelmien, kuten dieselhiukkassuodattimien (DPF), k\u00e4ytt\u00f6i\u00e4n pident\u00e4mist\u00e4 ja tehokkuuden yll\u00e4pit\u00e4mist\u00e4.<\/p>\n<p>Mobil Delvac Ultra 5W-30 Fuel Efficient Plus on erityisesti kehitetty vastaamaan nykyaikaisten dieselmoottoreiden uusimpia Volvon, Daimlerin, Detroitin, Mackin, Renaultin ja Cumminsin vaatimuksia.<\/p>\n<p><strong>Entiset tuotenimet Mobil Delvac Modern 5w-30 Fuel Efficient Plus V1, Delvac XHP ESP FE 5w-30<\/strong><\/p>\n<p>Tuotteella on seuraavat hyv\u00e4ksynn\u00e4t:<br \/>\nDaimler Truck DTFR 15C130 (entinen MB-Approval 228.61)<br \/>\nVOLVO VDS-5<br \/>\nRENAULT TRUCKS RLD-5<br \/>\nMACK EOS-5<br \/>\nDetroit Detroit Fluids Specification 93K223<br \/>\nAPI FA-4<br \/>\nCummins CES 20087<\/p>\n","protected":false},"excerpt":{"rendered":"<p>Mobil Delvac Ultra 5W-30 Fuel Efficient Plus on eritt\u00e4in suorituskykyinen, synteettinen dieselmoottori\u00f6ljy, joka on kehitetty tarjoamaan ensiluokkainen suojaus ja paremman polttoainetalouden potentiaali vaativissa maantieolosuhteissa toimiville, nykyaikaisille, suorituskykyisille ja matalap\u00e4\u00e4st\u00f6isille moottoreille. Mobil Delvac Ultra 5W-30 Fuel Efficient Plus on valmistettu korkealaatuisista perus\u00f6ljyist\u00e4, joiden ansiosta sill\u00e4 on hyv\u00e4 juoksevuus alhaisissa l\u00e4mp\u00f6tiloissa ja hyv\u00e4 viskositeetin s\u00e4ilyminen kuumissa oloissa [&hellip;]<\/p>\n","protected":false},"featured_media":185,"template":"","meta":[],"product_brand":[],"product_cat":[18],"product_tag":[179,180,178],"class_list":{"0":"post-2658","1":"product","2":"type-product","3":"status-publish","4":"has-post-thumbnail","6":"product_cat-moottorioljyt-raskas-kalusto","7":"product_tag-mb-228-61","8":"product_tag-renault-trucks-rld-5","9":"product_tag-volvo-vds-5","11":"first","12":"instock","13":"taxable","14":"shipping-taxable","15":"purchasable","16":"product-type-simple"},"_links":{"self":[{"href":"https:\/\/www.lotky.fi\/kauppa\/wp-json\/wp\/v2\/product\/2658","targetHints":{"allow":["GET"]}}],"collection":[{"href":"https:\/\/www.lotky.fi\/kauppa\/wp-json\/wp\/v2\/product"}],"about":[{"href":"https:\/\/www.lotky.fi\/kauppa\/wp-json\/wp\/v2\/types\/product"}],"wp:featuredmedia":[{"embeddable":true,"href":"https:\/\/www.lotky.fi\/kauppa\/wp-json\/wp\/v2\/media\/185"}],"wp:attachment":[{"href":"https:\/\/www.lotky.fi\/kauppa\/wp-json\/wp\/v2\/media?parent=2658"}],"wp:term":[{"taxonomy":"product_brand","embeddable":true,"href":"https:\/\/www.lotky.fi\/kauppa\/wp-json\/wp\/v2\/product_brand?post=2658"},{"taxonomy":"product_cat","embeddable":true,"href":"https:\/\/www.lotky.fi\/kauppa\/wp-json\/wp\/v2\/product_cat?post=2658"},{"taxonomy":"product_tag","embeddable":true,"href":"https:\/\/www.lotky.fi\/kauppa\/wp-json\/wp\/v2\/product_tag?post=2658"}],"curies":[{"name":"wp","href":"https:\/\/api.w.org\/{rel}","templated":true}]}}