{"id":265,"date":"2016-05-20T10:50:15","date_gmt":"2016-05-20T07:50:15","guid":{"rendered":"http:\/\/www.lotky.fi\/kauppa\/?post_type=product&#038;p=265"},"modified":"2026-04-01T14:54:36","modified_gmt":"2026-04-01T11:54:36","slug":"mobil-delvac-synthetic-atf-208l","status":"publish","type":"product","link":"https:\/\/www.lotky.fi\/kauppa\/tuote\/mobil-delvac-synthetic-atf-208l\/","title":{"rendered":"Mobil Delvac 1 ATF, 208L"},"content":{"rendered":"<div>T\u00e4yssynteettinen automaattivaihteisto\u00f6ljy erityisesti Allisonin automaattivaihteistoihin.<\/div>\n<div>Hyv\u00e4ksytty: Allison TES-295\/TES-468, Voith Turbo H55.633639, Voith Turbo DIWA Service Bulletin 013\/118,<\/div>\n<div>MB 236.91, ZF TE-ML 04D\/14C\/16M\/20C.<\/div>\n<div><\/div>\n<div><strong>Tehdastilaustuote, toimitusaika n. 4 viikkoa<\/strong><\/div>\n","protected":false},"excerpt":{"rendered":"<p>T\u00e4yssynteettinen automaattivaihteisto\u00f6ljy erityisesti Allisonin automaattivaihteistoihin. Hyv\u00e4ksytty: Allison TES-295\/TES-468, Voith Turbo H55.633639, Voith Turbo DIWA Service Bulletin 013\/118, MB 236.91, ZF TE-ML 04D\/14C\/16M\/20C. Tehdastilaustuote, toimitusaika n. 4 viikkoa<\/p>\n","protected":false},"featured_media":233,"template":"","meta":[],"product_brand":[],"product_cat":[25],"product_tag":[],"class_list":{"0":"post-265","1":"product","2":"type-product","3":"status-publish","4":"has-post-thumbnail","6":"product_cat-automaattivaihteistooljyt","8":"first","9":"instock","10":"taxable","11":"shipping-taxable","12":"purchasable","13":"product-type-simple"},"_links":{"self":[{"href":"https:\/\/www.lotky.fi\/kauppa\/wp-json\/wp\/v2\/product\/265","targetHints":{"allow":["GET"]}}],"collection":[{"href":"https:\/\/www.lotky.fi\/kauppa\/wp-json\/wp\/v2\/product"}],"about":[{"href":"https:\/\/www.lotky.fi\/kauppa\/wp-json\/wp\/v2\/types\/product"}],"wp:featuredmedia":[{"embeddable":true,"href":"https:\/\/www.lotky.fi\/kauppa\/wp-json\/wp\/v2\/media\/233"}],"wp:attachment":[{"href":"https:\/\/www.lotky.fi\/kauppa\/wp-json\/wp\/v2\/media?parent=265"}],"wp:term":[{"taxonomy":"product_brand","embeddable":true,"href":"https:\/\/www.lotky.fi\/kauppa\/wp-json\/wp\/v2\/product_brand?post=265"},{"taxonomy":"product_cat","embeddable":true,"href":"https:\/\/www.lotky.fi\/kauppa\/wp-json\/wp\/v2\/product_cat?post=265"},{"taxonomy":"product_tag","embeddable":true,"href":"https:\/\/www.lotky.fi\/kauppa\/wp-json\/wp\/v2\/product_tag?post=265"}],"curies":[{"name":"wp","href":"https:\/\/api.w.org\/{rel}","templated":true}]}}