{"id":2647,"date":"2023-02-28T12:01:29","date_gmt":"2023-02-28T10:01:29","guid":{"rendered":"https:\/\/www.lotky.fi\/kauppa\/?post_type=product&#038;p=2647"},"modified":"2026-03-31T10:20:15","modified_gmt":"2026-03-31T07:20:15","slug":"neste-allrex-ep-2-50-kg-toimitettuna","status":"publish","type":"product","link":"https:\/\/www.lotky.fi\/kauppa\/tuote\/neste-allrex-ep-2-50-kg-toimitettuna\/","title":{"rendered":"Neste Allrex EP 2, 50 kg toimitettuna"},"content":{"rendered":"<p>Neste Allrex EP 2 on valmistettu korkealuokkaisesta litiumsaippuasta ja korkealaatuisista mineraaliperus\u00f6ljyist\u00e4. T\u00e4m\u00e4n lis\u00e4ksi Neste Allrex EP 2 sis\u00e4lt\u00e4\u00e4 tehokkaan paineenkesto-, kulumisenesto-, ruosteenesto- ja hapettumisenestolis\u00e4aineistuksen. Allrex EP 2:a suositellaan yleisk\u00e4ytt\u00f6\u00f6n teollisuuden rasvavoitelukohteisiin, my\u00f6s iskumaisiin kuormituksiin. Se sopii my\u00f6s ajoneuvojen, ty\u00f6koneiden ja maatalouskaluston yleis- ja py\u00f6r\u00e4nlaakerivoiteluun.<\/p>\n<p>SUORITUSKYKYLUOKITUKSET:<br \/>\nISO 6743: ISO-L-XCCIB2<br \/>\nNLGI 2<br \/>\nDIN 51502: KP2K-30<br \/>\nMAN 283 Li-P 2<br \/>\nMB Blatt 267.0<br \/>\nVolvo std 1277.18<\/p>\n","protected":false},"excerpt":{"rendered":"<p>Neste Allrex EP 2 on valmistettu korkealuokkaisesta litiumsaippuasta ja korkealaatuisista mineraaliperus\u00f6ljyist\u00e4. T\u00e4m\u00e4n lis\u00e4ksi Neste Allrex EP 2 sis\u00e4lt\u00e4\u00e4 tehokkaan paineenkesto-, kulumisenesto-, ruosteenesto- ja hapettumisenestolis\u00e4aineistuksen. Allrex EP 2:a suositellaan yleisk\u00e4ytt\u00f6\u00f6n teollisuuden rasvavoitelukohteisiin, my\u00f6s iskumaisiin kuormituksiin. Se sopii my\u00f6s ajoneuvojen, ty\u00f6koneiden ja maatalouskaluston yleis- ja py\u00f6r\u00e4nlaakerivoiteluun.<\/p>\n","protected":false},"featured_media":1598,"template":"","meta":[],"product_brand":[],"product_cat":[19],"product_tag":[],"class_list":{"0":"post-2647","1":"product","2":"type-product","3":"status-publish","4":"has-post-thumbnail","6":"product_cat-rasvat","8":"first","9":"instock","10":"taxable","11":"shipping-taxable","12":"purchasable","13":"product-type-simple"},"_links":{"self":[{"href":"https:\/\/www.lotky.fi\/kauppa\/wp-json\/wp\/v2\/product\/2647","targetHints":{"allow":["GET"]}}],"collection":[{"href":"https:\/\/www.lotky.fi\/kauppa\/wp-json\/wp\/v2\/product"}],"about":[{"href":"https:\/\/www.lotky.fi\/kauppa\/wp-json\/wp\/v2\/types\/product"}],"wp:featuredmedia":[{"embeddable":true,"href":"https:\/\/www.lotky.fi\/kauppa\/wp-json\/wp\/v2\/media\/1598"}],"wp:attachment":[{"href":"https:\/\/www.lotky.fi\/kauppa\/wp-json\/wp\/v2\/media?parent=2647"}],"wp:term":[{"taxonomy":"product_brand","embeddable":true,"href":"https:\/\/www.lotky.fi\/kauppa\/wp-json\/wp\/v2\/product_brand?post=2647"},{"taxonomy":"product_cat","embeddable":true,"href":"https:\/\/www.lotky.fi\/kauppa\/wp-json\/wp\/v2\/product_cat?post=2647"},{"taxonomy":"product_tag","embeddable":true,"href":"https:\/\/www.lotky.fi\/kauppa\/wp-json\/wp\/v2\/product_tag?post=2647"}],"curies":[{"name":"wp","href":"https:\/\/api.w.org\/{rel}","templated":true}]}}