{"id":2645,"date":"2023-02-28T11:53:56","date_gmt":"2023-02-28T09:53:56","guid":{"rendered":"https:\/\/www.lotky.fi\/kauppa\/?post_type=product&#038;p=2645"},"modified":"2026-03-31T10:20:34","modified_gmt":"2026-03-31T07:20:34","slug":"neste-allrex-ep-1-180-kg","status":"publish","type":"product","link":"https:\/\/www.lotky.fi\/kauppa\/tuote\/neste-allrex-ep-1-180-kg\/","title":{"rendered":"Neste Allrex EP 1, 180 kg"},"content":{"rendered":"<p>Neste Allrex EP 1 on valmistettu korkealuokkaisesta litiumsaippuasta ja korkealaatuisista mineraaliperus\u00f6ljyist\u00e4. T\u00e4m\u00e4n lis\u00e4ksi Neste Allrex EP 1 sis\u00e4lt\u00e4\u00e4 tehokkaan paineenkesto-, kulumisenesto-, ruosteenesto- ja hapettumisenestolis\u00e4aineistuksen. Neste Allrex EP 1:\u00e4 k\u00e4ytet\u00e4\u00e4n liuku- ja vierint\u00e4laakereissa sek\u00e4 kevyiss\u00e4 ett\u00e4 raskaissa kuormituksissa. Sit\u00e4 voidaan k\u00e4ytt\u00e4\u00e4 sek\u00e4 automatisoiduissa j\u00e4rjestelmiss\u00e4 ett\u00e4 nippavoitelussa.Neste Allrex EP 1 soveltuu erinomaisesti k\u00e4ytett\u00e4v\u00e4ksi ty\u00f6koneiden keskusvoiteluj\u00e4rjestelmiss\u00e4 kes\u00e4aikaan.<\/p>\n<p>SUORITUSKYKYLUOKITUKSET:<br \/>\nISO 6743: ISO-L-XCCFB1<br \/>\nNLGI 1<br \/>\nDIN 51502: KP1K-30<\/p>\n","protected":false},"excerpt":{"rendered":"<p>Neste Allrex EP 1 on valmistettu korkealuokkaisesta litiumsaippuasta ja korkealaatuisista mineraaliperus\u00f6ljyist\u00e4. T\u00e4m\u00e4n lis\u00e4ksi Neste Allrex EP 1 sis\u00e4lt\u00e4\u00e4 tehokkaan paineenkesto-, kulumisenesto-, ruosteenesto- ja hapettumisenestolis\u00e4aineistuksen. Neste Allrex EP 1:\u00e4 k\u00e4ytet\u00e4\u00e4n liuku- ja vierint\u00e4laakereissa sek\u00e4 kevyiss\u00e4 ett\u00e4 raskaissa kuormituksissa. Sit\u00e4 voidaan k\u00e4ytt\u00e4\u00e4 sek\u00e4 automatisoiduissa j\u00e4rjestelmiss\u00e4 ett\u00e4 nippavoitelussa.Neste Allrex EP 1 soveltuu erinomaisesti k\u00e4ytett\u00e4v\u00e4ksi ty\u00f6koneiden keskusvoiteluj\u00e4rjestelmiss\u00e4 kes\u00e4aikaan.<\/p>\n","protected":false},"featured_media":1598,"template":"","meta":[],"product_brand":[],"product_cat":[19],"product_tag":[],"class_list":{"0":"post-2645","1":"product","2":"type-product","3":"status-publish","4":"has-post-thumbnail","6":"product_cat-rasvat","8":"first","9":"instock","10":"taxable","11":"shipping-taxable","12":"purchasable","13":"product-type-simple"},"_links":{"self":[{"href":"https:\/\/www.lotky.fi\/kauppa\/wp-json\/wp\/v2\/product\/2645","targetHints":{"allow":["GET"]}}],"collection":[{"href":"https:\/\/www.lotky.fi\/kauppa\/wp-json\/wp\/v2\/product"}],"about":[{"href":"https:\/\/www.lotky.fi\/kauppa\/wp-json\/wp\/v2\/types\/product"}],"wp:featuredmedia":[{"embeddable":true,"href":"https:\/\/www.lotky.fi\/kauppa\/wp-json\/wp\/v2\/media\/1598"}],"wp:attachment":[{"href":"https:\/\/www.lotky.fi\/kauppa\/wp-json\/wp\/v2\/media?parent=2645"}],"wp:term":[{"taxonomy":"product_brand","embeddable":true,"href":"https:\/\/www.lotky.fi\/kauppa\/wp-json\/wp\/v2\/product_brand?post=2645"},{"taxonomy":"product_cat","embeddable":true,"href":"https:\/\/www.lotky.fi\/kauppa\/wp-json\/wp\/v2\/product_cat?post=2645"},{"taxonomy":"product_tag","embeddable":true,"href":"https:\/\/www.lotky.fi\/kauppa\/wp-json\/wp\/v2\/product_tag?post=2645"}],"curies":[{"name":"wp","href":"https:\/\/api.w.org\/{rel}","templated":true}]}}