{"id":2643,"date":"2023-02-28T11:49:44","date_gmt":"2023-02-28T09:49:44","guid":{"rendered":"https:\/\/www.lotky.fi\/kauppa\/?post_type=product&#038;p=2643"},"modified":"2026-03-31T10:20:48","modified_gmt":"2026-03-31T07:20:48","slug":"neste-allrex-ep-0-180-kg","status":"publish","type":"product","link":"https:\/\/www.lotky.fi\/kauppa\/tuote\/neste-allrex-ep-0-180-kg\/","title":{"rendered":"Neste Allrex EP 0, 180 kg"},"content":{"rendered":"<p>Neste Allrex EP 0 on valmistettu korkealuokkaisesta litiumsaippuasta ja korkealaatuisista mineraaliperus\u00f6ljyist\u00e4. T\u00e4m\u00e4n lis\u00e4ksi Neste Allrex EP 0 sis\u00e4lt\u00e4\u00e4 tehokkaan paineenkesto-, kulumisenesto-, ruosteenesto- ja hapettumisenestolis\u00e4aineistuksen. Neste Allrex EP 0:aa k\u00e4ytet\u00e4\u00e4n liuku- ja vierint\u00e4laakereissa yleens\u00e4 lubrikaattori- tai keskusvoiteluj\u00e4rjestelmiss\u00e4 sek\u00e4 rasvavoidelluissa hammasvaihteissa.<\/p>\n<p>SUORITUSKYKYLUOKITUKSET:<br \/>\nISO 12924: ISO-L-XC(F)CIB0<br \/>\nNLGI 0<br \/>\nDIN 51502: KP0K-30<\/p>\n","protected":false},"excerpt":{"rendered":"<p>Neste Allrex EP 0 on valmistettu korkealuokkaisesta litiumsaippuasta ja korkealaatuisista mineraaliperus\u00f6ljyist\u00e4. T\u00e4m\u00e4n lis\u00e4ksi Neste Allrex EP 0 sis\u00e4lt\u00e4\u00e4 tehokkaan paineenkesto-, kulumisenesto-, ruosteenesto- ja hapettumisenestolis\u00e4aineistuksen. Neste Allrex EP 0:aa k\u00e4ytet\u00e4\u00e4n liuku- ja vierint\u00e4laakereissa yleens\u00e4 lubrikaattori- tai keskusvoiteluj\u00e4rjestelmiss\u00e4 sek\u00e4 rasvavoidelluissa hammasvaihteissa.<\/p>\n","protected":false},"featured_media":1598,"template":"","meta":[],"product_brand":[],"product_cat":[19],"product_tag":[],"class_list":{"0":"post-2643","1":"product","2":"type-product","3":"status-publish","4":"has-post-thumbnail","6":"product_cat-rasvat","8":"first","9":"instock","10":"taxable","11":"shipping-taxable","12":"purchasable","13":"product-type-simple"},"_links":{"self":[{"href":"https:\/\/www.lotky.fi\/kauppa\/wp-json\/wp\/v2\/product\/2643","targetHints":{"allow":["GET"]}}],"collection":[{"href":"https:\/\/www.lotky.fi\/kauppa\/wp-json\/wp\/v2\/product"}],"about":[{"href":"https:\/\/www.lotky.fi\/kauppa\/wp-json\/wp\/v2\/types\/product"}],"wp:featuredmedia":[{"embeddable":true,"href":"https:\/\/www.lotky.fi\/kauppa\/wp-json\/wp\/v2\/media\/1598"}],"wp:attachment":[{"href":"https:\/\/www.lotky.fi\/kauppa\/wp-json\/wp\/v2\/media?parent=2643"}],"wp:term":[{"taxonomy":"product_brand","embeddable":true,"href":"https:\/\/www.lotky.fi\/kauppa\/wp-json\/wp\/v2\/product_brand?post=2643"},{"taxonomy":"product_cat","embeddable":true,"href":"https:\/\/www.lotky.fi\/kauppa\/wp-json\/wp\/v2\/product_cat?post=2643"},{"taxonomy":"product_tag","embeddable":true,"href":"https:\/\/www.lotky.fi\/kauppa\/wp-json\/wp\/v2\/product_tag?post=2643"}],"curies":[{"name":"wp","href":"https:\/\/api.w.org\/{rel}","templated":true}]}}