{"id":264,"date":"2016-05-20T10:34:54","date_gmt":"2016-05-20T07:34:54","guid":{"rendered":"http:\/\/www.lotky.fi\/kauppa\/?post_type=product&#038;p=264"},"modified":"2026-04-01T15:16:48","modified_gmt":"2026-04-01T12:16:48","slug":"mobil-1-synthetic-atf-dexron-iii-208l","status":"publish","type":"product","link":"https:\/\/www.lotky.fi\/kauppa\/tuote\/mobil-1-synthetic-atf-dexron-iii-208l\/","title":{"rendered":"Mobil 1 Synthetic ATF, 208L"},"content":{"rendered":"<div>T\u00e4yssynteettinen automaattivaihteisto\u00f6ljy. T\u00e4ytt\u00e4\u00e4 tai ylitt\u00e4\u00e4 seuraavien spesifikaatioiden vaatimukset:<\/div>\n<div>Ford Mercon V, JASO 1-A. ExxonMobil suosittelee k\u00e4ytt\u00f6kohteisiin, joissa vaaditaan: GM Dexron IIIG\/H,<\/div>\n<div>Dexron IID\/E, Ford Mercon, Voith H55.6335.3X, MAN 339 V1, Volvo 37340\/97341.<\/div>\n<div>\n<div><\/div>\n<div><strong>Tehdastilaustuote, toimitusaika n. 4 viikkoa.<\/strong><\/div>\n<\/div>\n","protected":false},"excerpt":{"rendered":"<p>T\u00e4yssynteettinen automaattivaihteisto\u00f6ljy. T\u00e4ytt\u00e4\u00e4 tai ylitt\u00e4\u00e4 seuraavien spesifikaatioiden vaatimukset: Ford Mercon V, JASO 1-A. ExxonMobil suosittelee k\u00e4ytt\u00f6kohteisiin, joissa vaaditaan: GM Dexron IIIG\/H, Dexron IID\/E, Ford Mercon, Voith H55.6335.3X, MAN 339 V1, Volvo 37340\/97341. Tehdastilaustuote, toimitusaika n. 4 viikkoa.<\/p>\n","protected":false},"featured_media":233,"template":"","meta":[],"product_brand":[],"product_cat":[25],"product_tag":[],"class_list":{"0":"post-264","1":"product","2":"type-product","3":"status-publish","4":"has-post-thumbnail","6":"product_cat-automaattivaihteistooljyt","8":"first","9":"instock","10":"taxable","11":"shipping-taxable","12":"purchasable","13":"product-type-simple"},"_links":{"self":[{"href":"https:\/\/www.lotky.fi\/kauppa\/wp-json\/wp\/v2\/product\/264","targetHints":{"allow":["GET"]}}],"collection":[{"href":"https:\/\/www.lotky.fi\/kauppa\/wp-json\/wp\/v2\/product"}],"about":[{"href":"https:\/\/www.lotky.fi\/kauppa\/wp-json\/wp\/v2\/types\/product"}],"wp:featuredmedia":[{"embeddable":true,"href":"https:\/\/www.lotky.fi\/kauppa\/wp-json\/wp\/v2\/media\/233"}],"wp:attachment":[{"href":"https:\/\/www.lotky.fi\/kauppa\/wp-json\/wp\/v2\/media?parent=264"}],"wp:term":[{"taxonomy":"product_brand","embeddable":true,"href":"https:\/\/www.lotky.fi\/kauppa\/wp-json\/wp\/v2\/product_brand?post=264"},{"taxonomy":"product_cat","embeddable":true,"href":"https:\/\/www.lotky.fi\/kauppa\/wp-json\/wp\/v2\/product_cat?post=264"},{"taxonomy":"product_tag","embeddable":true,"href":"https:\/\/www.lotky.fi\/kauppa\/wp-json\/wp\/v2\/product_tag?post=264"}],"curies":[{"name":"wp","href":"https:\/\/api.w.org\/{rel}","templated":true}]}}