{"id":2639,"date":"2023-02-28T09:56:26","date_gmt":"2023-02-28T07:56:26","guid":{"rendered":"https:\/\/www.lotky.fi\/kauppa\/?post_type=product&#038;p=2639"},"modified":"2026-03-31T10:21:16","modified_gmt":"2026-03-31T07:21:16","slug":"neste-turbo-s5-5w-20-200l","status":"publish","type":"product","link":"https:\/\/www.lotky.fi\/kauppa\/tuote\/neste-turbo-s5-5w-20-200l\/","title":{"rendered":"Neste Turbo+ S5 5W-20, 200L"},"content":{"rendered":"<p>Neste Turbo+ S5 5W-20 on uuden sukupolven matalaviskositeettinen moottori\u00f6ljy, joka on kehitetty erityisesti uusimpiin Scania- ja MAN-ajoneuvoihin. Se on suunniteltu t\u00e4ytt\u00e4m\u00e4\u00e4n vaativimmat pitk\u00e4n vaihtov\u00e4lin \u00f6ljyn vaatimukset. Sen ainutlaatuinen koostumus, joka sis\u00e4lt\u00e4\u00e4 huolella valittua perus\u00f6ljy\u00e4 ja lis\u00e4aineita, tarjoaa paremman suojan \u00f6ljyn hapettumista, leikkauksesta johtuvaa viskositeetin menetyst\u00e4 ja noen aiheuttamaa viskositeetin nousua vastaan. Se sis\u00e4lt\u00e4\u00e4 uuden sukupolven kulumista est\u00e4vi\u00e4 lis\u00e4aineita, jotka on suunniteltu erityisesti alhaisen viskositeetin \u00f6ljyille, mik\u00e4 pident\u00e4\u00e4 merkitt\u00e4v\u00e4sti \u00f6ljynvaihtov\u00e4li\u00e4. \u00d6ljy on erityisesti suunniteltu s\u00e4\u00e4st\u00e4m\u00e4\u00e4n polttoainetta. Se on valmistettu matalan viskositeetin perus\u00f6ljyist\u00e4 ja erikoislis\u00e4aineista, jotka auttavat s\u00e4ilytt\u00e4m\u00e4\u00e4n viskositeettiluokkansa kaikilla vaihtov\u00e4leill\u00e4. Moottori\u00f6ljyn matala viskositeetti v\u00e4hent\u00e4\u00e4 polttoaineen kulutusta ja p\u00e4\u00e4st\u00f6j\u00e4.<\/p>\n<p>HYV\u00c4KSYNN\u00c4T<br \/>\nMAN M 3977<br \/>\nScania LDF-5<\/p>\n","protected":false},"excerpt":{"rendered":"<p>Neste Turbo+ S5 5W-20 on uuden sukupolven matalaviskositeettinen moottori\u00f6ljy, joka on kehitetty erityisesti uusimpiin Scania- ja MAN-ajoneuvoihin. Se on suunniteltu t\u00e4ytt\u00e4m\u00e4\u00e4n vaativimmat pitk\u00e4n vaihtov\u00e4lin \u00f6ljyn vaatimukset. Sen ainutlaatuinen koostumus, joka sis\u00e4lt\u00e4\u00e4 huolella valittua perus\u00f6ljy\u00e4 ja lis\u00e4aineita, tarjoaa paremman suojan \u00f6ljyn hapettumista, leikkauksesta johtuvaa viskositeetin menetyst\u00e4 ja noen aiheuttamaa viskositeetin nousua vastaan. Se sis\u00e4lt\u00e4\u00e4 uuden sukupolven [&hellip;]<\/p>\n","protected":false},"featured_media":1598,"template":"","meta":[],"product_brand":[],"product_cat":[18],"product_tag":[147,71,181,120],"class_list":{"0":"post-2639","1":"product","2":"type-product","3":"status-publish","4":"has-post-thumbnail","6":"product_cat-moottorioljyt-raskas-kalusto","7":"product_tag-euro-6","8":"product_tag-man","9":"product_tag-scania-ldf-5","10":"product_tag-tayssynteettinen","12":"first","13":"instock","14":"taxable","15":"shipping-taxable","16":"purchasable","17":"product-type-simple"},"_links":{"self":[{"href":"https:\/\/www.lotky.fi\/kauppa\/wp-json\/wp\/v2\/product\/2639","targetHints":{"allow":["GET"]}}],"collection":[{"href":"https:\/\/www.lotky.fi\/kauppa\/wp-json\/wp\/v2\/product"}],"about":[{"href":"https:\/\/www.lotky.fi\/kauppa\/wp-json\/wp\/v2\/types\/product"}],"wp:featuredmedia":[{"embeddable":true,"href":"https:\/\/www.lotky.fi\/kauppa\/wp-json\/wp\/v2\/media\/1598"}],"wp:attachment":[{"href":"https:\/\/www.lotky.fi\/kauppa\/wp-json\/wp\/v2\/media?parent=2639"}],"wp:term":[{"taxonomy":"product_brand","embeddable":true,"href":"https:\/\/www.lotky.fi\/kauppa\/wp-json\/wp\/v2\/product_brand?post=2639"},{"taxonomy":"product_cat","embeddable":true,"href":"https:\/\/www.lotky.fi\/kauppa\/wp-json\/wp\/v2\/product_cat?post=2639"},{"taxonomy":"product_tag","embeddable":true,"href":"https:\/\/www.lotky.fi\/kauppa\/wp-json\/wp\/v2\/product_tag?post=2639"}],"curies":[{"name":"wp","href":"https:\/\/api.w.org\/{rel}","templated":true}]}}