{"id":2592,"date":"2023-01-27T11:30:04","date_gmt":"2023-01-27T09:30:04","guid":{"rendered":"https:\/\/www.lotky.fi\/kauppa\/?post_type=product&#038;p=2592"},"modified":"2026-04-07T09:40:51","modified_gmt":"2026-04-07T06:40:51","slug":"tectyl-558-amc-203l","status":"publish","type":"product","link":"https:\/\/www.lotky.fi\/kauppa\/tuote\/tectyl-558-amc-203l\/","title":{"rendered":"Tectyl 558 AMC, 203L"},"content":{"rendered":"<p>Tectyl 558-AMC on meripihkan v\u00e4rinen, liev\u00e4sti tiksotrooppinen, liuotin-\/vahapohjainen korroosionestoaine, joka syrj\u00e4ytt\u00e4\u00e4 hyvin vett\u00e4. Kehitetty tehdastasoisten suljettujen laatikoiden, saumojen, liitosten ja muiden ajoneuvojen korroosioalttiiden rakojen suojaamiseen. Suositellaan pohjustukseksi 2-kerroksissa j\u00e4rjestelmiss\u00e4. Tectyl 558- AMC kuivuu suhteellisen nopeasti, jonka j\u00e4lkeen sen p\u00e4\u00e4lle voidaan ruiskuttaa muita Tectylin tuotteita, kuten esimerkiksi Tectyl 120 ja\/tai Tectyl 120H. Muodostaa kuivuessaan tumman meripihkan v\u00e4risen, l\u00e4pikuultavan, vahamaisen, puolikiinte\u00e4n, hieman tahmean kalvon.<\/p>\n<p>Arvioitu suojauksenkestoaika: Sis\u00e4tiloissa 18 kuukautta.<\/p>\n<p>Varastointi: Varastointil\u00e4mp\u00f6tila +10&#8230;+35\u00b0C. Kevyt sekoittaminen suositeltavaa ennen k\u00e4ytt\u00f6\u00e4. Oikein varastoituna s\u00e4ilytt\u00e4\u00e4 parhaan suorituskyvyn 36 kuukautta valmistusp\u00e4iv\u00e4m\u00e4\u00e4r\u00e4st\u00e4.<\/p>\n<p>Pinnan esik\u00e4sittely: Tuotteen suurin teho saavutetaan, kun suojattava metallipinta on puhdas, ruosteeton, p\u00f6lyt\u00f6n ja kuiva. K\u00e4ytt\u00f6: Tuote on k\u00e4ytt\u00f6valmis, k\u00e4ytt\u00f6ymp\u00e4rist\u00f6n ja tuotteen l\u00e4mp\u00f6tilaksi suositellaan +10&#8230;+35\u00b0C. Levitt\u00e4minen voidaan suorittaa ruiskulla. \u00c4l\u00e4 ohenna tuotetta, ohentaminen heikent\u00e4\u00e4 suorituskyky\u00e4.<\/p>\n<p>Poistaminen: Poistaminen voidaan tehd\u00e4 mineraalit\u00e4rp\u00e4till\u00e4, liuotin-\/lakkabensiinill\u00e4, alkaalisella kuumavesipesulla tai matalapaineisella h\u00f6yrypesulla.<\/p>\n","protected":false},"excerpt":{"rendered":"<p>Tectyl 558-AMC on meripihkan v\u00e4rinen, liev\u00e4sti tiksotrooppinen, liuotin-\/vahapohjainen korroosionestoaine, joka syrj\u00e4ytt\u00e4\u00e4 hyvin vett\u00e4. Kehitetty tehdastasoisten suljettujen laatikoiden, saumojen, liitosten ja muiden ajoneuvojen korroosioalttiiden rakojen suojaamiseen. Suositellaan pohjustukseksi 2-kerroksissa j\u00e4rjestelmiss\u00e4. Tectyl 558- AMC kuivuu suhteellisen nopeasti, jonka j\u00e4lkeen sen p\u00e4\u00e4lle voidaan ruiskuttaa muita Tectylin tuotteita, kuten esimerkiksi Tectyl 120 ja\/tai Tectyl 120H. Muodostaa kuivuessaan tumman meripihkan [&hellip;]<\/p>\n","protected":false},"featured_media":2580,"template":"","meta":[],"product_brand":[],"product_cat":[177],"product_tag":[],"class_list":{"0":"post-2592","1":"product","2":"type-product","3":"status-publish","4":"has-post-thumbnail","6":"product_cat-ruostesuoja-aineet","8":"first","9":"instock","10":"taxable","11":"shipping-taxable","12":"purchasable","13":"product-type-simple"},"_links":{"self":[{"href":"https:\/\/www.lotky.fi\/kauppa\/wp-json\/wp\/v2\/product\/2592","targetHints":{"allow":["GET"]}}],"collection":[{"href":"https:\/\/www.lotky.fi\/kauppa\/wp-json\/wp\/v2\/product"}],"about":[{"href":"https:\/\/www.lotky.fi\/kauppa\/wp-json\/wp\/v2\/types\/product"}],"wp:featuredmedia":[{"embeddable":true,"href":"https:\/\/www.lotky.fi\/kauppa\/wp-json\/wp\/v2\/media\/2580"}],"wp:attachment":[{"href":"https:\/\/www.lotky.fi\/kauppa\/wp-json\/wp\/v2\/media?parent=2592"}],"wp:term":[{"taxonomy":"product_brand","embeddable":true,"href":"https:\/\/www.lotky.fi\/kauppa\/wp-json\/wp\/v2\/product_brand?post=2592"},{"taxonomy":"product_cat","embeddable":true,"href":"https:\/\/www.lotky.fi\/kauppa\/wp-json\/wp\/v2\/product_cat?post=2592"},{"taxonomy":"product_tag","embeddable":true,"href":"https:\/\/www.lotky.fi\/kauppa\/wp-json\/wp\/v2\/product_tag?post=2592"}],"curies":[{"name":"wp","href":"https:\/\/api.w.org\/{rel}","templated":true}]}}