{"id":2588,"date":"2023-01-27T11:20:05","date_gmt":"2023-01-27T09:20:05","guid":{"rendered":"https:\/\/www.lotky.fi\/kauppa\/?post_type=product&#038;p=2588"},"modified":"2026-04-07T09:42:00","modified_gmt":"2026-04-07T06:42:00","slug":"tectyl-120-eh-59l-toimitettuna","status":"publish","type":"product","link":"https:\/\/www.lotky.fi\/kauppa\/tuote\/tectyl-120-eh-59l-toimitettuna\/","title":{"rendered":"Tectyl 120-EH, 59L toimitettuna"},"content":{"rendered":"<p>Tectyl 120-EH (EH = extra heavy), paksumpi kerros yhdell\u00e4 ruiskutuksella. Tectyl 120-EH on t\u00e4yteainepitoinen, liuotinpohjainen, vaha-\/bitumipohjainen, tiksotrooppinen korroosionestoaine. Soveltuu erinomaisesti autojen, kuorma-autojen, linja-autojen, per\u00e4vaunujen, asuntovaunujen, raskaiden rakennuskoneiden ja rahtikonttien alustojen t\u00e4ydelliseen pohjustamiseen. Tectyl 120-EH muodostaa kuivuessaan lujan, pronssinv\u00e4risen, sitke\u00e4n, kulutusta kest\u00e4v\u00e4n kalvon.<\/p>\n<p>Arvioitu suojauksenkestoaika: Sis\u00e4tiloissa 36 kuukautta, ulkotiloissa 21 kuukautta.<\/p>\n<p>Varastointi: Varastointil\u00e4mp\u00f6tila +10&#8230;+35\u00b0C. Kevyt sekoittaminen suositeltavaa ennen k\u00e4ytt\u00f6\u00e4. Oikein varastoituna s\u00e4ilytt\u00e4\u00e4 parhaan suorituskyvyn 24 kuukautta valmistusp\u00e4iv\u00e4m\u00e4\u00e4r\u00e4st\u00e4.<\/p>\n<p>Pinnan esik\u00e4sittely: Tuotteen suurin teho saavutetaan, kun suojattava metallipinta on puhdas, ruosteeton, p\u00f6lyt\u00f6n ja kuiva. V\u00e4lt\u00e4 tuotteen suoraa kosketusta PVC- muovin kanssa.<\/p>\n<p>K\u00e4ytt\u00f6: Tuote on k\u00e4ytt\u00f6valmis, k\u00e4ytt\u00f6ymp\u00e4rist\u00f6n l\u00e4mp\u00f6tilaksi suositellaan +10&#8230;+35\u00b0C. Levitt\u00e4minen voidaan suorittaa ruiskulla tai siveltimell\u00e4.<\/p>\n<p>Poistaminen: Voidaan poistaa mineraalit\u00e4rp\u00e4till\u00e4, liuotin-\/lakkabensiinill\u00e4, alkaalisella kuumavesipesulla, h\u00f6yry\u00e4 k\u00e4ytt\u00e4v\u00e4ll\u00e4 rasvanpoistolla tai matalapaineisella h\u00f6yrypesulla.<\/p>\n","protected":false},"excerpt":{"rendered":"<p>Tectyl 120-EH (EH = extra heavy), paksumpi kerros yhdell\u00e4 ruiskutuksella. Tectyl 120-EH on t\u00e4yteainepitoinen, liuotinpohjainen, vaha-\/bitumipohjainen, tiksotrooppinen korroosionestoaine. Soveltuu erinomaisesti autojen, kuorma-autojen, linja-autojen, per\u00e4vaunujen, asuntovaunujen, raskaiden rakennuskoneiden ja rahtikonttien alustojen t\u00e4ydelliseen pohjustamiseen. Tectyl 120-EH muodostaa kuivuessaan lujan, pronssinv\u00e4risen, sitke\u00e4n, kulutusta kest\u00e4v\u00e4n kalvon. Arvioitu suojauksenkestoaika: Sis\u00e4tiloissa 36 kuukautta, ulkotiloissa 21 kuukautta.<\/p>\n","protected":false},"featured_media":2580,"template":"","meta":[],"product_brand":[],"product_cat":[177],"product_tag":[],"class_list":{"0":"post-2588","1":"product","2":"type-product","3":"status-publish","4":"has-post-thumbnail","6":"product_cat-ruostesuoja-aineet","8":"first","9":"instock","10":"taxable","11":"shipping-taxable","12":"purchasable","13":"product-type-simple"},"_links":{"self":[{"href":"https:\/\/www.lotky.fi\/kauppa\/wp-json\/wp\/v2\/product\/2588","targetHints":{"allow":["GET"]}}],"collection":[{"href":"https:\/\/www.lotky.fi\/kauppa\/wp-json\/wp\/v2\/product"}],"about":[{"href":"https:\/\/www.lotky.fi\/kauppa\/wp-json\/wp\/v2\/types\/product"}],"wp:featuredmedia":[{"embeddable":true,"href":"https:\/\/www.lotky.fi\/kauppa\/wp-json\/wp\/v2\/media\/2580"}],"wp:attachment":[{"href":"https:\/\/www.lotky.fi\/kauppa\/wp-json\/wp\/v2\/media?parent=2588"}],"wp:term":[{"taxonomy":"product_brand","embeddable":true,"href":"https:\/\/www.lotky.fi\/kauppa\/wp-json\/wp\/v2\/product_brand?post=2588"},{"taxonomy":"product_cat","embeddable":true,"href":"https:\/\/www.lotky.fi\/kauppa\/wp-json\/wp\/v2\/product_cat?post=2588"},{"taxonomy":"product_tag","embeddable":true,"href":"https:\/\/www.lotky.fi\/kauppa\/wp-json\/wp\/v2\/product_tag?post=2588"}],"curies":[{"name":"wp","href":"https:\/\/api.w.org\/{rel}","templated":true}]}}