{"id":2582,"date":"2023-01-27T11:06:02","date_gmt":"2023-01-27T09:06:02","guid":{"rendered":"https:\/\/www.lotky.fi\/kauppa\/?post_type=product&#038;p=2582"},"modified":"2026-04-07T09:44:01","modified_gmt":"2026-04-07T06:44:01","slug":"tectyl-502-c-203l","status":"publish","type":"product","link":"https:\/\/www.lotky.fi\/kauppa\/tuote\/tectyl-502-c-203l\/","title":{"rendered":"Tectyl 502-C, 203L"},"content":{"rendered":"<p>Tectyl 502-C on liuotinpohjainen, tummanruskea, pehme\u00e4\u00e4n vahaan\/\u00f6ljyyn pohjautuva korroosionestoaine. Kehitetty suojaamaan rautapitoisia ja raudattomia valmisteita ruostumiselta, sek\u00e4 sis\u00e4varastoissa ett\u00e4 katetuissa varastoissa ja kuljetuksen aikana. Muodostaa kovettuessaan tumman meripihkan v\u00e4risen, l\u00e4pikuultavan, pehme\u00e4n rasvaisen kalvon.<\/p>\n<p>Arvioitu suojauksenkestoaika: Sis\u00e4tiloissa 24 kuukautta, ulkotiloissa 6 kuukautta.<\/p>\n<p>Varastointi: Varastointil\u00e4mp\u00f6tila +10&#8230;+35\u00b0C. Kevyt sekoittaminen suositeltavaa ennen k\u00e4ytt\u00f6\u00e4. Oikein varastoituna s\u00e4ilytt\u00e4\u00e4 parhaan suorituskyvyn 18 kuukautta valmistusp\u00e4iv\u00e4m\u00e4\u00e4r\u00e4st\u00e4.<\/p>\n<p>Pinnan esik\u00e4sittely: Tuotteen suurin teho saavutetaan, kun suojattava metallipinta on puhdas, ruosteeton, p\u00f6lyt\u00f6n ja kuiva. Suora kosketus PVC- muovin kanssa saattaa aiheuttaa yhteensopivuusongelmia, suorita testaus ennen k\u00e4ytt\u00f6\u00e4.<\/p>\n<p>K\u00e4ytt\u00f6: Tuote on k\u00e4ytt\u00f6valmis, k\u00e4ytt\u00f6ymp\u00e4rist\u00f6n ja k\u00e4sitelt\u00e4v\u00e4n pinnan l\u00e4mp\u00f6tilaksi suositellaan +10&#8230;+35\u00b0C. Levitt\u00e4minen voidaan suorittaa ruiskulla tai kastamalla. \u00c4l\u00e4 ohenna tuotetta, ohentaminen heikent\u00e4\u00e4 suorituskyky\u00e4.<\/p>\n<p>Poistaminen: Poistaminen voidaan tehd\u00e4 mineraalit\u00e4rp\u00e4till\u00e4, liuotin-\/lakkabensiinill\u00e4, alkaalisella kuumavesipesulla tai matalapaineisella h\u00f6yrypesulla.<\/p>\n","protected":false},"excerpt":{"rendered":"<p>Tectyl 502-C on liuotinpohjainen, tummanruskea, pehme\u00e4\u00e4n vahaan\/\u00f6ljyyn pohjautuva korroosionestoaine. Kehitetty suojaamaan rautapitoisia ja raudattomia valmisteita ruostumiselta, sek\u00e4 sis\u00e4varastoissa ett\u00e4 katetuissa varastoissa ja kuljetuksen aikana. Muodostaa kovettuessaan tumman meripihkan v\u00e4risen, l\u00e4pikuultavan, pehme\u00e4n rasvaisen kalvon. Arvioitu suojauksenkestoaika: Sis\u00e4tiloissa 24 kuukautta, ulkotiloissa 6 kuukautta. &nbsp;<\/p>\n","protected":false},"featured_media":2580,"template":"","meta":[],"product_brand":[],"product_cat":[177],"product_tag":[],"class_list":{"0":"post-2582","1":"product","2":"type-product","3":"status-publish","4":"has-post-thumbnail","6":"product_cat-ruostesuoja-aineet","8":"first","9":"instock","10":"taxable","11":"shipping-taxable","12":"purchasable","13":"product-type-simple"},"_links":{"self":[{"href":"https:\/\/www.lotky.fi\/kauppa\/wp-json\/wp\/v2\/product\/2582","targetHints":{"allow":["GET"]}}],"collection":[{"href":"https:\/\/www.lotky.fi\/kauppa\/wp-json\/wp\/v2\/product"}],"about":[{"href":"https:\/\/www.lotky.fi\/kauppa\/wp-json\/wp\/v2\/types\/product"}],"wp:featuredmedia":[{"embeddable":true,"href":"https:\/\/www.lotky.fi\/kauppa\/wp-json\/wp\/v2\/media\/2580"}],"wp:attachment":[{"href":"https:\/\/www.lotky.fi\/kauppa\/wp-json\/wp\/v2\/media?parent=2582"}],"wp:term":[{"taxonomy":"product_brand","embeddable":true,"href":"https:\/\/www.lotky.fi\/kauppa\/wp-json\/wp\/v2\/product_brand?post=2582"},{"taxonomy":"product_cat","embeddable":true,"href":"https:\/\/www.lotky.fi\/kauppa\/wp-json\/wp\/v2\/product_cat?post=2582"},{"taxonomy":"product_tag","embeddable":true,"href":"https:\/\/www.lotky.fi\/kauppa\/wp-json\/wp\/v2\/product_tag?post=2582"}],"curies":[{"name":"wp","href":"https:\/\/api.w.org\/{rel}","templated":true}]}}