{"id":2461,"date":"2022-10-31T10:55:27","date_gmt":"2022-10-31T08:55:27","guid":{"rendered":"https:\/\/www.lotky.fi\/kauppa\/?post_type=product&#038;p=2461"},"modified":"2025-07-22T12:46:17","modified_gmt":"2025-07-22T09:46:17","slug":"jaahdytinneste-keltainen-long-life-100-200l","status":"publish","type":"product","link":"https:\/\/www.lotky.fi\/kauppa\/tuote\/jaahdytinneste-keltainen-long-life-100-200l\/","title":{"rendered":"J\u00e4\u00e4hdytinneste Keltainen Long Life 100%, VOLVO VCS. 200L"},"content":{"rendered":"<p>Etyleeniglykolipohjainen tuote, joka ei sis\u00e4ll\u00e4 fosfaatti-, nitriitti- eik\u00e4 silikaattiyhdisteit\u00e4. Uuden patentoidun, orgaanisiin yhdisteisiin perustuvan lis\u00e4aineistuksensa ansiosta keltainen j\u00e4\u00e4hdytinneste antaa huipputason korroosionsuojan moottorin metalli- ja alumiiniosille sek\u00e4 suojaa kavitaatiolta. Vaihtov\u00e4lisuositus on n. 4-5 vuotta huomioiden moottorinvalmistajien omat suositukset j\u00e4\u00e4hdytinnesteille. Sekoita tiiviste 1:1 suhteessa puhtaaseen veteen. Pakkaskesto 1:1 seoksella n. -36\u00b0C.<\/p>\n<div class=\"label\">Hyv\u00e4ksynn\u00e4t<\/div>\n<div class=\"value \">\n<p>AUDI\/VW G12, G12+ &#8211; BMW &#8211; DAIMLER-CHRYSLER &#8211; DETROIT-DIESEL &#8211; DEUTZ &#8211; FORD &#8211; GENERAL MOTORS &#8211; HONDA &#8211; JAGUAR &#8211; KOMATSU &#8211; MACK &#8211; MAN &#8211; MAZDA &#8211; OPEL &#8211; RENAULT &#8211; SAAB &#8211; SCANIA &#8211; SEAT &#8211; SKODA &#8211; STEYR &#8211; TB1451- VOLVO CONSTRUCTION, VOLVO PENTA, VOLVO TRUCKS<\/p>\n<p>Muut standardit ja spesifikaatiot:<\/p>\n<p>AFNOR R 15 601<\/p>\n<p>BS 6580\/92<\/p>\n<p>ASTM D3306\/4340<\/p>\n<p>ASTM D4656\/4985<\/p>\n<p>NATO S-759<\/p>\n<p>SAE J1034<\/p>\n<p>\u00d6NORM V5123<\/p>\n<p>MB 325.3<\/p>\n<p>VOLVO VCS<\/p>\n<\/div>\n","protected":false},"excerpt":{"rendered":"<p>Etyleeniglykolipohjainen tuote, joka ei sis\u00e4ll\u00e4 fosfaatti-, nitriitti- eik\u00e4 silikaattiyhdisteit\u00e4. Uuden patentoidun, orgaanisiin yhdisteisiin perustuvan lis\u00e4aineistuksensa ansiosta keltainen j\u00e4\u00e4hdytinneste antaa huipputason korroosionsuojan moottorin metalli- ja alumiiniosille sek\u00e4 suojaa kavitaatiolta. Vaihtov\u00e4lisuositus on n. 4-5 vuotta huomioiden moottorinvalmistajien omat suositukset j\u00e4\u00e4hdytinnesteille. Sekoita tiiviste 1:1 suhteessa puhtaaseen veteen. Pakkaskesto 1:1 seoksella n. -36\u00b0C.<\/p>\n","protected":false},"featured_media":476,"template":"","meta":[],"product_brand":[],"product_cat":[34],"product_tag":[],"class_list":{"0":"post-2461","1":"product","2":"type-product","3":"status-publish","4":"has-post-thumbnail","6":"product_cat-nesteet-ja-kemikaalit","8":"first","9":"instock","10":"taxable","11":"shipping-taxable","12":"purchasable","13":"product-type-simple"},"_links":{"self":[{"href":"https:\/\/www.lotky.fi\/kauppa\/wp-json\/wp\/v2\/product\/2461","targetHints":{"allow":["GET"]}}],"collection":[{"href":"https:\/\/www.lotky.fi\/kauppa\/wp-json\/wp\/v2\/product"}],"about":[{"href":"https:\/\/www.lotky.fi\/kauppa\/wp-json\/wp\/v2\/types\/product"}],"wp:featuredmedia":[{"embeddable":true,"href":"https:\/\/www.lotky.fi\/kauppa\/wp-json\/wp\/v2\/media\/476"}],"wp:attachment":[{"href":"https:\/\/www.lotky.fi\/kauppa\/wp-json\/wp\/v2\/media?parent=2461"}],"wp:term":[{"taxonomy":"product_brand","embeddable":true,"href":"https:\/\/www.lotky.fi\/kauppa\/wp-json\/wp\/v2\/product_brand?post=2461"},{"taxonomy":"product_cat","embeddable":true,"href":"https:\/\/www.lotky.fi\/kauppa\/wp-json\/wp\/v2\/product_cat?post=2461"},{"taxonomy":"product_tag","embeddable":true,"href":"https:\/\/www.lotky.fi\/kauppa\/wp-json\/wp\/v2\/product_tag?post=2461"}],"curies":[{"name":"wp","href":"https:\/\/api.w.org\/{rel}","templated":true}]}}