{"id":2429,"date":"2022-10-03T12:08:33","date_gmt":"2022-10-03T09:08:33","guid":{"rendered":"https:\/\/www.lotky.fi\/kauppa\/?post_type=product&#038;p=2429"},"modified":"2026-04-02T15:16:17","modified_gmt":"2026-04-02T12:16:17","slug":"valvoline-synpower-mst-c3-5w-40-208l","status":"publish","type":"product","link":"https:\/\/www.lotky.fi\/kauppa\/tuote\/valvoline-synpower-mst-c3-5w-40-208l\/","title":{"rendered":"Valvoline Synpower MST C3 5W-40, 208L"},"content":{"rendered":"<p>Valvoline Synpower MST C3 5w-40 soveltuu k\u00e4ytett\u00e4v\u00e4ksi moottoreissa, kun suosituksena on ACEA C3 tai API SM, SN\/CF SAE 5W-40. Kehitetty Euro 4- ja 5- moottoreille, jotka on varustettu dieselhiukkassuodattimella (DPF) ja\/tai kolmitoimikatalysaattorilla (TWC). Soveltuu CDI- moottoreille pakokaasun j\u00e4lkik\u00e4sittelyj\u00e4rjestelmill\u00e4 ja pitkille jopa 30 000 km vaihtov\u00e4leille.\u00a0 Kehitetty ymp\u00e4rivuotiseen k\u00e4ytt\u00f6\u00f6n uuden teknologian bensiini- ja dieselmoottoreilla varustetuissa henkil\u00f6- ja pakettiautoissa, sek\u00e4 kevyiss\u00e4 kuorma-autoissa.<\/p>\n<p>Luokitukset:<br \/>\nSAE: 5W-40 t\u00e4yssynteettinen<br \/>\nAPI: SM, SN\/CF<br \/>\nACEA: C3<br \/>\nMB 229.31, 229.51, 226.5<br \/>\nBMW LL-04<br \/>\nFiat 9.55535.S2<br \/>\nFord WSS- M2C917-A<br \/>\nGM Dexos 2<br \/>\nPorsche A40<br \/>\nRenault RN0700\/0710<br \/>\nVW 50500\/50501<\/p>\n<p>&nbsp;<\/p>\n","protected":false},"excerpt":{"rendered":"<p>Valvoline Synpower MST C3 5w-40 soveltuu k\u00e4ytett\u00e4v\u00e4ksi moottoreissa, kun suosituksena on ACEA C3 tai API SM, SN\/CF SAE 5W-40. Kehitetty Euro 4- ja 5- moottoreille, jotka on varustettu dieselhiukkassuodattimella (DPF) ja\/tai kolmitoimikatalysaattorilla (TWC). Soveltuu CDI- moottoreille pakokaasun j\u00e4lkik\u00e4sittelyj\u00e4rjestelmill\u00e4 ja pitkille jopa 30 000 km vaihtov\u00e4leille.\u00a0 Kehitetty ymp\u00e4rivuotiseen k\u00e4ytt\u00f6\u00f6n uuden teknologian bensiini- ja dieselmoottoreilla varustetuissa henkil\u00f6- [&hellip;]<\/p>\n","protected":false},"featured_media":472,"template":"","meta":[],"product_brand":[],"product_cat":[17],"product_tag":[],"class_list":{"0":"post-2429","1":"product","2":"type-product","3":"status-publish","4":"has-post-thumbnail","6":"product_cat-moottorioljyt-kevyt-kalusto","8":"first","9":"instock","10":"taxable","11":"shipping-taxable","12":"purchasable","13":"product-type-simple"},"_links":{"self":[{"href":"https:\/\/www.lotky.fi\/kauppa\/wp-json\/wp\/v2\/product\/2429","targetHints":{"allow":["GET"]}}],"collection":[{"href":"https:\/\/www.lotky.fi\/kauppa\/wp-json\/wp\/v2\/product"}],"about":[{"href":"https:\/\/www.lotky.fi\/kauppa\/wp-json\/wp\/v2\/types\/product"}],"wp:featuredmedia":[{"embeddable":true,"href":"https:\/\/www.lotky.fi\/kauppa\/wp-json\/wp\/v2\/media\/472"}],"wp:attachment":[{"href":"https:\/\/www.lotky.fi\/kauppa\/wp-json\/wp\/v2\/media?parent=2429"}],"wp:term":[{"taxonomy":"product_brand","embeddable":true,"href":"https:\/\/www.lotky.fi\/kauppa\/wp-json\/wp\/v2\/product_brand?post=2429"},{"taxonomy":"product_cat","embeddable":true,"href":"https:\/\/www.lotky.fi\/kauppa\/wp-json\/wp\/v2\/product_cat?post=2429"},{"taxonomy":"product_tag","embeddable":true,"href":"https:\/\/www.lotky.fi\/kauppa\/wp-json\/wp\/v2\/product_tag?post=2429"}],"curies":[{"name":"wp","href":"https:\/\/api.w.org\/{rel}","templated":true}]}}