{"id":236,"date":"2016-05-18T15:29:43","date_gmt":"2016-05-18T12:29:43","guid":{"rendered":"http:\/\/www.lotky.fi\/kauppa\/?post_type=product&#038;p=236"},"modified":"2026-04-01T15:33:08","modified_gmt":"2026-04-01T12:33:08","slug":"mobil-delvac-synthetic-transmission-oil-v30-208l","status":"publish","type":"product","link":"https:\/\/www.lotky.fi\/kauppa\/tuote\/mobil-delvac-synthetic-transmission-oil-v30-208l\/","title":{"rendered":"Mobil Delvac 1 Transmission Fluid V30, 208L"},"content":{"rendered":"<div>Mobil Delvac 1 Transmission Fluid V30 on t\u00e4yssynteettinen raskaan kaluston pitk\u00e4n vaihtov\u00e4lin vaihteisto\u00f6ljy. <strong>Tehdastilaustuote, toimitusaika n. 4 viikkoa. <\/strong><\/div>\n<div><\/div>\n<div>T\u00e4ytt\u00e4\u00e4 tai ylitt\u00e4\u00e4 seuraavien spesifikaatioiden vaatimukset:<br \/>\nVolvo 97307\/97318<br \/>\nMAN 341 tyyppi E4<\/div>\n","protected":false},"excerpt":{"rendered":"<p>Mobil Delvac 1 Transmission Fluid V30 on t\u00e4yssynteettinen raskaan kaluston pitk\u00e4n vaihtov\u00e4lin vaihteisto\u00f6ljy. Tehdastilaustuote, toimitusaika n. 4 viikkoa. T\u00e4ytt\u00e4\u00e4 tai ylitt\u00e4\u00e4 seuraavien spesifikaatioiden vaatimukset: Volvo 97307\/97318 MAN 341 tyyppi E4<\/p>\n","protected":false},"featured_media":233,"template":"","meta":[],"product_brand":[],"product_cat":[24],"product_tag":[],"class_list":{"0":"post-236","1":"product","2":"type-product","3":"status-publish","4":"has-post-thumbnail","6":"product_cat-vaihteistooljyt","8":"first","9":"instock","10":"taxable","11":"shipping-taxable","12":"purchasable","13":"product-type-simple"},"_links":{"self":[{"href":"https:\/\/www.lotky.fi\/kauppa\/wp-json\/wp\/v2\/product\/236","targetHints":{"allow":["GET"]}}],"collection":[{"href":"https:\/\/www.lotky.fi\/kauppa\/wp-json\/wp\/v2\/product"}],"about":[{"href":"https:\/\/www.lotky.fi\/kauppa\/wp-json\/wp\/v2\/types\/product"}],"wp:featuredmedia":[{"embeddable":true,"href":"https:\/\/www.lotky.fi\/kauppa\/wp-json\/wp\/v2\/media\/233"}],"wp:attachment":[{"href":"https:\/\/www.lotky.fi\/kauppa\/wp-json\/wp\/v2\/media?parent=236"}],"wp:term":[{"taxonomy":"product_brand","embeddable":true,"href":"https:\/\/www.lotky.fi\/kauppa\/wp-json\/wp\/v2\/product_brand?post=236"},{"taxonomy":"product_cat","embeddable":true,"href":"https:\/\/www.lotky.fi\/kauppa\/wp-json\/wp\/v2\/product_cat?post=236"},{"taxonomy":"product_tag","embeddable":true,"href":"https:\/\/www.lotky.fi\/kauppa\/wp-json\/wp\/v2\/product_tag?post=236"}],"curies":[{"name":"wp","href":"https:\/\/api.w.org\/{rel}","templated":true}]}}