{"id":234,"date":"2016-05-18T15:21:35","date_gmt":"2016-05-18T12:21:35","guid":{"rendered":"http:\/\/www.lotky.fi\/kauppa\/?post_type=product&#038;p=234"},"modified":"2026-04-30T09:41:28","modified_gmt":"2026-04-30T06:41:28","slug":"mobil-delvac-synthetic-gear-oil-sae-75w-90-208l","status":"publish","type":"product","link":"https:\/\/www.lotky.fi\/kauppa\/tuote\/mobil-delvac-synthetic-gear-oil-sae-75w-90-208l\/","title":{"rendered":"Mobil Delvac 1 Gear Oil 75W-90, 208L"},"content":{"rendered":"<div>T\u00e4yssynteettinen vaihteisto- ja vetopy\u00f6r\u00e4st\u00f6-\u00f6ljy. T\u00e4ytt\u00e4\u00e4 tai ylitt\u00e4\u00e4 seuraavien spesifikaatioiden vaatimukset:<\/div>\n<div>API GL-5\/API MT-1<br \/>\nScania STO 1:0, STO 2:0<br \/>\nZF-TE-ML 07A\/08,<\/div>\n<div>ISUZU Axle Oil\/ LCV Front Axle Oil\/ Large Manual Transmission Oil.<\/div>\n<div>SAE J2360<br \/>\nVolvo 97312<br \/>\nArvinMeritor 076-N<br \/>\nMB-Approval 235.8<br \/>\nZF TE-ML 05B\/12B\/16F\/17B\/19C\/21B<br \/>\nInternational TMS-6816<br \/>\nDANA SHAES-256 Rev C\/429<br \/>\nMACK GO-J PLUS<br \/>\nMAN 342 Typ M2<br \/>\nVOITH TURBO 3.325-340 \/ 3.325-342<br \/>\nFlender BA 7302 Table R1<\/div>\n<div>ExxonMobil suosittelee k\u00e4ytt\u00f6kohteisiin, joissa vaaditaan: Eaton PS 163, MIL-PRF-2105E (laatutaso, ei hyv\u00e4ksytty).<\/div>\n","protected":false},"excerpt":{"rendered":"<p>T\u00e4yssynteettinen vaihteisto- ja vetopy\u00f6r\u00e4st\u00f6-\u00f6ljy. T\u00e4ytt\u00e4\u00e4 tai ylitt\u00e4\u00e4 seuraavien spesifikaatioiden vaatimukset: API GL-5<\/p>\n","protected":false},"featured_media":233,"template":"","meta":[],"product_brand":[],"product_cat":[24],"product_tag":[],"class_list":{"0":"post-234","1":"product","2":"type-product","3":"status-publish","4":"has-post-thumbnail","6":"product_cat-vaihteistooljyt","8":"first","9":"instock","10":"taxable","11":"shipping-taxable","12":"purchasable","13":"product-type-simple"},"_links":{"self":[{"href":"https:\/\/www.lotky.fi\/kauppa\/wp-json\/wp\/v2\/product\/234","targetHints":{"allow":["GET"]}}],"collection":[{"href":"https:\/\/www.lotky.fi\/kauppa\/wp-json\/wp\/v2\/product"}],"about":[{"href":"https:\/\/www.lotky.fi\/kauppa\/wp-json\/wp\/v2\/types\/product"}],"wp:featuredmedia":[{"embeddable":true,"href":"https:\/\/www.lotky.fi\/kauppa\/wp-json\/wp\/v2\/media\/233"}],"wp:attachment":[{"href":"https:\/\/www.lotky.fi\/kauppa\/wp-json\/wp\/v2\/media?parent=234"}],"wp:term":[{"taxonomy":"product_brand","embeddable":true,"href":"https:\/\/www.lotky.fi\/kauppa\/wp-json\/wp\/v2\/product_brand?post=234"},{"taxonomy":"product_cat","embeddable":true,"href":"https:\/\/www.lotky.fi\/kauppa\/wp-json\/wp\/v2\/product_cat?post=234"},{"taxonomy":"product_tag","embeddable":true,"href":"https:\/\/www.lotky.fi\/kauppa\/wp-json\/wp\/v2\/product_tag?post=234"}],"curies":[{"name":"wp","href":"https:\/\/api.w.org\/{rel}","templated":true}]}}