{"id":2299,"date":"2022-07-05T16:11:17","date_gmt":"2022-07-05T13:11:17","guid":{"rendered":"https:\/\/www.lotky.fi\/kauppa\/?post_type=product&#038;p=2299"},"modified":"2025-03-24T10:19:47","modified_gmt":"2025-03-24T08:19:47","slug":"castrol-gtx-5w-30-a5-b5-208l","status":"publish","type":"product","link":"https:\/\/www.lotky.fi\/kauppa\/tuote\/castrol-gtx-5w-30-a5-b5-208l\/","title":{"rendered":"Castrol GTX 5W-30 A5\/B5, 208L"},"content":{"rendered":"<div class=\"value \">Castrol GTX 5W-30 A5\/B5 soveltuu k\u00e4ytett\u00e4v\u00e4ksi bensiini- ja dieselmoottoreissa, joihin valmistaja suosittelee ACEA A5\/B5, API SL, ILSAC GF-4 tai aikaisemman luokituksen mukaista 5W-30 viskositeetin voiteluainetta.<\/div>\n<p>Luokitukset:<\/p>\n<div class=\"value \">\n<div class=\"value \">\n<div class=\"value \">\n<p>ACEA A5\/B5<br \/>\nAPI SL<br \/>\nILSAC GF-4<br \/>\nFord WSS-M2C913-A\/ WSS-M2C913-B\/ WSS-M2C913-C\/ WSS-M2C913-D<\/p>\n<\/div>\n<\/div>\n<\/div>\n","protected":false},"excerpt":{"rendered":"<p>Castrol GTX 5W-30 A5\/B5 soveltuu k\u00e4ytett\u00e4v\u00e4ksi bensiini- ja dieselmoottoreissa, joihin valmistaja suosittelee ACEA A5\/B5, API SL, ILSAC GF-4 tai aikaisemman luokituksen mukaista 5W-30 viskositeetin voiteluainetta.<\/p>\n","protected":false},"featured_media":699,"template":"","meta":[],"product_brand":[],"product_cat":[17],"product_tag":[],"class_list":{"0":"post-2299","1":"product","2":"type-product","3":"status-publish","4":"has-post-thumbnail","6":"product_cat-moottorioljyt-kevyt-kalusto","8":"first","9":"instock","10":"taxable","11":"shipping-taxable","12":"purchasable","13":"product-type-simple"},"_links":{"self":[{"href":"https:\/\/www.lotky.fi\/kauppa\/wp-json\/wp\/v2\/product\/2299","targetHints":{"allow":["GET"]}}],"collection":[{"href":"https:\/\/www.lotky.fi\/kauppa\/wp-json\/wp\/v2\/product"}],"about":[{"href":"https:\/\/www.lotky.fi\/kauppa\/wp-json\/wp\/v2\/types\/product"}],"wp:featuredmedia":[{"embeddable":true,"href":"https:\/\/www.lotky.fi\/kauppa\/wp-json\/wp\/v2\/media\/699"}],"wp:attachment":[{"href":"https:\/\/www.lotky.fi\/kauppa\/wp-json\/wp\/v2\/media?parent=2299"}],"wp:term":[{"taxonomy":"product_brand","embeddable":true,"href":"https:\/\/www.lotky.fi\/kauppa\/wp-json\/wp\/v2\/product_brand?post=2299"},{"taxonomy":"product_cat","embeddable":true,"href":"https:\/\/www.lotky.fi\/kauppa\/wp-json\/wp\/v2\/product_cat?post=2299"},{"taxonomy":"product_tag","embeddable":true,"href":"https:\/\/www.lotky.fi\/kauppa\/wp-json\/wp\/v2\/product_tag?post=2299"}],"curies":[{"name":"wp","href":"https:\/\/api.w.org\/{rel}","templated":true}]}}