{"id":2297,"date":"2022-07-05T16:06:10","date_gmt":"2022-07-05T13:06:10","guid":{"rendered":"https:\/\/www.lotky.fi\/kauppa\/?post_type=product&#038;p=2297"},"modified":"2026-04-24T11:02:49","modified_gmt":"2026-04-24T08:02:49","slug":"castrol-gtx-ultraclean-10w-40-a3-b4-208l","status":"publish","type":"product","link":"https:\/\/www.lotky.fi\/kauppa\/tuote\/castrol-gtx-ultraclean-10w-40-a3-b4-208l\/","title":{"rendered":"Castrol GTX 10W-40 A3\/B4, 208L"},"content":{"rendered":"<div class=\"value \">Castrol GTX 10W-40 A3\/B4 soveltuu k\u00e4ytett\u00e4v\u00e4ksi autojen bensiini- ja dieselmoottoreissa, joissa valmistaja suosittelee ACEA A3\/B4, A3\/B3, API SL\/CF tai aiempien hyv\u00e4ksyntien 10W-40 voiteluainetta.<\/div>\n<p>Luokitukset:<\/p>\n<div class=\"value \">\n<div class=\"value \">\n<div>ACEA A3\/B3, A3\/B4<\/div>\n<div>API SL\/CF<\/div>\n<div>Meets &#8211; Fiat 9.55535-D2\/G2<\/div>\n<div>MB-Approval 229.1<\/div>\n<div>VW 501 01\/ 505 00<\/div>\n<\/div>\n<\/div>\n","protected":false},"excerpt":{"rendered":"<p>Castrol GTX 10W-40 A3\/B4 soveltuu k\u00e4ytett\u00e4v\u00e4ksi autojen bensiini- ja dieselmoottoreissa, joissa valmistaja suosittelee ACEA A3\/B4, A3\/B3, API SL\/CF tai aiempien hyv\u00e4ksyntien 10W-40 voiteluainetta.<\/p>\n","protected":false},"featured_media":699,"template":"","meta":[],"product_brand":[],"product_cat":[17],"product_tag":[],"class_list":{"0":"post-2297","1":"product","2":"type-product","3":"status-publish","4":"has-post-thumbnail","6":"product_cat-moottorioljyt-kevyt-kalusto","8":"first","9":"instock","10":"taxable","11":"shipping-taxable","12":"purchasable","13":"product-type-simple"},"_links":{"self":[{"href":"https:\/\/www.lotky.fi\/kauppa\/wp-json\/wp\/v2\/product\/2297","targetHints":{"allow":["GET"]}}],"collection":[{"href":"https:\/\/www.lotky.fi\/kauppa\/wp-json\/wp\/v2\/product"}],"about":[{"href":"https:\/\/www.lotky.fi\/kauppa\/wp-json\/wp\/v2\/types\/product"}],"wp:featuredmedia":[{"embeddable":true,"href":"https:\/\/www.lotky.fi\/kauppa\/wp-json\/wp\/v2\/media\/699"}],"wp:attachment":[{"href":"https:\/\/www.lotky.fi\/kauppa\/wp-json\/wp\/v2\/media?parent=2297"}],"wp:term":[{"taxonomy":"product_brand","embeddable":true,"href":"https:\/\/www.lotky.fi\/kauppa\/wp-json\/wp\/v2\/product_brand?post=2297"},{"taxonomy":"product_cat","embeddable":true,"href":"https:\/\/www.lotky.fi\/kauppa\/wp-json\/wp\/v2\/product_cat?post=2297"},{"taxonomy":"product_tag","embeddable":true,"href":"https:\/\/www.lotky.fi\/kauppa\/wp-json\/wp\/v2\/product_tag?post=2297"}],"curies":[{"name":"wp","href":"https:\/\/api.w.org\/{rel}","templated":true}]}}