{"id":2290,"date":"2022-07-05T15:41:07","date_gmt":"2022-07-05T12:41:07","guid":{"rendered":"https:\/\/www.lotky.fi\/kauppa\/?post_type=product&#038;p=2290"},"modified":"2025-01-09T10:17:32","modified_gmt":"2025-01-09T08:17:32","slug":"castrol-hyspin-hvi-32-208-l","status":"publish","type":"product","link":"https:\/\/www.lotky.fi\/kauppa\/tuote\/castrol-hyspin-hvi-32-208-l\/","title":{"rendered":"Castrol Hyspin HVI 32, 208 L"},"content":{"rendered":"<div>Castrol Hyspin HVI 32 on korkean viskositeetti-indeksin omaava sinkit\u00f6n hydrauliikka\u00f6ljy. Suunniteltu ylitt\u00e4m\u00e4\u00e4n korkeimmatkin vaatimukset.<br \/>\n<strong><br \/>\n<\/strong><\/div>\n<p>Luokitukset ja soveltuvuudet:<\/p>\n<div>\n<div>ISO VG 32<br \/>\nDIN 51502 classification &#8211; HVLP<br \/>\nISO 6743\/4 &#8211; Hydraulic Oils Type HV<br \/>\nDIN 51524 Part 3<br \/>\nCincinnati Lamb (Milacron) P 68-69-70<br \/>\nDenison (Parker Hannafin) HF-0<br \/>\nUS Steel 126 &amp; 127<br \/>\nEaton I-286-S &amp; M-2950-S<br \/>\nFrank Mohn<\/div>\n<\/div>\n","protected":false},"excerpt":{"rendered":"<p>Castrol Hyspin HVI 32 on korkean viskositeetti-indeksin omaava sinkit\u00f6n hydrauliikka\u00f6ljy. Suunniteltu ylitt\u00e4m\u00e4\u00e4n korkeimmatkin vaatimukset.<\/p>\n","protected":false},"featured_media":699,"template":"","meta":[],"product_brand":[],"product_cat":[6],"product_tag":[],"class_list":{"0":"post-2290","1":"product","2":"type-product","3":"status-publish","4":"has-post-thumbnail","6":"product_cat-hydrauliikkaoljyt","8":"first","9":"instock","10":"taxable","11":"shipping-taxable","12":"purchasable","13":"product-type-simple"},"_links":{"self":[{"href":"https:\/\/www.lotky.fi\/kauppa\/wp-json\/wp\/v2\/product\/2290","targetHints":{"allow":["GET"]}}],"collection":[{"href":"https:\/\/www.lotky.fi\/kauppa\/wp-json\/wp\/v2\/product"}],"about":[{"href":"https:\/\/www.lotky.fi\/kauppa\/wp-json\/wp\/v2\/types\/product"}],"wp:featuredmedia":[{"embeddable":true,"href":"https:\/\/www.lotky.fi\/kauppa\/wp-json\/wp\/v2\/media\/699"}],"wp:attachment":[{"href":"https:\/\/www.lotky.fi\/kauppa\/wp-json\/wp\/v2\/media?parent=2290"}],"wp:term":[{"taxonomy":"product_brand","embeddable":true,"href":"https:\/\/www.lotky.fi\/kauppa\/wp-json\/wp\/v2\/product_brand?post=2290"},{"taxonomy":"product_cat","embeddable":true,"href":"https:\/\/www.lotky.fi\/kauppa\/wp-json\/wp\/v2\/product_cat?post=2290"},{"taxonomy":"product_tag","embeddable":true,"href":"https:\/\/www.lotky.fi\/kauppa\/wp-json\/wp\/v2\/product_tag?post=2290"}],"curies":[{"name":"wp","href":"https:\/\/api.w.org\/{rel}","templated":true}]}}