{"id":2263,"date":"2022-06-02T15:57:48","date_gmt":"2022-06-02T12:57:48","guid":{"rendered":"https:\/\/www.lotky.fi\/kauppa\/?post_type=product&#038;p=2263"},"modified":"2026-04-02T15:13:11","modified_gmt":"2026-04-02T12:13:11","slug":"valvoline-heavy-duty-axle-oil-85w-140-208l","status":"publish","type":"product","link":"https:\/\/www.lotky.fi\/kauppa\/tuote\/valvoline-heavy-duty-axle-oil-85w-140-208l\/","title":{"rendered":"Valvoline Heavy Duty Axle Oil 85W-140, 208L"},"content":{"rendered":"<p>Mineraali\u00f6ljypohjainen Valvoline Heavy Duty Axle Oil 85W-140 soveltuu k\u00e4ytett\u00e4v\u00e4ksi kuorma- ja linja-autojen sek\u00e4 neliveto-pakettiautojen tasauspy\u00f6r\u00e4st\u00f6ihin ja vaihteisto-\/vetopy\u00f6r\u00e4st\u00f6ihin, kun suosituksena on API GL-5 SAE 85W-140. Viskositeetti soveltuu my\u00f6s maatalous- ja maansiirtokoneisiin. Ei sovellu kitkalukolla varustettuihin vetopy\u00f6r\u00e4st\u00f6ihin (Limited Slip differentials). Voimakkaasti EP-lis\u00e4aineistettu akselisto\u00f6ljy, joka soveltuu vetopy\u00f6r\u00e4st\u00f6ihin ja -vaihteistoihin, joissa on suuret nopeudet, kuormat ja l\u00e4mp\u00f6tilat.<\/p>\n<p>Luokitukset:<\/p>\n<p>SAE: 85w-140 t\u00e4yssynteettinen<br \/>\nAPI GL-5<br \/>\nZF TE-ML 07A, 08<\/p>\n","protected":false},"excerpt":{"rendered":"<p>Mineraali\u00f6ljypohjainen Valvoline Heavy Duty Axle Oil 85W-140 soveltuu k\u00e4ytett\u00e4v\u00e4ksi kuorma- ja linja-autojen sek\u00e4 neliveto-pakettiautojen tasauspy\u00f6r\u00e4st\u00f6ihin ja vaihteisto-\/vetopy\u00f6r\u00e4st\u00f6ihin, kun suosituksena on API GL-5 SAE 85W-140. Viskositeetti soveltuu my\u00f6s maatalous- ja maansiirtokoneisiin. Ei sovellu kitkalukolla varustettuihin vetopy\u00f6r\u00e4st\u00f6ihin (Limited Slip differentials). Voimakkaasti EP-lis\u00e4aineistettu akselisto\u00f6ljy, joka soveltuu vetopy\u00f6r\u00e4st\u00f6ihin ja -vaihteistoihin, joissa on suuret nopeudet, kuormat ja l\u00e4mp\u00f6tilat.<\/p>\n","protected":false},"featured_media":472,"template":"","meta":[],"product_brand":[],"product_cat":[24],"product_tag":[],"class_list":{"0":"post-2263","1":"product","2":"type-product","3":"status-publish","4":"has-post-thumbnail","6":"product_cat-vaihteistooljyt","8":"first","9":"instock","10":"taxable","11":"shipping-taxable","12":"purchasable","13":"product-type-simple"},"_links":{"self":[{"href":"https:\/\/www.lotky.fi\/kauppa\/wp-json\/wp\/v2\/product\/2263","targetHints":{"allow":["GET"]}}],"collection":[{"href":"https:\/\/www.lotky.fi\/kauppa\/wp-json\/wp\/v2\/product"}],"about":[{"href":"https:\/\/www.lotky.fi\/kauppa\/wp-json\/wp\/v2\/types\/product"}],"wp:featuredmedia":[{"embeddable":true,"href":"https:\/\/www.lotky.fi\/kauppa\/wp-json\/wp\/v2\/media\/472"}],"wp:attachment":[{"href":"https:\/\/www.lotky.fi\/kauppa\/wp-json\/wp\/v2\/media?parent=2263"}],"wp:term":[{"taxonomy":"product_brand","embeddable":true,"href":"https:\/\/www.lotky.fi\/kauppa\/wp-json\/wp\/v2\/product_brand?post=2263"},{"taxonomy":"product_cat","embeddable":true,"href":"https:\/\/www.lotky.fi\/kauppa\/wp-json\/wp\/v2\/product_cat?post=2263"},{"taxonomy":"product_tag","embeddable":true,"href":"https:\/\/www.lotky.fi\/kauppa\/wp-json\/wp\/v2\/product_tag?post=2263"}],"curies":[{"name":"wp","href":"https:\/\/api.w.org\/{rel}","templated":true}]}}