{"id":2259,"date":"2022-06-02T12:17:58","date_gmt":"2022-06-02T09:17:58","guid":{"rendered":"https:\/\/www.lotky.fi\/kauppa\/?post_type=product&#038;p=2259"},"modified":"2025-01-09T10:30:29","modified_gmt":"2025-01-09T08:30:29","slug":"valvoline-ultramax-hlp-100-208l","status":"publish","type":"product","link":"https:\/\/www.lotky.fi\/kauppa\/tuote\/valvoline-ultramax-hlp-100-208l\/","title":{"rendered":"Valvoline Ultramax HLP 100, 208L"},"content":{"rendered":"<p>Valvoline Ultramax HLP 100 on mineraaliperustainen hydrauliikka\u00f6ljy. K\u00e4ytt\u00f6kohteet: sis\u00e4tiloissa (tehtaat ja varastot) tai ulkona kun kohteessa muuten ei ole suuria lyhytaikaisia l\u00e4mp\u00f6tilavaihteluja. Lis\u00e4aineistus ehk\u00e4isee korroosiota ja kulumista, \u00f6ljyn hapettumista ja vaahtoamista.<\/p>\n<p>Luokitukset:<\/p>\n<p>ISO VG 100<br \/>\nDIN 51524 (part 2)<br \/>\nHLP<br \/>\nASTM D6158 HM (2005)<br \/>\nBosh Rexroth RDE 90240<br \/>\nEaton brochure 03-401-2010<br \/>\nFives Cincinnati P-68, P-69, P-70<br \/>\nGeneral Motors LS2 (2004)<br \/>\nISO 11158 HM (FDIS 2008)<br \/>\nJCMAS HK P041 (2004)<br \/>\nParker Denison HF-0 (Revision J)<br \/>\nSEB 181 222 (207)<br \/>\nUS Steel 126, 127, 136<\/p>\n","protected":false},"excerpt":{"rendered":"<p>Valvoline Ultramax HLP 100 on mineraaliperustainen hydrauliikka\u00f6ljy. K\u00e4ytt\u00f6kohteet: sis\u00e4tiloissa (tehtaat ja varastot) tai ulkona kun kohteessa muuten ei ole suuria lyhytaikaisia l\u00e4mp\u00f6tilavaihteluja. Lis\u00e4aineistus ehk\u00e4isee korroosiota ja kulumista, \u00f6ljyn hapettumista ja vaahtoamista.<\/p>\n","protected":false},"featured_media":472,"template":"","meta":[],"product_brand":[],"product_cat":[6],"product_tag":[],"class_list":{"0":"post-2259","1":"product","2":"type-product","3":"status-publish","4":"has-post-thumbnail","6":"product_cat-hydrauliikkaoljyt","8":"first","9":"instock","10":"taxable","11":"shipping-taxable","12":"purchasable","13":"product-type-simple"},"_links":{"self":[{"href":"https:\/\/www.lotky.fi\/kauppa\/wp-json\/wp\/v2\/product\/2259","targetHints":{"allow":["GET"]}}],"collection":[{"href":"https:\/\/www.lotky.fi\/kauppa\/wp-json\/wp\/v2\/product"}],"about":[{"href":"https:\/\/www.lotky.fi\/kauppa\/wp-json\/wp\/v2\/types\/product"}],"wp:featuredmedia":[{"embeddable":true,"href":"https:\/\/www.lotky.fi\/kauppa\/wp-json\/wp\/v2\/media\/472"}],"wp:attachment":[{"href":"https:\/\/www.lotky.fi\/kauppa\/wp-json\/wp\/v2\/media?parent=2259"}],"wp:term":[{"taxonomy":"product_brand","embeddable":true,"href":"https:\/\/www.lotky.fi\/kauppa\/wp-json\/wp\/v2\/product_brand?post=2259"},{"taxonomy":"product_cat","embeddable":true,"href":"https:\/\/www.lotky.fi\/kauppa\/wp-json\/wp\/v2\/product_cat?post=2259"},{"taxonomy":"product_tag","embeddable":true,"href":"https:\/\/www.lotky.fi\/kauppa\/wp-json\/wp\/v2\/product_tag?post=2259"}],"curies":[{"name":"wp","href":"https:\/\/api.w.org\/{rel}","templated":true}]}}