{"id":2255,"date":"2022-06-02T11:41:26","date_gmt":"2022-06-02T08:41:26","guid":{"rendered":"https:\/\/www.lotky.fi\/kauppa\/?post_type=product&#038;p=2255"},"modified":"2026-04-02T15:11:57","modified_gmt":"2026-04-02T12:11:57","slug":"valvoline-profleet-ls-f-5w-30-208l","status":"publish","type":"product","link":"https:\/\/www.lotky.fi\/kauppa\/tuote\/valvoline-profleet-ls-f-5w-30-208l\/","title":{"rendered":"Valvoline ProFleet LS-F 5W-30, 208L"},"content":{"rendered":"<p>Valvoline ProFleet LS-F 5W-30 on MB 228.61 OEM- hyv\u00e4ksytty moottori\u00f6ljy. Soveltuu k\u00e4ytett\u00e4v\u00e4ksi moottoreissa, kun vaaditaan on API FA-4 ja\/tai MB 228.61. Kehitetty erityisesti t\u00e4ytt\u00e4m\u00e4\u00e4n Euro-p\u00e4\u00e4st\u00f6luokat ja suojaamaan j\u00e4lkik\u00e4sittely laitteistot. T\u00e4ytt\u00e4\u00e4 suurimpien moottorivalmistajien Ultra High Performance Diesel (UHPD) vaatimukset. Tarjoaa suojaa pakokaasujen j\u00e4lleenk\u00e4sittelyj\u00e4rjestelm\u00e4t, kuten pakokaasujen takaisin kierr\u00e4tysventtiili (EGR), katalysaatit ja diesel hiukkassuodatin (DPF). Sopii moottoreihin joihin vaaditaan API: FA-4, <strong>HUOM! Ei ole takaisinp\u00e4in yhteensopiva API CK-4, CJ-4, CI-4 tai CH-4 -luokituksien kanssa! Tehdastilaus, toimitusaika 2-4 viikkoa. <\/strong><\/p>\n<p>SAE 5W-30 t\u00e4yssynteettinen<br \/>\nAPI: FA-4, SN<br \/>\nMB 228.61<br \/>\nCummins 20087<br \/>\nJASO DH-2<br \/>\nDetroit Diesel 93K223<\/p>\n","protected":false},"excerpt":{"rendered":"<p>Valvoline ProFleet LS-F 5W-30 on MB 228.61 OEM- hyv\u00e4ksytty moottori\u00f6ljy. Soveltuu k\u00e4ytett\u00e4v\u00e4ksi moottoreissa, kun vaaditaan on API FA-4 ja\/tai MB 228.61. Kehitetty erityisesti t\u00e4ytt\u00e4m\u00e4\u00e4n Euro-p\u00e4\u00e4st\u00f6luokat ja suojaamaan j\u00e4lkik\u00e4sittely laitteistot. T\u00e4ytt\u00e4\u00e4 suurimpien moottorivalmistajien Ultra High Performance Diesel (UHPD) vaatimukset. Tarjoaa suojaa pakokaasujen j\u00e4lleenk\u00e4sittelyj\u00e4rjestelm\u00e4t, kuten pakokaasujen takaisin kierr\u00e4tysventtiili (EGR), katalysaatit ja diesel hiukkassuodatin (DPF). Sopii moottoreihin joihin [&hellip;]<\/p>\n","protected":false},"featured_media":472,"template":"","meta":[],"product_brand":[],"product_cat":[18],"product_tag":[178],"class_list":{"0":"post-2255","1":"product","2":"type-product","3":"status-publish","4":"has-post-thumbnail","6":"product_cat-moottorioljyt-raskas-kalusto","7":"product_tag-volvo-vds-5","9":"first","10":"instock","11":"taxable","12":"shipping-taxable","13":"purchasable","14":"product-type-simple"},"_links":{"self":[{"href":"https:\/\/www.lotky.fi\/kauppa\/wp-json\/wp\/v2\/product\/2255","targetHints":{"allow":["GET"]}}],"collection":[{"href":"https:\/\/www.lotky.fi\/kauppa\/wp-json\/wp\/v2\/product"}],"about":[{"href":"https:\/\/www.lotky.fi\/kauppa\/wp-json\/wp\/v2\/types\/product"}],"wp:featuredmedia":[{"embeddable":true,"href":"https:\/\/www.lotky.fi\/kauppa\/wp-json\/wp\/v2\/media\/472"}],"wp:attachment":[{"href":"https:\/\/www.lotky.fi\/kauppa\/wp-json\/wp\/v2\/media?parent=2255"}],"wp:term":[{"taxonomy":"product_brand","embeddable":true,"href":"https:\/\/www.lotky.fi\/kauppa\/wp-json\/wp\/v2\/product_brand?post=2255"},{"taxonomy":"product_cat","embeddable":true,"href":"https:\/\/www.lotky.fi\/kauppa\/wp-json\/wp\/v2\/product_cat?post=2255"},{"taxonomy":"product_tag","embeddable":true,"href":"https:\/\/www.lotky.fi\/kauppa\/wp-json\/wp\/v2\/product_tag?post=2255"}],"curies":[{"name":"wp","href":"https:\/\/api.w.org\/{rel}","templated":true}]}}