{"id":2251,"date":"2022-06-02T11:33:15","date_gmt":"2022-06-02T08:33:15","guid":{"rendered":"https:\/\/www.lotky.fi\/kauppa\/?post_type=product&#038;p=2251"},"modified":"2026-04-02T14:39:04","modified_gmt":"2026-04-02T11:39:04","slug":"valvoline-profleet-ls-10w-40-208l","status":"publish","type":"product","link":"https:\/\/www.lotky.fi\/kauppa\/tuote\/valvoline-profleet-ls-10w-40-208l\/","title":{"rendered":"Valvoline ProFleet LS Plus 10W-40, 208L"},"content":{"rendered":"<p>Valvoline ProFleet LS Plus 10W-40 on\u00a0 ensiluokkainen raskaaseen k\u00e4ytt\u00f6\u00f6n tarkoitettu moottori\u00f6ljy. ProFleet LS Plus 10W-40 on suunniteltu k\u00e4ytett\u00e4v\u00e4ksi uusimmissa v\u00e4h\u00e4p\u00e4\u00e4st\u00f6isiss\u00e4 dieselmoottoreissa. \u00d6ljy antaa moottorille tehokkaan suojan kulumista ja korroosiota vastaan ja sill\u00e4 on tehokas puhtaanapitokyky, jonka ansioista se sopii k\u00e4ytett\u00e4v\u00e4ksi pitkill\u00e4 \u00f6ljynvaihtov\u00e4leill\u00e4. \u00d6ljyn Low-SAPS-lis\u00e4aineistus auttaa s\u00e4ilytt\u00e4m\u00e4\u00e4n pakokaasujen j\u00e4lkik\u00e4sittelyj\u00e4rjestelmien toimintatehon ja siten v\u00e4hent\u00e4\u00e4 moottorin tuottamia p\u00e4\u00e4st\u00f6j\u00e4. \u00d6ljy on suunniteltu erityisesti Euro VI -moottoreille, joissa on pakokaasujen j\u00e4lkik\u00e4sittelyj\u00e4rjestelm\u00e4t (SCR, EGR, DPF) ja valmistaja edellytt\u00e4\u00e4 UHPD-\u00f6ljy\u00e4 (Ultra High Perfomance Diesel). SAE 10W-40-viskositeettluokan \u00f6ljy soveltuu erinomaisesti moottoreihin, joissa k\u00e4yntil\u00e4mp\u00f6tila on tyypillisesti korkea. \u00d6ljy soveltuu k\u00e4ytett\u00e4v\u00e4ksi my\u00f6s vanhemmissa moottoreissa.<\/p>\n<p>Luokitukset:<\/p>\n<p>SAE 10W-40<br \/>\nAPI: CK-4, CJ-4, CI-4 PLUS, CI-4, CH-4\/SN<br \/>\nACEA: E8, E11<br \/>\nCaterpillar ECF-3, ECF-2<br \/>\nCummins CES 20086, 20081<br \/>\nDaimler Truck 15C100 (MB 228.31)<br \/>\nDetroit Diesel DDC 93K222<br \/>\nJASO DH-2, DH-1<br \/>\nMTU type 3.1, type 2.1<br \/>\nVoith Class B<br \/>\nVolvo VDS-4.5, VDS-4, VDS-3<br \/>\nDaimler Truck DTFR 15C120 (MB 228.52), 15C110 (MB 228.51)<br \/>\nDeutz DQC IV-18 LA<br \/>\nMack EOS-4.5<br \/>\nMAN M3775<br \/>\nRenault RLD-3<\/p>\n","protected":false},"excerpt":{"rendered":"<p>Valvoline ProFleet LS Plus 10W-40 on\u00a0 ensiluokkainen raskaaseen k\u00e4ytt\u00f6\u00f6n tarkoitettu moottori\u00f6ljy. ProFleet LS Plus 10W-40 on suunniteltu k\u00e4ytett\u00e4v\u00e4ksi uusimmissa v\u00e4h\u00e4p\u00e4\u00e4st\u00f6isiss\u00e4 dieselmoottoreissa. \u00d6ljy antaa moottorille tehokkaan suojan kulumista ja korroosiota vastaan ja sill\u00e4 on tehokas puhtaanapitokyky, jonka ansioista se sopii k\u00e4ytett\u00e4v\u00e4ksi pitkill\u00e4 \u00f6ljynvaihtov\u00e4leill\u00e4. \u00d6ljyn Low-SAPS-lis\u00e4aineistus auttaa s\u00e4ilytt\u00e4m\u00e4\u00e4n pakokaasujen j\u00e4lkik\u00e4sittelyj\u00e4rjestelmien toimintatehon ja siten v\u00e4hent\u00e4\u00e4 moottorin tuottamia p\u00e4\u00e4st\u00f6j\u00e4. [&hellip;]<\/p>\n","protected":false},"featured_media":472,"template":"","meta":[],"product_brand":[],"product_cat":[18],"product_tag":[],"class_list":{"0":"post-2251","1":"product","2":"type-product","3":"status-publish","4":"has-post-thumbnail","6":"product_cat-moottorioljyt-raskas-kalusto","8":"first","9":"instock","10":"taxable","11":"shipping-taxable","12":"purchasable","13":"product-type-simple"},"_links":{"self":[{"href":"https:\/\/www.lotky.fi\/kauppa\/wp-json\/wp\/v2\/product\/2251","targetHints":{"allow":["GET"]}}],"collection":[{"href":"https:\/\/www.lotky.fi\/kauppa\/wp-json\/wp\/v2\/product"}],"about":[{"href":"https:\/\/www.lotky.fi\/kauppa\/wp-json\/wp\/v2\/types\/product"}],"wp:featuredmedia":[{"embeddable":true,"href":"https:\/\/www.lotky.fi\/kauppa\/wp-json\/wp\/v2\/media\/472"}],"wp:attachment":[{"href":"https:\/\/www.lotky.fi\/kauppa\/wp-json\/wp\/v2\/media?parent=2251"}],"wp:term":[{"taxonomy":"product_brand","embeddable":true,"href":"https:\/\/www.lotky.fi\/kauppa\/wp-json\/wp\/v2\/product_brand?post=2251"},{"taxonomy":"product_cat","embeddable":true,"href":"https:\/\/www.lotky.fi\/kauppa\/wp-json\/wp\/v2\/product_cat?post=2251"},{"taxonomy":"product_tag","embeddable":true,"href":"https:\/\/www.lotky.fi\/kauppa\/wp-json\/wp\/v2\/product_tag?post=2251"}],"curies":[{"name":"wp","href":"https:\/\/api.w.org\/{rel}","templated":true}]}}