{"id":2234,"date":"2022-05-16T15:48:41","date_gmt":"2022-05-16T12:48:41","guid":{"rendered":"https:\/\/www.lotky.fi\/kauppa\/?post_type=product&#038;p=2234"},"modified":"2026-03-31T10:22:08","modified_gmt":"2026-03-31T07:22:08","slug":"neste-turbo-vpx-15w-40-1000l","status":"publish","type":"product","link":"https:\/\/www.lotky.fi\/kauppa\/tuote\/neste-turbo-vpx-15w-40-1000l\/","title":{"rendered":"Neste Turbo+ VPX 15W-40, 1000L"},"content":{"rendered":"<p>Neste Turbo + VPX 15W-40 on kehitetty erityisesti nykyaikaisille raskaille dieselmoottoreille, joissa k\u00e4ytet\u00e4\u00e4n hiukkassuodattimia ja muita edistyneit\u00e4 j\u00e4lkik\u00e4sittelyj\u00e4rjestelmi\u00e4. Tuote suojaa erityisen tehokkaasti pakokaasuen j\u00e4lkik\u00e4sittelylaitteisto lis\u00e4ten sen k\u00e4ytt\u00f6ik\u00e4\u00e4.<\/p>\n<p>OMINAISUUDET JA EDUT<br \/>\n-V\u00e4hent\u00e4\u00e4 p\u00e4\u00e4st\u00f6j\u00e4<br \/>\n-Erinomaisen puhdas moottori<br \/>\n-Hyv\u00e4 kulumisenestokyky<\/p>\n<p><strong>T\u00e4m\u00e4 tuote korvaa Nesteen Turbo+ NEX 15w-40.<br \/>\n<\/strong><\/p>\n<p>SUORITUSKYKYLUOKITUKSET<br \/>\nSAE 15W-40<br \/>\nAPI CK-4, CJ-4, CI-4 PLUS, CI-4, CH-4, CG-4, CF-4<br \/>\nACEA E9<br \/>\nALLISON TES 439<br \/>\nCaterpillar ECF-3, ECF-2, ECF-1a<br \/>\nCummins CES 20086, CES 20081<br \/>\nDetroit Diesel 93K222<br \/>\nJASO DH-2<br \/>\nMTU Type 2.1<\/p>\n<p>HYV\u00c4KSYNN\u00c4T<br \/>\nDeutz DQC III-10 LA<br \/>\nMAN M 3775<br \/>\nMack EOS-4.5, Mack EO-O Premium Plus<br \/>\nMB-Approval 228.31<br \/>\nRenault VI RLD-4, Renault VI RLD-3<br \/>\nVolvo VDS-4.5, Volvo VDS-4<\/p>\n<p>&nbsp;<\/p>\n<p>&nbsp;<\/p>\n","protected":false},"excerpt":{"rendered":"<p>Neste Turbo + VPX 15W-40 on kehitetty erityisesti nykyaikaisille raskaille dieselmoottoreille, joissa k\u00e4ytet\u00e4\u00e4n hiukkassuodattimia ja muita edistyneit\u00e4 j\u00e4lkik\u00e4sittelyj\u00e4rjestelmi\u00e4. Tuote suojaa erityisen tehokkaasti pakokaasuen j\u00e4lkik\u00e4sittelylaitteisto lis\u00e4ten sen k\u00e4ytt\u00f6ik\u00e4\u00e4. OMINAISUUDET JA EDUT -V\u00e4hent\u00e4\u00e4 p\u00e4\u00e4st\u00f6j\u00e4 -Erinomaisen puhdas moottori -Hyv\u00e4 kulumisenestokyky T\u00e4m\u00e4 tuote korvaa Nesteen Turbo+ NEX 15w-40. &nbsp;<\/p>\n","protected":false},"featured_media":432,"template":"","meta":[],"product_brand":[],"product_cat":[18],"product_tag":[74,73,116],"class_list":{"0":"post-2234","1":"product","2":"type-product","3":"status-publish","4":"has-post-thumbnail","6":"product_cat-moottorioljyt-raskas-kalusto","7":"product_tag-dpf","8":"product_tag-egr","9":"product_tag-hiukkasloukku","11":"first","12":"instock","13":"taxable","14":"shipping-taxable","15":"purchasable","16":"product-type-simple"},"_links":{"self":[{"href":"https:\/\/www.lotky.fi\/kauppa\/wp-json\/wp\/v2\/product\/2234","targetHints":{"allow":["GET"]}}],"collection":[{"href":"https:\/\/www.lotky.fi\/kauppa\/wp-json\/wp\/v2\/product"}],"about":[{"href":"https:\/\/www.lotky.fi\/kauppa\/wp-json\/wp\/v2\/types\/product"}],"wp:featuredmedia":[{"embeddable":true,"href":"https:\/\/www.lotky.fi\/kauppa\/wp-json\/wp\/v2\/media\/432"}],"wp:attachment":[{"href":"https:\/\/www.lotky.fi\/kauppa\/wp-json\/wp\/v2\/media?parent=2234"}],"wp:term":[{"taxonomy":"product_brand","embeddable":true,"href":"https:\/\/www.lotky.fi\/kauppa\/wp-json\/wp\/v2\/product_brand?post=2234"},{"taxonomy":"product_cat","embeddable":true,"href":"https:\/\/www.lotky.fi\/kauppa\/wp-json\/wp\/v2\/product_cat?post=2234"},{"taxonomy":"product_tag","embeddable":true,"href":"https:\/\/www.lotky.fi\/kauppa\/wp-json\/wp\/v2\/product_tag?post=2234"}],"curies":[{"name":"wp","href":"https:\/\/api.w.org\/{rel}","templated":true}]}}