{"id":2230,"date":"2022-05-16T13:06:43","date_gmt":"2022-05-16T10:06:43","guid":{"rendered":"https:\/\/www.lotky.fi\/kauppa\/?post_type=product&#038;p=2230"},"modified":"2026-03-31T10:22:24","modified_gmt":"2026-03-31T07:22:24","slug":"neste-hydraulic-32-super-1000l","status":"publish","type":"product","link":"https:\/\/www.lotky.fi\/kauppa\/tuote\/neste-hydraulic-32-super-1000l\/","title":{"rendered":"Neste Hydraulic 32 Super, 1000L"},"content":{"rendered":"<p>Neste Hydraulic Super-sarjan \u00f6ljyt ovat ulkok\u00e4ytt\u00f6\u00f6n tarkoitettuja huippulaatuisia laajan k\u00e4ytt\u00f6l\u00e4mp\u00f6tila-alueen omaavia moniastehydrauli\u00f6ljyj\u00e4. Neste Hydraulic 32 Super on tarkoitettu ymp\u00e4rivuotiseen k\u00e4ytt\u00f6\u00f6n. Neste Hydraulic Super-sarjan tuotteita k\u00e4ytet\u00e4\u00e4n esimerkiksi kaivureiden, mets\u00e4- ja maansiirtokoneiden, trukkien ja nostureiden hydrauliikassa.<\/p>\n<p>Luokitukset: ISO VG 32<br \/>\nISO 11158 HV<br \/>\nDIN 51524 part 3 HVLP<br \/>\nSS 15 54 34 AV<br \/>\nAFNOR NFE 48-690\/1<br \/>\nAFNOR NFE 48-603<br \/>\nEaton Vickers I-286-S, M-2950-S<br \/>\nDenison HF-0, HF-1, HF-2 (2003)<br \/>\nCincinnati Milacron P-68<\/p>\n","protected":false},"excerpt":{"rendered":"<p>Neste Hydraulic Super-sarjan \u00f6ljyt ovat ulkok\u00e4ytt\u00f6\u00f6n tarkoitettuja huippulaatuisia laajan k\u00e4ytt\u00f6l\u00e4mp\u00f6tila-alueen omaavia moniastehydrauli\u00f6ljyj\u00e4. Neste Hydraulic 32 Super on tarkoitettu ymp\u00e4rivuotiseen k\u00e4ytt\u00f6\u00f6n. Neste Hydraulic Super-sarjan tuotteita k\u00e4ytet\u00e4\u00e4n esimerkiksi kaivureiden, mets\u00e4- ja maansiirtokoneiden, trukkien ja nostureiden hydrauliikassa.<\/p>\n","protected":false},"featured_media":432,"template":"","meta":[],"product_brand":[],"product_cat":[6],"product_tag":[],"class_list":{"0":"post-2230","1":"product","2":"type-product","3":"status-publish","4":"has-post-thumbnail","6":"product_cat-hydrauliikkaoljyt","8":"first","9":"instock","10":"taxable","11":"shipping-taxable","12":"purchasable","13":"product-type-simple"},"_links":{"self":[{"href":"https:\/\/www.lotky.fi\/kauppa\/wp-json\/wp\/v2\/product\/2230","targetHints":{"allow":["GET"]}}],"collection":[{"href":"https:\/\/www.lotky.fi\/kauppa\/wp-json\/wp\/v2\/product"}],"about":[{"href":"https:\/\/www.lotky.fi\/kauppa\/wp-json\/wp\/v2\/types\/product"}],"wp:featuredmedia":[{"embeddable":true,"href":"https:\/\/www.lotky.fi\/kauppa\/wp-json\/wp\/v2\/media\/432"}],"wp:attachment":[{"href":"https:\/\/www.lotky.fi\/kauppa\/wp-json\/wp\/v2\/media?parent=2230"}],"wp:term":[{"taxonomy":"product_brand","embeddable":true,"href":"https:\/\/www.lotky.fi\/kauppa\/wp-json\/wp\/v2\/product_brand?post=2230"},{"taxonomy":"product_cat","embeddable":true,"href":"https:\/\/www.lotky.fi\/kauppa\/wp-json\/wp\/v2\/product_cat?post=2230"},{"taxonomy":"product_tag","embeddable":true,"href":"https:\/\/www.lotky.fi\/kauppa\/wp-json\/wp\/v2\/product_tag?post=2230"}],"curies":[{"name":"wp","href":"https:\/\/api.w.org\/{rel}","templated":true}]}}