{"id":2223,"date":"2022-05-13T14:18:06","date_gmt":"2022-05-13T11:18:06","guid":{"rendered":"https:\/\/www.lotky.fi\/kauppa\/?post_type=product&#038;p=2223"},"modified":"2026-01-22T13:56:54","modified_gmt":"2026-01-22T11:56:54","slug":"castrol-transmax-agri-mp-plus-10w-40-208-l","status":"publish","type":"product","link":"https:\/\/www.lotky.fi\/kauppa\/tuote\/castrol-transmax-agri-mp-plus-10w-40-208-l\/","title":{"rendered":"Castrol Transmax Agri MP Plus 10W-40, 208 L"},"content":{"rendered":"<div class=\"value \">Castrol Transmax Agri MP plus 10w-40 on monik\u00e4ytt\u00f6inen \u00f6ljy, joka parantaa suorituskyky\u00e4 ja suojaa moottoria, vaihteistoa, m\u00e4rk\u00e4jarruja, hydrauliikkaa ja etuakseleita. <strong>Entinen tuotenimi:<\/strong> <strong>Castrol Agri MP Plus 10W-40<\/strong><\/div>\n<div><\/div>\n<div class=\"label\">Hyv\u00e4ksynn\u00e4t<\/div>\n<div class=\"value \">\n<div>API CF-4\/SF\/GL-4<\/div>\n<div>ACEA E2<\/div>\n<div>MF &#8211; M1145<\/div>\n<div>ZF &#8211; TE-ML 06B(*), 07B<\/div>\n<div>MF &#8211; M1144<\/div>\n<div>Sperry Vickers\/Eaton M2950S<\/div>\n<div>Sperry Vickers\/Eaton I0280-S<\/div>\n<div>Sauer Sunstrand.Danfoss: Hydrostatis Trans Fluid<\/div>\n<div>MF &#8211; M1139<\/div>\n<div>Case MAT 3525<\/div>\n<div>FNHA-2-C-201.00<\/div>\n<div>FNH 82009201<\/div>\n<div>NH 410B<\/div>\n<div>John Deere J20C<\/div>\n<div>J27 and Ford M2C-134D<\/div>\n<div>86B<\/div>\n<div>159B<\/div>\n<\/div>\n","protected":false},"excerpt":{"rendered":"<p>Castrol Transmax Agri MP plus 10w-40 on monik\u00e4ytt\u00f6inen \u00f6ljy, joka parantaa suorituskyky\u00e4 ja suojaa moottoria, vaihteistoa, m\u00e4rk\u00e4jarruja, hydrauliikkaa ja etuakseleita. Entinen tuotenimi: Castrol Agri MP Plus 10W-40<\/p>\n","protected":false},"featured_media":699,"template":"","meta":[],"product_brand":[],"product_cat":[23],"product_tag":[84,102],"class_list":{"0":"post-2223","1":"product","2":"type-product","3":"status-publish","4":"has-post-thumbnail","6":"product_cat-maatalousoljyt","7":"product_tag-stou","8":"product_tag-yleisoljy","10":"first","11":"instock","12":"taxable","13":"shipping-taxable","14":"purchasable","15":"product-type-simple"},"_links":{"self":[{"href":"https:\/\/www.lotky.fi\/kauppa\/wp-json\/wp\/v2\/product\/2223","targetHints":{"allow":["GET"]}}],"collection":[{"href":"https:\/\/www.lotky.fi\/kauppa\/wp-json\/wp\/v2\/product"}],"about":[{"href":"https:\/\/www.lotky.fi\/kauppa\/wp-json\/wp\/v2\/types\/product"}],"wp:featuredmedia":[{"embeddable":true,"href":"https:\/\/www.lotky.fi\/kauppa\/wp-json\/wp\/v2\/media\/699"}],"wp:attachment":[{"href":"https:\/\/www.lotky.fi\/kauppa\/wp-json\/wp\/v2\/media?parent=2223"}],"wp:term":[{"taxonomy":"product_brand","embeddable":true,"href":"https:\/\/www.lotky.fi\/kauppa\/wp-json\/wp\/v2\/product_brand?post=2223"},{"taxonomy":"product_cat","embeddable":true,"href":"https:\/\/www.lotky.fi\/kauppa\/wp-json\/wp\/v2\/product_cat?post=2223"},{"taxonomy":"product_tag","embeddable":true,"href":"https:\/\/www.lotky.fi\/kauppa\/wp-json\/wp\/v2\/product_tag?post=2223"}],"curies":[{"name":"wp","href":"https:\/\/api.w.org\/{rel}","templated":true}]}}