{"id":2206,"date":"2022-05-02T14:35:58","date_gmt":"2022-05-02T11:35:58","guid":{"rendered":"https:\/\/www.lotky.fi\/kauppa\/?post_type=product&#038;p=2206"},"modified":"2026-04-01T11:24:17","modified_gmt":"2026-04-01T08:24:17","slug":"mobilux-ep-0-180-kg","status":"publish","type":"product","link":"https:\/\/www.lotky.fi\/kauppa\/tuote\/mobilux-ep-0-180-kg\/","title":{"rendered":"Mobilux EP 0, 180 kg"},"content":{"rendered":"<p>Mobilux EP 0 -rasvaa suositellaan useimpiin teollisuuden k\u00e4ytt\u00f6kohteisiin, mukaan lukien vaativat sovellukset, joissa esiintyy suuria paineita tai iskukuormituksia. Rasvat suojaavat erinomaisesti ruostumiselta ja korroosiolta, mink\u00e4 lis\u00e4ksi ne vastustavat tehokkaasti vesihuuhtelua. Siksi ne sopivat erityisen hyvin olosuhteisiin, joissa laitteet altistuvat vedelle tai kosteudelle. Mobilux EP 0 sopii keskusvoiteluj\u00e4rjestelmiin. Rasvan suositeltava k\u00e4ytt\u00f6l\u00e4mp\u00f6tila-alue on -20\u2026+130 \u00b0C, mutta sit\u00e4 voidaan k\u00e4ytt\u00e4\u00e4 korkeammissakin l\u00e4mp\u00f6tiloissa, jos voiteluv\u00e4li\u00e4 lyhennet\u00e4\u00e4n vastaavasti.<\/p>\n<p>NLGI 0<br \/>\nDIN 51826:2005-01 &#8211; GP 0 G -20<\/p>\n","protected":false},"excerpt":{"rendered":"<p>Mobilux EP 0 -rasvaa suositellaan useimpiin teollisuuden k\u00e4ytt\u00f6kohteisiin, mukaan lukien vaativat sovellukset, joissa esiintyy suuria paineita tai iskukuormituksia. Rasvat suojaavat erinomaisesti ruostumiselta ja korroosiolta, mink\u00e4 lis\u00e4ksi ne vastustavat tehokkaasti vesihuuhtelua. Siksi ne sopivat erityisen hyvin olosuhteisiin, joissa laitteet altistuvat vedelle tai kosteudelle. Mobilux EP 0 sopii keskusvoiteluj\u00e4rjestelmiin. Rasvan suositeltava k\u00e4ytt\u00f6l\u00e4mp\u00f6tila-alue on -20\u2026+130 \u00b0C, mutta sit\u00e4 [&hellip;]<\/p>\n","protected":false},"featured_media":185,"template":"","meta":[],"product_brand":[],"product_cat":[19],"product_tag":[173],"class_list":{"0":"post-2206","1":"product","2":"type-product","3":"status-publish","4":"has-post-thumbnail","6":"product_cat-rasvat","7":"product_tag-nlgi-0","9":"first","10":"instock","11":"taxable","12":"shipping-taxable","13":"purchasable","14":"product-type-simple"},"_links":{"self":[{"href":"https:\/\/www.lotky.fi\/kauppa\/wp-json\/wp\/v2\/product\/2206","targetHints":{"allow":["GET"]}}],"collection":[{"href":"https:\/\/www.lotky.fi\/kauppa\/wp-json\/wp\/v2\/product"}],"about":[{"href":"https:\/\/www.lotky.fi\/kauppa\/wp-json\/wp\/v2\/types\/product"}],"wp:featuredmedia":[{"embeddable":true,"href":"https:\/\/www.lotky.fi\/kauppa\/wp-json\/wp\/v2\/media\/185"}],"wp:attachment":[{"href":"https:\/\/www.lotky.fi\/kauppa\/wp-json\/wp\/v2\/media?parent=2206"}],"wp:term":[{"taxonomy":"product_brand","embeddable":true,"href":"https:\/\/www.lotky.fi\/kauppa\/wp-json\/wp\/v2\/product_brand?post=2206"},{"taxonomy":"product_cat","embeddable":true,"href":"https:\/\/www.lotky.fi\/kauppa\/wp-json\/wp\/v2\/product_cat?post=2206"},{"taxonomy":"product_tag","embeddable":true,"href":"https:\/\/www.lotky.fi\/kauppa\/wp-json\/wp\/v2\/product_tag?post=2206"}],"curies":[{"name":"wp","href":"https:\/\/api.w.org\/{rel}","templated":true}]}}