{"id":220,"date":"2016-05-18T14:36:21","date_gmt":"2016-05-18T11:36:21","guid":{"rendered":"http:\/\/www.lotky.fi\/kauppa\/?post_type=product&#038;p=220"},"modified":"2024-09-12T08:46:45","modified_gmt":"2024-09-12T05:46:45","slug":"mobil-agri-extra-sae-10w-40-208l","status":"publish","type":"product","link":"https:\/\/www.lotky.fi\/kauppa\/tuote\/mobil-agri-extra-sae-10w-40-208l\/","title":{"rendered":"Mobil Delvac Modern 10W-40 Agri Universal, 208L"},"content":{"rendered":"<p>Mobil Delvac Modern 10W-40 Agri Universal on synteettinen, eritt\u00e4in suorituskykyinen, monik\u00e4ytt\u00f6inen voitelu\u00f6ljy useimpiin maatalouskoneiden k\u00e4ytt\u00f6kohteisiin. T\u00e4m\u00e4 STOU -tyypin monik\u00e4ytt\u00f6-\u00f6ljy tarjoaa ensiluokkaisen suorituskyvyn diesel- ja bensiinimoottoreissa, vaihteistoissa, hydrauliikoissa, vetopy\u00f6r\u00e4st\u00f6iss\u00e4\u00e4 ja \u00f6ljykylpyjarruissa. \u00a0Se on valmistettu korkealuokkaisista perus\u00f6ljyist\u00e4 ja ainutlaatuisista lis\u00e4aineista. \u00a0Mobil Delvac Modern 10W-40 Agri Universal -voitelu\u00f6ljy\u00e4 suositellaan maatalouden vaativiin k\u00e4ytt\u00f6kohteisiin ja \u00e4\u00e4rimm\u00e4isiin olosuhteisiin. Maataloudessa k\u00e4ytet\u00e4\u00e4n monentyyppisi\u00e4 koneita ja laitteita, joissa voiteluaineelta vaaditaan monipuolista suorituskyky\u00e4. Mobil Delvac Modern 10W-40 Agri Universal\u00a0-voitelu\u00f6ljyn edistynyt teknologia t\u00e4ytt\u00e4\u00e4 n\u00e4iden eri tyyppisten koneiden voiteluvaatimukset, ja v\u00e4hent\u00e4\u00e4 tarvittavien voiteluaineiden m\u00e4\u00e4r\u00e4\u00e4 ja virhevoitelun mahdollisuutta.<\/p>\n<p>Tuotteella on seuraavat hyv\u00e4ksynn\u00e4t:<\/p>\n<p>ZF TE-ML 07B<br \/>\nZF TE-ML 06B (*)<\/p>\n<p>Tuotetta suositellaan k\u00e4ytett\u00e4v\u00e4ksi k\u00e4ytt\u00f6kohteissa, joissa vaaditaan:<\/p>\n<p>ACEA E3<br \/>\nAllison C-4<br \/>\nAPI CE, CF, CF-4, CG-4, GL-4, API SF<br \/>\nCaterpillar TO-2<br \/>\nCNH MAT 3525, MAT 3526<br \/>\nFord ESN-M2C159-B, M2C 159B<br \/>\nJICASE MS 1206, MS 1207, MS 1209<br \/>\nJOHN DEERE JDM J27D<br \/>\nMASSEY FERGUSON CMS M1144, CMS M1139, CMS M1145<\/p>\n<p>Tuote t\u00e4ytt\u00e4\u00e4 tai ylitt\u00e4\u00e4 seuraavien spesifikaatioiden vaatimukset:<\/p>\n<p>JOHN DEERE JDM J20C<\/p>\n","protected":false},"excerpt":{"rendered":"<p>Mobil Delvac Modern 10W-40 Agri Universal on synteettinen, eritt\u00e4in suorituskykyinen, monik\u00e4ytt\u00f6inen voitelu\u00f6ljy useimpiin maatalouskoneiden k\u00e4ytt\u00f6kohteisiin. T\u00e4m\u00e4 STOU -tyypin monik\u00e4ytt\u00f6-\u00f6ljy tarjoaa ensiluokkaisen suorituskyvyn diesel- ja bensiinimoottoreissa, vaihteistoissa, hydrauliikoissa, vetopy\u00f6r\u00e4st\u00f6iss\u00e4\u00e4 ja \u00f6ljykylpyjarruissa. \u00a0Se on valmistettu korkealuokkaisista perus\u00f6ljyist\u00e4 ja ainutlaatuisista lis\u00e4aineista. \u00a0Mobil Delvac Modern 10W-40 Agri Universal -voitelu\u00f6ljy\u00e4 suositellaan maatalouden vaativiin k\u00e4ytt\u00f6kohteisiin ja \u00e4\u00e4rimm\u00e4isiin olosuhteisiin. Maataloudessa k\u00e4ytet\u00e4\u00e4n monentyyppisi\u00e4 [&hellip;]<\/p>\n","protected":false},"featured_media":185,"template":"","meta":[],"product_brand":[],"product_cat":[23],"product_tag":[],"class_list":{"0":"post-220","1":"product","2":"type-product","3":"status-publish","4":"has-post-thumbnail","6":"product_cat-maatalousoljyt","8":"first","9":"instock","10":"taxable","11":"shipping-taxable","12":"purchasable","13":"product-type-simple"},"_links":{"self":[{"href":"https:\/\/www.lotky.fi\/kauppa\/wp-json\/wp\/v2\/product\/220","targetHints":{"allow":["GET"]}}],"collection":[{"href":"https:\/\/www.lotky.fi\/kauppa\/wp-json\/wp\/v2\/product"}],"about":[{"href":"https:\/\/www.lotky.fi\/kauppa\/wp-json\/wp\/v2\/types\/product"}],"wp:featuredmedia":[{"embeddable":true,"href":"https:\/\/www.lotky.fi\/kauppa\/wp-json\/wp\/v2\/media\/185"}],"wp:attachment":[{"href":"https:\/\/www.lotky.fi\/kauppa\/wp-json\/wp\/v2\/media?parent=220"}],"wp:term":[{"taxonomy":"product_brand","embeddable":true,"href":"https:\/\/www.lotky.fi\/kauppa\/wp-json\/wp\/v2\/product_brand?post=220"},{"taxonomy":"product_cat","embeddable":true,"href":"https:\/\/www.lotky.fi\/kauppa\/wp-json\/wp\/v2\/product_cat?post=220"},{"taxonomy":"product_tag","embeddable":true,"href":"https:\/\/www.lotky.fi\/kauppa\/wp-json\/wp\/v2\/product_tag?post=220"}],"curies":[{"name":"wp","href":"https:\/\/api.w.org\/{rel}","templated":true}]}}