{"id":219,"date":"2016-05-18T14:33:19","date_gmt":"2016-05-18T11:33:19","guid":{"rendered":"http:\/\/www.lotky.fi\/kauppa\/?post_type=product&#038;p=219"},"modified":"2026-04-01T15:45:10","modified_gmt":"2026-04-01T12:45:10","slug":"mobil-delvac-1340-sae-40w-208l","status":"publish","type":"product","link":"https:\/\/www.lotky.fi\/kauppa\/tuote\/mobil-delvac-1340-sae-40w-208l\/","title":{"rendered":"Mobil Delvac Legend 1340, 208L"},"content":{"rendered":"<p>Mobil Delvac Legend 1340 on korkean suorituskyvyn omaava, raskaaseen k\u00e4ytt\u00f6\u00f6n tarkoitettu dieselmoottori\u00f6ljy, joka on kehitetty edistyneen teknologian perus\u00f6ljyist\u00e4 ja tasapainoisesta lis\u00e4aineistuksesta. Mobil Delvac Legend 1340 on suunniteltu suorituskyvylt\u00e4\u00e4n erityisesti v\u00e4lij\u00e4\u00e4hdytteisi\u00e4, turboahdettuja moottoreita varten, jotka toimivat ankarissa maantiell\u00e4 ja maastossa. Mobil Delvac Legend 1300 -yksiasteisia voiteluaineita k\u00e4ytet\u00e4\u00e4n monissa sovelluksissa, joissa suositellaan yksiasteista voiteluainetta.<br \/>\n<strong>Entinen tuotenimi Mobil Delvac 1340.<\/strong><\/p>\n<p>Luokitukset:<\/p>\n<p>SAE 40<br \/>\nAPI CF, SF<\/p>\n","protected":false},"excerpt":{"rendered":"<p>Mobil Delvac Legend 1340 on korkean suorituskyvyn omaava, raskaaseen k\u00e4ytt\u00f6\u00f6n tarkoitettu dieselmoottori\u00f6ljy, joka on kehitetty edistyneen teknologian perus\u00f6ljyist\u00e4 ja tasapainoisesta lis\u00e4aineistuksesta. Mobil Delvac Legend 1340 on suunniteltu suorituskyvylt\u00e4\u00e4n erityisesti v\u00e4lij\u00e4\u00e4hdytteisi\u00e4, turboahdettuja moottoreita varten, jotka toimivat ankarissa maantiell\u00e4 ja maastossa. Mobil Delvac Legend 1300 -yksiasteisia voiteluaineita k\u00e4ytet\u00e4\u00e4n monissa sovelluksissa, joissa suositellaan yksiasteista voiteluainetta. Entinen tuotenimi Mobil [&hellip;]<\/p>\n","protected":false},"featured_media":185,"template":"","meta":[],"product_brand":[],"product_cat":[18],"product_tag":[],"class_list":{"0":"post-219","1":"product","2":"type-product","3":"status-publish","4":"has-post-thumbnail","6":"product_cat-moottorioljyt-raskas-kalusto","8":"first","9":"instock","10":"taxable","11":"shipping-taxable","12":"purchasable","13":"product-type-simple"},"_links":{"self":[{"href":"https:\/\/www.lotky.fi\/kauppa\/wp-json\/wp\/v2\/product\/219","targetHints":{"allow":["GET"]}}],"collection":[{"href":"https:\/\/www.lotky.fi\/kauppa\/wp-json\/wp\/v2\/product"}],"about":[{"href":"https:\/\/www.lotky.fi\/kauppa\/wp-json\/wp\/v2\/types\/product"}],"wp:featuredmedia":[{"embeddable":true,"href":"https:\/\/www.lotky.fi\/kauppa\/wp-json\/wp\/v2\/media\/185"}],"wp:attachment":[{"href":"https:\/\/www.lotky.fi\/kauppa\/wp-json\/wp\/v2\/media?parent=219"}],"wp:term":[{"taxonomy":"product_brand","embeddable":true,"href":"https:\/\/www.lotky.fi\/kauppa\/wp-json\/wp\/v2\/product_brand?post=219"},{"taxonomy":"product_cat","embeddable":true,"href":"https:\/\/www.lotky.fi\/kauppa\/wp-json\/wp\/v2\/product_cat?post=219"},{"taxonomy":"product_tag","embeddable":true,"href":"https:\/\/www.lotky.fi\/kauppa\/wp-json\/wp\/v2\/product_tag?post=219"}],"curies":[{"name":"wp","href":"https:\/\/api.w.org\/{rel}","templated":true}]}}