{"id":218,"date":"2016-05-18T14:31:40","date_gmt":"2016-05-18T11:31:40","guid":{"rendered":"http:\/\/www.lotky.fi\/kauppa\/?post_type=product&#038;p=218"},"modified":"2026-04-01T15:44:18","modified_gmt":"2026-04-01T12:44:18","slug":"mobil-delvac-1330-sae-30w-208l","status":"publish","type":"product","link":"https:\/\/www.lotky.fi\/kauppa\/tuote\/mobil-delvac-1330-sae-30w-208l\/","title":{"rendered":"Mobil Delvac Legend 1330, 208L"},"content":{"rendered":"<p>Mobil Delvac Legend 1330 on dieselmoottoreihin tarkoitettu \u00f6ljy joka valmistetaan teknisesti kehittyneist\u00e4 perus\u00f6ljyist\u00e4 ja tarkkaan harkitusta lis\u00e4aineista. Ne on suunniteltu erityisesti v\u00e4lij\u00e4\u00e4hdytettyihin, turboahdettuihin moottoreihin, joita k\u00e4ytet\u00e4\u00e4n ankarissa olosuhteissa niin maanteill\u00e4 kuin ty\u00f6maak\u00e4yt\u00f6ss\u00e4. Mobil Delvac Legend 1300 -sarjan \u00f6ljyt sopivat lukuisiin k\u00e4ytt\u00f6kohteisiin, joissa tarvitaan laadukasta yksiaste\u00f6ljy\u00e4. \u00d6ljyt soveltuvat hyvin k\u00e4ytt\u00f6\u00f6n rakennus-, kaivos- ja louhosteollisuuden sek\u00e4 maatalouden kuljetuskalustossa ja ty\u00f6koneissa.<br \/>\n<strong>Entinen tuotenimi Mobil Delvac 1330.<\/strong><\/p>\n<p>Luokitukset ja hyv\u00e4ksynn\u00e4t:<br \/>\nAPI CF, SF<br \/>\nAllison C-4<\/p>\n","protected":false},"excerpt":{"rendered":"<p>Mobil Delvac Legend 1330 on dieselmoottoreihin tarkoitettu \u00f6ljy joka valmistetaan teknisesti kehittyneist\u00e4 perus\u00f6ljyist\u00e4 ja tarkkaan harkitusta lis\u00e4aineista. Ne on suunniteltu erityisesti v\u00e4lij\u00e4\u00e4hdytettyihin, turboahdettuihin moottoreihin, joita k\u00e4ytet\u00e4\u00e4n ankarissa olosuhteissa niin maanteill\u00e4 kuin ty\u00f6maak\u00e4yt\u00f6ss\u00e4. Mobil Delvac Legend 1300 -sarjan \u00f6ljyt sopivat lukuisiin k\u00e4ytt\u00f6kohteisiin, joissa tarvitaan laadukasta yksiaste\u00f6ljy\u00e4. \u00d6ljyt soveltuvat hyvin k\u00e4ytt\u00f6\u00f6n rakennus-, kaivos- ja louhosteollisuuden sek\u00e4 maatalouden [&hellip;]<\/p>\n","protected":false},"featured_media":185,"template":"","meta":[],"product_brand":[],"product_cat":[18],"product_tag":[],"class_list":{"0":"post-218","1":"product","2":"type-product","3":"status-publish","4":"has-post-thumbnail","6":"product_cat-moottorioljyt-raskas-kalusto","8":"first","9":"instock","10":"taxable","11":"shipping-taxable","12":"purchasable","13":"product-type-simple"},"_links":{"self":[{"href":"https:\/\/www.lotky.fi\/kauppa\/wp-json\/wp\/v2\/product\/218","targetHints":{"allow":["GET"]}}],"collection":[{"href":"https:\/\/www.lotky.fi\/kauppa\/wp-json\/wp\/v2\/product"}],"about":[{"href":"https:\/\/www.lotky.fi\/kauppa\/wp-json\/wp\/v2\/types\/product"}],"wp:featuredmedia":[{"embeddable":true,"href":"https:\/\/www.lotky.fi\/kauppa\/wp-json\/wp\/v2\/media\/185"}],"wp:attachment":[{"href":"https:\/\/www.lotky.fi\/kauppa\/wp-json\/wp\/v2\/media?parent=218"}],"wp:term":[{"taxonomy":"product_brand","embeddable":true,"href":"https:\/\/www.lotky.fi\/kauppa\/wp-json\/wp\/v2\/product_brand?post=218"},{"taxonomy":"product_cat","embeddable":true,"href":"https:\/\/www.lotky.fi\/kauppa\/wp-json\/wp\/v2\/product_cat?post=218"},{"taxonomy":"product_tag","embeddable":true,"href":"https:\/\/www.lotky.fi\/kauppa\/wp-json\/wp\/v2\/product_tag?post=218"}],"curies":[{"name":"wp","href":"https:\/\/api.w.org\/{rel}","templated":true}]}}