{"id":2176,"date":"2022-04-07T10:18:11","date_gmt":"2022-04-07T07:18:11","guid":{"rendered":"https:\/\/www.lotky.fi\/kauppa\/?post_type=product&#038;p=2176"},"modified":"2026-04-20T11:32:52","modified_gmt":"2026-04-20T08:32:52","slug":"gulf-harmony-hvi-100-200-l","status":"publish","type":"product","link":"https:\/\/www.lotky.fi\/kauppa\/tuote\/gulf-harmony-hvi-100-200-l\/","title":{"rendered":"Gulf Superfleet Professional Econ 5W-30, 208 L"},"content":{"rendered":"<p>Gulf Superfleet Professional Econ 5W-30 on eritt\u00e4in edistyksellinen, synteettinen raskaankaluston moottori\u00f6ljy joka on suunniteltu uuden sukupolven suorituskykyisille ja v\u00e4h\u00e4p\u00e4\u00e4st\u00f6isille mooottoreille. Sopii ajoneuvoihin, jotka on varustettu pakokaasun j\u00e4lkik\u00e4sittelylaitteistolla kuten DPF, EGR, SCR ja suojaa n\u00e4m\u00e4 j\u00e4rjestelm\u00e4t ennenaikaiselta kulumiselta\/tukkeutumiselta.<\/p>\n<p>T\u00e4ytt\u00e4\u00e4 vaatimukset:<br \/>\nACEA E6,E7, E8, E9, E11<br \/>\nAPI CK-4 \/ SN<br \/>\nCummins CES 20086<br \/>\nCAT ECF-3<br \/>\nDAF Extended Drain<br \/>\nDDC 93K222<br \/>\nDeutz DQC IV-18 LA<br \/>\nFord WSS M2C213-A1<br \/>\nIVECO 18-1804 TLS E6<br \/>\nJASO DH-2<br \/>\nMAN M3677\/M3477\/M3271-1\/M3775<br \/>\nMB 228.31, 228.51, 228.52<br \/>\nMTU Oil Category 3.1,<br \/>\nRenault VI RLD-3 approval<br \/>\nScania LDF-4<br \/>\nVolvo VDS-4.5<\/p>\n<p>Hyv\u00e4ksytty:<br \/>\nAPI CK-4, API SN<br \/>\nMB-Approval 228.51, 228.52<br \/>\nVolvo VDS-4.5<br \/>\nMack EO-S 4.5<br \/>\nRenault VI RLD-3 approval<\/p>\n","protected":false},"excerpt":{"rendered":"<p>Gulf Superfleet Professional Econ 5W-30 on eritt\u00e4in edistyksellinen, synteettinen raskaankaluston moottori\u00f6ljy joka on suunniteltu uuden sukupolven suorituskykyisille ja v\u00e4h\u00e4p\u00e4\u00e4st\u00f6isille mooottoreille. Sopii ajoneuvoihin, jotka on varustettu pakokaasun j\u00e4lkik\u00e4sittelylaitteistolla kuten DPF, EGR, SCR ja suojaa n\u00e4m\u00e4 j\u00e4rjestelm\u00e4t ennenaikaiselta kulumiselta\/tukkeutumiselta.<\/p>\n","protected":false},"featured_media":708,"template":"","meta":[],"product_brand":[],"product_cat":[18],"product_tag":[197],"class_list":{"0":"post-2176","1":"product","2":"type-product","3":"status-publish","4":"has-post-thumbnail","6":"product_cat-moottorioljyt-raskas-kalusto","7":"product_tag-scania-ldf-4","9":"first","10":"instock","11":"taxable","12":"shipping-taxable","13":"purchasable","14":"product-type-simple"},"_links":{"self":[{"href":"https:\/\/www.lotky.fi\/kauppa\/wp-json\/wp\/v2\/product\/2176","targetHints":{"allow":["GET"]}}],"collection":[{"href":"https:\/\/www.lotky.fi\/kauppa\/wp-json\/wp\/v2\/product"}],"about":[{"href":"https:\/\/www.lotky.fi\/kauppa\/wp-json\/wp\/v2\/types\/product"}],"wp:featuredmedia":[{"embeddable":true,"href":"https:\/\/www.lotky.fi\/kauppa\/wp-json\/wp\/v2\/media\/708"}],"wp:attachment":[{"href":"https:\/\/www.lotky.fi\/kauppa\/wp-json\/wp\/v2\/media?parent=2176"}],"wp:term":[{"taxonomy":"product_brand","embeddable":true,"href":"https:\/\/www.lotky.fi\/kauppa\/wp-json\/wp\/v2\/product_brand?post=2176"},{"taxonomy":"product_cat","embeddable":true,"href":"https:\/\/www.lotky.fi\/kauppa\/wp-json\/wp\/v2\/product_cat?post=2176"},{"taxonomy":"product_tag","embeddable":true,"href":"https:\/\/www.lotky.fi\/kauppa\/wp-json\/wp\/v2\/product_tag?post=2176"}],"curies":[{"name":"wp","href":"https:\/\/api.w.org\/{rel}","templated":true}]}}