{"id":2068,"date":"2022-02-14T14:30:42","date_gmt":"2022-02-14T12:30:42","guid":{"rendered":"https:\/\/www.lotky.fi\/kauppa\/?post_type=product&#038;p=2068"},"modified":"2026-03-21T19:41:10","modified_gmt":"2026-03-21T17:41:10","slug":"shell-tellus-s3-v-68-209l","status":"publish","type":"product","link":"https:\/\/www.lotky.fi\/kauppa\/tuote\/shell-tellus-s3-v-68-209l\/","title":{"rendered":"Shell Tellus S3 V 68, 209L"},"content":{"rendered":"<div>Shell Tellus S3 V 68 on eritt\u00e4in suorituskykyinen sinkit\u00f6n hydrauli\u00f6ljy laajalle k\u00e4ytt\u00f6l\u00e4mp\u00f6tila-alueelle.<\/div>\n<div>Tellus S3 V 68 perustuu uusimpaan tuhkautumattomaan kulumisenestolis\u00e4aineteknologiaan yhdess\u00e4 leikkausta kest\u00e4vien viskositeetti-indeksin parantajalis\u00e4aineiden kanssa. Kest\u00e4v\u00e4t viskositeetti- ja suojaominaisuudet raskaissa k\u00e4ytt\u00f6olosuhteissa. Huippuluokan suoja ja suorituskyky niin liikkuvan kaluston kuin muissakin hydraulij\u00e4rjestelmiss\u00e4 vaihtelevissa l\u00e4mp\u00f6tiloissa. <strong>VAK-luokiteltu tuote, hinta sis\u00e4lt\u00e4\u00e4 VAK-lis\u00e4maksun.<\/strong><\/div>\n<div><\/div>\n<div>Iso vg 68<br \/>\nHVLP, DIN 51524-3<\/p>\n<div>Denison Hydraulics (HF-0, HF-1 ja HF-2)<\/div>\n<div>Eaton Vickers (esite 694)<\/div>\n<div>Fives Cincinnati P-69<\/div>\n<div>Bosch Rexroth RD 90220-01 (2011)<\/div>\n<div>ISO 11158<\/div>\n<div>ASTM 6158<\/div>\n<div>SS 15 54 34 AV<\/div>\n<\/div>\n","protected":false},"excerpt":{"rendered":"<p>Shell Tellus S3 V 68 on eritt\u00e4in suorituskykyinen sinkit\u00f6n hydrauli\u00f6ljy laajalle k\u00e4ytt\u00f6l\u00e4mp\u00f6tila-alueelle. Tellus S3 V 68 perustuu uusimpaan tuhkautumattomaan kulumisenestolis\u00e4aineteknologiaan yhdess\u00e4 leikkausta kest\u00e4vien viskositeetti-indeksin parantajalis\u00e4aineiden kanssa. Kest\u00e4v\u00e4t viskositeetti- ja suojaominaisuudet raskaissa k\u00e4ytt\u00f6olosuhteissa. Huippuluokan suoja ja suorituskyky niin liikkuvan kaluston kuin muissakin hydraulij\u00e4rjestelmiss\u00e4 vaihtelevissa l\u00e4mp\u00f6tiloissa. VAK-luokiteltu tuote, hinta sis\u00e4lt\u00e4\u00e4 VAK-lis\u00e4maksun.<\/p>\n","protected":false},"featured_media":347,"template":"","meta":[],"product_brand":[],"product_cat":[6],"product_tag":[126],"class_list":{"0":"post-2068","1":"product","2":"type-product","3":"status-publish","4":"has-post-thumbnail","6":"product_cat-hydrauliikkaoljyt","7":"product_tag-sinkiton","9":"first","10":"instock","11":"taxable","12":"shipping-taxable","13":"purchasable","14":"product-type-simple"},"_links":{"self":[{"href":"https:\/\/www.lotky.fi\/kauppa\/wp-json\/wp\/v2\/product\/2068","targetHints":{"allow":["GET"]}}],"collection":[{"href":"https:\/\/www.lotky.fi\/kauppa\/wp-json\/wp\/v2\/product"}],"about":[{"href":"https:\/\/www.lotky.fi\/kauppa\/wp-json\/wp\/v2\/types\/product"}],"wp:featuredmedia":[{"embeddable":true,"href":"https:\/\/www.lotky.fi\/kauppa\/wp-json\/wp\/v2\/media\/347"}],"wp:attachment":[{"href":"https:\/\/www.lotky.fi\/kauppa\/wp-json\/wp\/v2\/media?parent=2068"}],"wp:term":[{"taxonomy":"product_brand","embeddable":true,"href":"https:\/\/www.lotky.fi\/kauppa\/wp-json\/wp\/v2\/product_brand?post=2068"},{"taxonomy":"product_cat","embeddable":true,"href":"https:\/\/www.lotky.fi\/kauppa\/wp-json\/wp\/v2\/product_cat?post=2068"},{"taxonomy":"product_tag","embeddable":true,"href":"https:\/\/www.lotky.fi\/kauppa\/wp-json\/wp\/v2\/product_tag?post=2068"}],"curies":[{"name":"wp","href":"https:\/\/api.w.org\/{rel}","templated":true}]}}