{"id":2066,"date":"2022-02-14T14:25:33","date_gmt":"2022-02-14T12:25:33","guid":{"rendered":"https:\/\/www.lotky.fi\/kauppa\/?post_type=product&#038;p=2066"},"modified":"2026-03-21T19:42:02","modified_gmt":"2026-03-21T17:42:02","slug":"shell-tegula-v-32-209l","status":"publish","type":"product","link":"https:\/\/www.lotky.fi\/kauppa\/tuote\/shell-tegula-v-32-209l\/","title":{"rendered":"Shell Tegula V 32, 209L"},"content":{"rendered":"<div>Shell Tegula V 32 on suorituiskykyinen erikois\u00f6ljy hydraulivaihteistoihin.<\/div>\n<div>Spesifikaatiot, hyv\u00e4ksynn\u00e4t &amp; suositukset:<\/div>\n<div><\/div>\n<div>ISO VG 32<\/div>\n<div>FZG-test &gt;12<br \/>\nVoith General lubricant list 120.00059010 version 6<br \/>\nVoith Turbo<br \/>\nPIV<br \/>\nLenze<\/div>\n","protected":false},"excerpt":{"rendered":"<p>Shell Tegula V 32 on suorituiskykyinen erikois\u00f6ljy hydraulivaihteistoihin. Spesifikaatiot, hyv\u00e4ksynn\u00e4t &amp; suositukset: ISO VG 32 FZG-test &gt;12 Voith General lubricant list 120.00059010 version 6 Voith Turbo PIV Lenze<\/p>\n","protected":false},"featured_media":347,"template":"","meta":[],"product_brand":[],"product_cat":[6],"product_tag":[],"class_list":{"0":"post-2066","1":"product","2":"type-product","3":"status-publish","4":"has-post-thumbnail","6":"product_cat-hydrauliikkaoljyt","8":"first","9":"instock","10":"taxable","11":"shipping-taxable","12":"purchasable","13":"product-type-simple"},"_links":{"self":[{"href":"https:\/\/www.lotky.fi\/kauppa\/wp-json\/wp\/v2\/product\/2066","targetHints":{"allow":["GET"]}}],"collection":[{"href":"https:\/\/www.lotky.fi\/kauppa\/wp-json\/wp\/v2\/product"}],"about":[{"href":"https:\/\/www.lotky.fi\/kauppa\/wp-json\/wp\/v2\/types\/product"}],"wp:featuredmedia":[{"embeddable":true,"href":"https:\/\/www.lotky.fi\/kauppa\/wp-json\/wp\/v2\/media\/347"}],"wp:attachment":[{"href":"https:\/\/www.lotky.fi\/kauppa\/wp-json\/wp\/v2\/media?parent=2066"}],"wp:term":[{"taxonomy":"product_brand","embeddable":true,"href":"https:\/\/www.lotky.fi\/kauppa\/wp-json\/wp\/v2\/product_brand?post=2066"},{"taxonomy":"product_cat","embeddable":true,"href":"https:\/\/www.lotky.fi\/kauppa\/wp-json\/wp\/v2\/product_cat?post=2066"},{"taxonomy":"product_tag","embeddable":true,"href":"https:\/\/www.lotky.fi\/kauppa\/wp-json\/wp\/v2\/product_tag?post=2066"}],"curies":[{"name":"wp","href":"https:\/\/api.w.org\/{rel}","templated":true}]}}