{"id":2063,"date":"2022-02-14T13:28:35","date_gmt":"2022-02-14T11:28:35","guid":{"rendered":"https:\/\/www.lotky.fi\/kauppa\/?post_type=product&#038;p=2063"},"modified":"2026-03-21T19:44:26","modified_gmt":"2026-03-21T17:44:26","slug":"shell-rimula-ultra-5w-30-209l","status":"publish","type":"product","link":"https:\/\/www.lotky.fi\/kauppa\/tuote\/shell-rimula-ultra-5w-30-209l\/","title":{"rendered":"Shell Rimula Ultra 5W-30, 209L"},"content":{"rendered":"<p>T\u00e4yssynteettinen Rimula Ultra 5W-30 \u00f6ljyn Low-SAPS lis\u00e4aineteknologiaa vahvistaa ainutlaatuinen kulumisenestoj\u00e4rjestelm\u00e4. T\u00e4yssynteettinen teknologia tehostaa suojaa, tarjoaa pitki\u00e4 huoltov\u00e4lej\u00e4 ja polttoaineen s\u00e4\u00e4st\u00f6\u00e4.<\/p>\n<div>Spesifikaatiot, hyv\u00e4ksynn\u00e4t &amp; suositukset:<\/div>\n<div>SAE 5W-30 t\u00e4yssynteettinen<\/div>\n<div>ACEA E9, E7, E6<br \/>\nAPI CJ-4, CI-4, CH-4<br \/>\nCaterpillar ECF-3<\/div>\n<div>Cummins CES 20081<\/div>\n<div>Deutz DQC IV-10 LA<br \/>\nIveco TLS E6 (t\u00e4ytt\u00e4\u00e4 vaatimukset)<br \/>\nJASO DH-2<\/div>\n<div>MACK EO-O Premium Plus<\/div>\n<div>MAN M3477<\/div>\n<div>MB-Approval 228.51<br \/>\nMTU Category 3.1<\/div>\n<div>Renault Trucks RLD-3<br \/>\nScania LDF-4<\/div>\n<div>Volvo VDS-4<\/div>\n<div><\/div>\n","protected":false},"excerpt":{"rendered":"<p>T\u00e4yssynteettinen Rimula Ultra 5W-30 \u00f6ljyn Low-SAPS lis\u00e4aineteknologiaa vahvistaa ainutlaatuinen kulumisenestoj\u00e4rjestelm\u00e4. T\u00e4yssynteettinen teknologia tehostaa suojaa, tarjoaa pitki\u00e4 huoltov\u00e4lej\u00e4 ja polttoaineen s\u00e4\u00e4st\u00f6\u00e4.<\/p>\n","protected":false},"featured_media":347,"template":"","meta":[],"product_brand":[],"product_cat":[18],"product_tag":[163],"class_list":{"0":"post-2063","1":"product","2":"type-product","3":"status-publish","4":"has-post-thumbnail","6":"product_cat-moottorioljyt-raskas-kalusto","7":"product_tag-ldf-4","9":"first","10":"instock","11":"taxable","12":"shipping-taxable","13":"purchasable","14":"product-type-simple"},"_links":{"self":[{"href":"https:\/\/www.lotky.fi\/kauppa\/wp-json\/wp\/v2\/product\/2063","targetHints":{"allow":["GET"]}}],"collection":[{"href":"https:\/\/www.lotky.fi\/kauppa\/wp-json\/wp\/v2\/product"}],"about":[{"href":"https:\/\/www.lotky.fi\/kauppa\/wp-json\/wp\/v2\/types\/product"}],"wp:featuredmedia":[{"embeddable":true,"href":"https:\/\/www.lotky.fi\/kauppa\/wp-json\/wp\/v2\/media\/347"}],"wp:attachment":[{"href":"https:\/\/www.lotky.fi\/kauppa\/wp-json\/wp\/v2\/media?parent=2063"}],"wp:term":[{"taxonomy":"product_brand","embeddable":true,"href":"https:\/\/www.lotky.fi\/kauppa\/wp-json\/wp\/v2\/product_brand?post=2063"},{"taxonomy":"product_cat","embeddable":true,"href":"https:\/\/www.lotky.fi\/kauppa\/wp-json\/wp\/v2\/product_cat?post=2063"},{"taxonomy":"product_tag","embeddable":true,"href":"https:\/\/www.lotky.fi\/kauppa\/wp-json\/wp\/v2\/product_tag?post=2063"}],"curies":[{"name":"wp","href":"https:\/\/api.w.org\/{rel}","templated":true}]}}