{"id":2060,"date":"2022-02-14T13:09:02","date_gmt":"2022-02-14T11:09:02","guid":{"rendered":"https:\/\/www.lotky.fi\/kauppa\/?post_type=product&#038;p=2060"},"modified":"2026-03-21T19:46:19","modified_gmt":"2026-03-21T17:46:19","slug":"shell-rimula-r6-m-10w-40-1000l","status":"publish","type":"product","link":"https:\/\/www.lotky.fi\/kauppa\/tuote\/shell-rimula-r6-m-10w-40-1000l\/","title":{"rendered":"Shell Rimula R6 M 10W-40, 1000L"},"content":{"rendered":"<div class=\"textLayer\">Synteettinen raskaan kaluston dieselmoottori\u00f6ljy Shell Rimula R6 M -\u00f6ljyn pitk\u00e4lle kehitetty lis\u00e4aineteknologia ja t\u00e4yssynteettiset perus\u00f6ljyt varmistavat tehokkaan ja jatkuvasti ajo-olosuhteitasi vastaavan suojan. Shell Rimula R6 M sopii useimpiin Euro IV ja Euro V -moottoreihin, joita ei ole varustettu dieselpartikkelisuodattimilla.<\/div>\n<div class=\"textLayer\"><\/div>\n<div class=\"textLayer\">\n<div>Suorituskyky:<\/div>\n<div><\/div>\n<div>SAE 10W-40 osasynteettinen<\/div>\n<div>ACEA E7, E4<br \/>\nAPI CI-4<br \/>\nCaterpillar ECF-2<\/div>\n<div>Cummins CES 20078<\/div>\n<div>Deutz DQC IV-10<\/div>\n<div>IVECO T3 E4 (t\u00e4ytt\u00e4\u00e4 vaatimukset)<br \/>\nJASO DH-1<\/div>\n<div>MAN 3377<\/div>\n<div>MB-Approval 228.5<\/div>\n<div>MTU Category 3<\/div>\n<div>Renault trucks RLD-2<\/div>\n<div>Volvo VDS-3<\/div>\n<\/div>\n","protected":false},"excerpt":{"rendered":"<p>Synteettinen raskaan kaluston dieselmoottori\u00f6ljy Shell Rimula R6 M -\u00f6ljyn pitk\u00e4lle kehitetty lis\u00e4aineteknologia ja t\u00e4yssynteettiset perus\u00f6ljyt varmistavat tehokkaan ja jatkuvasti ajo-olosuhteitasi vastaavan suojan. Shell Rimula R6 M sopii useimpiin Euro IV ja Euro V -moottoreihin, joita ei ole varustettu dieselpartikkelisuodattimilla.<\/p>\n","protected":false},"featured_media":432,"template":"","meta":[],"product_brand":[],"product_cat":[18],"product_tag":[],"class_list":{"0":"post-2060","1":"product","2":"type-product","3":"status-publish","4":"has-post-thumbnail","6":"product_cat-moottorioljyt-raskas-kalusto","8":"first","9":"instock","10":"taxable","11":"shipping-taxable","12":"purchasable","13":"product-type-simple"},"_links":{"self":[{"href":"https:\/\/www.lotky.fi\/kauppa\/wp-json\/wp\/v2\/product\/2060","targetHints":{"allow":["GET"]}}],"collection":[{"href":"https:\/\/www.lotky.fi\/kauppa\/wp-json\/wp\/v2\/product"}],"about":[{"href":"https:\/\/www.lotky.fi\/kauppa\/wp-json\/wp\/v2\/types\/product"}],"wp:featuredmedia":[{"embeddable":true,"href":"https:\/\/www.lotky.fi\/kauppa\/wp-json\/wp\/v2\/media\/432"}],"wp:attachment":[{"href":"https:\/\/www.lotky.fi\/kauppa\/wp-json\/wp\/v2\/media?parent=2060"}],"wp:term":[{"taxonomy":"product_brand","embeddable":true,"href":"https:\/\/www.lotky.fi\/kauppa\/wp-json\/wp\/v2\/product_brand?post=2060"},{"taxonomy":"product_cat","embeddable":true,"href":"https:\/\/www.lotky.fi\/kauppa\/wp-json\/wp\/v2\/product_cat?post=2060"},{"taxonomy":"product_tag","embeddable":true,"href":"https:\/\/www.lotky.fi\/kauppa\/wp-json\/wp\/v2\/product_tag?post=2060"}],"curies":[{"name":"wp","href":"https:\/\/api.w.org\/{rel}","templated":true}]}}