{"id":2059,"date":"2022-02-14T13:04:19","date_gmt":"2022-02-14T11:04:19","guid":{"rendered":"https:\/\/www.lotky.fi\/kauppa\/?post_type=product&#038;p=2059"},"modified":"2026-03-21T19:46:47","modified_gmt":"2026-03-21T17:46:47","slug":"shell-rimula-r6-lm-10w-40-1000l","status":"publish","type":"product","link":"https:\/\/www.lotky.fi\/kauppa\/tuote\/shell-rimula-r6-lm-10w-40-1000l\/","title":{"rendered":"Shell Rimula R6 LM 10W-40, 1000L"},"content":{"rendered":"<p>Osasynteettinen Rimula R6 LM 10W-40 sopii k\u00e4ytett\u00e4v\u00e4ksi raskaan kaluston diesel- ja maakaasumoottoreissa. Synteettiset perus\u00f6ljyt yhdess\u00e4 lis\u00e4aineiden kanssa pident\u00e4v\u00e4t moottorin kestoik\u00e4\u00e4. Low-SAPS -teknologia auttaa ehk\u00e4sem\u00e4\u00e4n pakokaasuj\u00e4rjestelm\u00e4n suodattimien jaloukkujen tukkeutumista. Soveltuu useimpiin Euro 4, 5 ja 6 moottoreihin.<\/p>\n<p>Spesifikaatiot, hyv\u00e4ksynn\u00e4t &amp; suositukset:<\/p>\n<p>SAE 10W-40<br \/>\nACEA: E9, E6<br \/>\nAPI: CJ-4, CI-4, CH-4<br \/>\nCaterpillar: ECF 3<br \/>\nCummins: CES 20081<br \/>\nDAF: Meets ACEA E6<br \/>\nDeutz: DQC IV-10 LA<br \/>\nIVECO: NG2 (Meets requirements)<br \/>\nJASO: DH-2<br \/>\nMACK: EO-O Premium Plus<br \/>\nMAN: 3477, 3271-1<br \/>\nMB Approval: 228.51<br \/>\nMTU: Category 3.1<br \/>\nRenault Trucks: RLD-3<br \/>\nScania: Low Ash<br \/>\nVolvo: VDS-4<\/p>\n","protected":false},"excerpt":{"rendered":"<p>Osasynteettinen Rimula R6 LM 10W-40 sopii k\u00e4ytett\u00e4v\u00e4ksi raskaan kaluston diesel- ja maakaasumoottoreissa. Synteettiset perus\u00f6ljyt yhdess\u00e4 lis\u00e4aineiden kanssa pident\u00e4v\u00e4t moottorin kestoik\u00e4\u00e4. Low-SAPS -teknologia auttaa ehk\u00e4sem\u00e4\u00e4n pakokaasuj\u00e4rjestelm\u00e4n suodattimien jaloukkujen tukkeutumista. Soveltuu useimpiin Euro 4, 5 ja 6 moottoreihin.<\/p>\n","protected":false},"featured_media":432,"template":"","meta":[],"product_brand":[],"product_cat":[18],"product_tag":[],"class_list":{"0":"post-2059","1":"product","2":"type-product","3":"status-publish","4":"has-post-thumbnail","6":"product_cat-moottorioljyt-raskas-kalusto","8":"first","9":"instock","10":"taxable","11":"shipping-taxable","12":"purchasable","13":"product-type-simple"},"_links":{"self":[{"href":"https:\/\/www.lotky.fi\/kauppa\/wp-json\/wp\/v2\/product\/2059","targetHints":{"allow":["GET"]}}],"collection":[{"href":"https:\/\/www.lotky.fi\/kauppa\/wp-json\/wp\/v2\/product"}],"about":[{"href":"https:\/\/www.lotky.fi\/kauppa\/wp-json\/wp\/v2\/types\/product"}],"wp:featuredmedia":[{"embeddable":true,"href":"https:\/\/www.lotky.fi\/kauppa\/wp-json\/wp\/v2\/media\/432"}],"wp:attachment":[{"href":"https:\/\/www.lotky.fi\/kauppa\/wp-json\/wp\/v2\/media?parent=2059"}],"wp:term":[{"taxonomy":"product_brand","embeddable":true,"href":"https:\/\/www.lotky.fi\/kauppa\/wp-json\/wp\/v2\/product_brand?post=2059"},{"taxonomy":"product_cat","embeddable":true,"href":"https:\/\/www.lotky.fi\/kauppa\/wp-json\/wp\/v2\/product_cat?post=2059"},{"taxonomy":"product_tag","embeddable":true,"href":"https:\/\/www.lotky.fi\/kauppa\/wp-json\/wp\/v2\/product_tag?post=2059"}],"curies":[{"name":"wp","href":"https:\/\/api.w.org\/{rel}","templated":true}]}}