{"id":2056,"date":"2022-02-14T12:24:42","date_gmt":"2022-02-14T10:24:42","guid":{"rendered":"https:\/\/www.lotky.fi\/kauppa\/?post_type=product&#038;p=2056"},"modified":"2026-03-21T19:48:00","modified_gmt":"2026-03-21T17:48:00","slug":"shell-rimula-r3-10w-1000l","status":"publish","type":"product","link":"https:\/\/www.lotky.fi\/kauppa\/tuote\/shell-rimula-r3-10w-1000l\/","title":{"rendered":"Shell Rimula R3 10W, 1000L"},"content":{"rendered":"<div>\n<div>Shell Rimula R3 10W-yksiaste\u00f6ljy on formuloitu moottorin luotettavan suorituskyvyn varmistamiseksi erilaisissa ty\u00f6koneissa ja vanhemmissa dieselajoneuvoissa. Shell Rimula R3 10W \u00f6ljy sopii tiettyihin kiinteisiin laitteisiin, kuten pumppuihin, jotka k\u00e4yv\u00e4t jatkuvasti vakio-olosuhteissa. Vaihteistoissa ja hydraulij\u00e4rjestelmiss\u00e4 suositellaan joskus k\u00e4ytett\u00e4v\u00e4ksi moottori\u00f6ljy\u00e4.<\/div>\n<\/div>\n<div><\/div>\n<div>Spesifikaatiot, hyv\u00e4ksynn\u00e4t &amp; suositukset:<\/div>\n<div>SAE 10W<\/div>\n<div>API CF<\/div>\n","protected":false},"excerpt":{"rendered":"<p>Shell Rimula R3 10W-yksiaste\u00f6ljy on formuloitu moottorin luotettavan suorituskyvyn varmistamiseksi erilaisissa ty\u00f6koneissa ja vanhemmissa dieselajoneuvoissa. Shell Rimula R3 10W \u00f6ljy sopii tiettyihin kiinteisiin laitteisiin, kuten pumppuihin, jotka k\u00e4yv\u00e4t jatkuvasti vakio-olosuhteissa. Vaihteistoissa ja hydraulij\u00e4rjestelmiss\u00e4 suositellaan joskus k\u00e4ytett\u00e4v\u00e4ksi moottori\u00f6ljy\u00e4.<\/p>\n","protected":false},"featured_media":432,"template":"","meta":[],"product_brand":[],"product_cat":[18],"product_tag":[],"class_list":{"0":"post-2056","1":"product","2":"type-product","3":"status-publish","4":"has-post-thumbnail","6":"product_cat-moottorioljyt-raskas-kalusto","8":"first","9":"instock","10":"taxable","11":"shipping-taxable","12":"purchasable","13":"product-type-simple"},"_links":{"self":[{"href":"https:\/\/www.lotky.fi\/kauppa\/wp-json\/wp\/v2\/product\/2056","targetHints":{"allow":["GET"]}}],"collection":[{"href":"https:\/\/www.lotky.fi\/kauppa\/wp-json\/wp\/v2\/product"}],"about":[{"href":"https:\/\/www.lotky.fi\/kauppa\/wp-json\/wp\/v2\/types\/product"}],"wp:featuredmedia":[{"embeddable":true,"href":"https:\/\/www.lotky.fi\/kauppa\/wp-json\/wp\/v2\/media\/432"}],"wp:attachment":[{"href":"https:\/\/www.lotky.fi\/kauppa\/wp-json\/wp\/v2\/media?parent=2056"}],"wp:term":[{"taxonomy":"product_brand","embeddable":true,"href":"https:\/\/www.lotky.fi\/kauppa\/wp-json\/wp\/v2\/product_brand?post=2056"},{"taxonomy":"product_cat","embeddable":true,"href":"https:\/\/www.lotky.fi\/kauppa\/wp-json\/wp\/v2\/product_cat?post=2056"},{"taxonomy":"product_tag","embeddable":true,"href":"https:\/\/www.lotky.fi\/kauppa\/wp-json\/wp\/v2\/product_tag?post=2056"}],"curies":[{"name":"wp","href":"https:\/\/api.w.org\/{rel}","templated":true}]}}