{"id":2054,"date":"2022-02-14T12:13:59","date_gmt":"2022-02-14T10:13:59","guid":{"rendered":"https:\/\/www.lotky.fi\/kauppa\/?post_type=product&#038;p=2054"},"modified":"2026-03-21T19:48:23","modified_gmt":"2026-03-21T17:48:23","slug":"shell-rimula-r5-le-10w-30-1000l","status":"publish","type":"product","link":"https:\/\/www.lotky.fi\/kauppa\/tuote\/shell-rimula-r5-le-10w-30-1000l\/","title":{"rendered":"Shell Rimula R5 LE 10W-30, 1000L"},"content":{"rendered":"<div>\n<div>Rimula R5 LE 10W-30 on pakokaasujen j\u00e4lkik\u00e4sittelylaitteiden kanssa yhteensopiva synteettinen Low-SAPS dieselmoottori\u00f6ljy. Synteettisen teknologian perus\u00f6ljyll\u00e4 tehostettu voiteluaine s\u00e4\u00e4st\u00e4\u00e4 polttoainetta huippuluokan kulumissuojasta tinkim\u00e4tt\u00e4.<\/div>\n<\/div>\n<div><\/div>\n<div>Spesifikaatiot, hyv\u00e4ksynn\u00e4t &amp; suositukset:<\/div>\n<div><\/div>\n<div>SAE 10W-30 synteettinen<\/div>\n<div>API CK-4, CJ-4, CI-4 plus, CI-4, CH-4, CG-4, SN<\/div>\n<div>ACEA E9, E7<\/div>\n<div>JASO DH-2<\/div>\n<div>Caterpillar ECF-3, ECF-2<\/div>\n<div>Cummins CES 20086 \/ 20081<br \/>\nDeutz DQC III-10 LA<\/div>\n<div>Mack EO-S 4.5, EO-O Premium Plus<\/div>\n<div>MTU Category 2.1<\/div>\n<div>MAN M3775<\/div>\n<div>MB-Approval 228.31<\/div>\n<div>Detroit Diesel 93K218<\/div>\n<div>Renault VI RLD-4, RLD-3<\/div>\n<div>Volvo VDS-4.5 \/ 4.0<\/div>\n","protected":false},"excerpt":{"rendered":"<p>Rimula R5 LE 10W-30 on pakokaasujen j\u00e4lkik\u00e4sittelylaitteiden kanssa yhteensopiva synteettinen Low-SAPS dieselmoottori\u00f6ljy. Synteettisen teknologian perus\u00f6ljyll\u00e4 tehostettu voiteluaine s\u00e4\u00e4st\u00e4\u00e4 polttoainetta huippuluokan kulumissuojasta tinkim\u00e4tt\u00e4.<\/p>\n","protected":false},"featured_media":432,"template":"","meta":[],"product_brand":[],"product_cat":[18],"product_tag":[],"class_list":{"0":"post-2054","1":"product","2":"type-product","3":"status-publish","4":"has-post-thumbnail","6":"product_cat-moottorioljyt-raskas-kalusto","8":"first","9":"instock","10":"taxable","11":"shipping-taxable","12":"purchasable","13":"product-type-simple"},"_links":{"self":[{"href":"https:\/\/www.lotky.fi\/kauppa\/wp-json\/wp\/v2\/product\/2054","targetHints":{"allow":["GET"]}}],"collection":[{"href":"https:\/\/www.lotky.fi\/kauppa\/wp-json\/wp\/v2\/product"}],"about":[{"href":"https:\/\/www.lotky.fi\/kauppa\/wp-json\/wp\/v2\/types\/product"}],"wp:featuredmedia":[{"embeddable":true,"href":"https:\/\/www.lotky.fi\/kauppa\/wp-json\/wp\/v2\/media\/432"}],"wp:attachment":[{"href":"https:\/\/www.lotky.fi\/kauppa\/wp-json\/wp\/v2\/media?parent=2054"}],"wp:term":[{"taxonomy":"product_brand","embeddable":true,"href":"https:\/\/www.lotky.fi\/kauppa\/wp-json\/wp\/v2\/product_brand?post=2054"},{"taxonomy":"product_cat","embeddable":true,"href":"https:\/\/www.lotky.fi\/kauppa\/wp-json\/wp\/v2\/product_cat?post=2054"},{"taxonomy":"product_tag","embeddable":true,"href":"https:\/\/www.lotky.fi\/kauppa\/wp-json\/wp\/v2\/product_tag?post=2054"}],"curies":[{"name":"wp","href":"https:\/\/api.w.org\/{rel}","templated":true}]}}