{"id":2048,"date":"2022-02-08T11:48:01","date_gmt":"2022-02-08T09:48:01","guid":{"rendered":"https:\/\/www.lotky.fi\/kauppa\/?post_type=product&#038;p=2048"},"modified":"2024-09-02T15:14:48","modified_gmt":"2024-09-02T12:14:48","slug":"mobilgard-413-208l","status":"publish","type":"product","link":"https:\/\/www.lotky.fi\/kauppa\/tuote\/mobilgard-413-208l\/","title":{"rendered":"Mobilgard 312, 208L"},"content":{"rendered":"<p>Mobilgard 312 on korkean suorituskyvyn omaava dieselmoottori\u00f6ljy avom\u00e4nt\u00e4 koneiden voiteluun, k\u00e4ytett\u00e4ess\u00e4 v\u00e4h\u00e4rikkisi\u00e4 polttoaineita, merenkulun sek\u00e4 teollisuuden sovelluksissa. Sylinteri- sek\u00e4 laakerivoiteluun tarkoitettu Mobilgard 312 antaa erinomaista suojaa my\u00f6s suurilla nopeuksilla toimiviin moottoreihin ankarissakin olosuhteissa. Tuote antaa erinomaisen hapettumiskest\u00e4vyyden sek\u00e4 est\u00e4\u00e4 viskositeetin kasvua pitkill\u00e4kin huoltov\u00e4leill\u00e4. Mobilgard 312:lla on ylivoimainen vedenerottuvuus ominaisuus ja se tarjoaa erinomaisen korroosiosuojan.<\/p>\n<p>Luokitukset:<br \/>\nSAE 30<\/p>\n","protected":false},"excerpt":{"rendered":"<p>Mobilgard 312 on korkean suorituskyvyn omaava dieselmoottori\u00f6ljy avom\u00e4nt\u00e4 koneiden voiteluun, k\u00e4ytett\u00e4ess\u00e4 v\u00e4h\u00e4rikkisi\u00e4 polttoaineita, merenkulun sek\u00e4 teollisuuden sovelluksissa. Sylinteri- sek\u00e4 laakerivoiteluun tarkoitettu Mobilgard 312 antaa erinomaista suojaa my\u00f6s suurilla nopeuksilla toimiviin moottoreihin ankarissakin olosuhteissa. Tuote antaa erinomaisen hapettumiskest\u00e4vyyden sek\u00e4 est\u00e4\u00e4 viskositeetin kasvua pitkill\u00e4kin huoltov\u00e4leill\u00e4. Mobilgard 312:lla on ylivoimainen vedenerottuvuus ominaisuus ja se tarjoaa erinomaisen korroosiosuojan. Luokitukset: [&hellip;]<\/p>\n","protected":false},"featured_media":185,"template":"","meta":[],"product_brand":[],"product_cat":[29],"product_tag":[],"class_list":{"0":"post-2048","1":"product","2":"type-product","3":"status-publish","4":"has-post-thumbnail","6":"product_cat-laivaoljyt","8":"first","9":"instock","10":"taxable","11":"shipping-taxable","12":"purchasable","13":"product-type-simple"},"_links":{"self":[{"href":"https:\/\/www.lotky.fi\/kauppa\/wp-json\/wp\/v2\/product\/2048","targetHints":{"allow":["GET"]}}],"collection":[{"href":"https:\/\/www.lotky.fi\/kauppa\/wp-json\/wp\/v2\/product"}],"about":[{"href":"https:\/\/www.lotky.fi\/kauppa\/wp-json\/wp\/v2\/types\/product"}],"wp:featuredmedia":[{"embeddable":true,"href":"https:\/\/www.lotky.fi\/kauppa\/wp-json\/wp\/v2\/media\/185"}],"wp:attachment":[{"href":"https:\/\/www.lotky.fi\/kauppa\/wp-json\/wp\/v2\/media?parent=2048"}],"wp:term":[{"taxonomy":"product_brand","embeddable":true,"href":"https:\/\/www.lotky.fi\/kauppa\/wp-json\/wp\/v2\/product_brand?post=2048"},{"taxonomy":"product_cat","embeddable":true,"href":"https:\/\/www.lotky.fi\/kauppa\/wp-json\/wp\/v2\/product_cat?post=2048"},{"taxonomy":"product_tag","embeddable":true,"href":"https:\/\/www.lotky.fi\/kauppa\/wp-json\/wp\/v2\/product_tag?post=2048"}],"curies":[{"name":"wp","href":"https:\/\/api.w.org\/{rel}","templated":true}]}}