{"id":2020,"date":"2022-01-03T14:42:52","date_gmt":"2022-01-03T12:42:52","guid":{"rendered":"https:\/\/www.lotky.fi\/kauppa\/?post_type=product&#038;p=2020"},"modified":"2026-04-02T14:38:08","modified_gmt":"2026-04-02T11:38:08","slug":"valvoline-synpower-xl-iii-c3-5w-30-1000l","status":"publish","type":"product","link":"https:\/\/www.lotky.fi\/kauppa\/tuote\/valvoline-synpower-xl-iii-c3-5w-30-1000l\/","title":{"rendered":"Valvoline Synpower XL-III C3 5W-30, 1000L"},"content":{"rendered":"<p>Valvoline Synpower XL-III C3 5W-30 on t\u00e4yssynteettinen moottori\u00f6ljy pidennetyille \u00f6ljynvaihtov\u00e4leille. Uusimpiin Volkswagen-, Audi-, Skoda-, Seat- sek\u00e4 BMW- ja MB- moottoreihin. Kehitetty moottoreihin, joissa on dieselhiukkassuodatin. Pident\u00e4\u00e4 hiukkassuodattimen ja moottorin k\u00e4ytt\u00f6ik\u00e4\u00e4. Erinomainen kulumissuoja ja happettumiskest\u00e4vyys.<\/p>\n<p>Luokitukset:<br \/>\nACEA: A3\/B4, C3<br \/>\nVW 504.00\/507.00, 503.00, 503.01, 505.00, 506.00, 506.01<br \/>\nMB 229.51, 229.31<br \/>\nBMW LL-04.<\/p>\n<p>&nbsp;<\/p>\n<p>Tehdastilaustuote, toimitusaika 4-6 vko<\/p>\n","protected":false},"excerpt":{"rendered":"<p>Valvoline Synpower XL-III C3 5W-30 on t\u00e4yssynteettinen moottori\u00f6ljy pidennetyille \u00f6ljynvaihtov\u00e4leille. Uusimpiin Volkswagen-, Audi-, Skoda-, Seat- sek\u00e4 BMW- ja MB- moottoreihin. Kehitetty moottoreihin, joissa on dieselhiukkassuodatin. Pident\u00e4\u00e4 hiukkassuodattimen ja moottorin k\u00e4ytt\u00f6ik\u00e4\u00e4. Erinomainen kulumissuoja ja happettumiskest\u00e4vyys. &nbsp; Tehdastilaustuote, toimitusaika 4-6 vko<\/p>\n","protected":false},"featured_media":432,"template":"","meta":[],"product_brand":[],"product_cat":[17],"product_tag":[],"class_list":{"0":"post-2020","1":"product","2":"type-product","3":"status-publish","4":"has-post-thumbnail","6":"product_cat-moottorioljyt-kevyt-kalusto","8":"first","9":"instock","10":"taxable","11":"shipping-taxable","12":"purchasable","13":"product-type-simple"},"_links":{"self":[{"href":"https:\/\/www.lotky.fi\/kauppa\/wp-json\/wp\/v2\/product\/2020","targetHints":{"allow":["GET"]}}],"collection":[{"href":"https:\/\/www.lotky.fi\/kauppa\/wp-json\/wp\/v2\/product"}],"about":[{"href":"https:\/\/www.lotky.fi\/kauppa\/wp-json\/wp\/v2\/types\/product"}],"wp:featuredmedia":[{"embeddable":true,"href":"https:\/\/www.lotky.fi\/kauppa\/wp-json\/wp\/v2\/media\/432"}],"wp:attachment":[{"href":"https:\/\/www.lotky.fi\/kauppa\/wp-json\/wp\/v2\/media?parent=2020"}],"wp:term":[{"taxonomy":"product_brand","embeddable":true,"href":"https:\/\/www.lotky.fi\/kauppa\/wp-json\/wp\/v2\/product_brand?post=2020"},{"taxonomy":"product_cat","embeddable":true,"href":"https:\/\/www.lotky.fi\/kauppa\/wp-json\/wp\/v2\/product_cat?post=2020"},{"taxonomy":"product_tag","embeddable":true,"href":"https:\/\/www.lotky.fi\/kauppa\/wp-json\/wp\/v2\/product_tag?post=2020"}],"curies":[{"name":"wp","href":"https:\/\/api.w.org\/{rel}","templated":true}]}}