{"id":2014,"date":"2022-01-03T14:22:28","date_gmt":"2022-01-03T12:22:28","guid":{"rendered":"https:\/\/www.lotky.fi\/kauppa\/?post_type=product&#038;p=2014"},"modified":"2026-04-02T14:36:31","modified_gmt":"2026-04-02T11:36:31","slug":"valvoline-synpower-xl-iv-c5-0w-20-208l","status":"publish","type":"product","link":"https:\/\/www.lotky.fi\/kauppa\/tuote\/valvoline-synpower-xl-iv-c5-0w-20-208l\/","title":{"rendered":"Valvoline Synpower XL-IV C5 0W-20, 208L"},"content":{"rendered":"<p>Valvoline Synpower XL-IV C5 0W20 on t\u00e4yssynteettinen moottori\u00f6ljy, joka on kehitetty k\u00e4ytett\u00e4v\u00e4ksi VW Euro 4 ja 5 moottoreissa, jotka on varusteltu PDF pakokaasunk\u00e4sittelyj\u00e4rjestelm\u00e4ll\u00e4. Voidaan k\u00e4ytt\u00e4\u00e4 my\u00f6s VW,AUDI SEAT ja SKODA bensiini ja diesel moottoreissa, jossa suosituksena on luokitus VW50800\/50900.<\/p>\n<p>Luokitukset:<br \/>\nSAE 0w-20 t\u00e4yssynteettinen<br \/>\nACEA C5<br \/>\nAPI SN, SN+<br \/>\nVW TL 52577<br \/>\nPorsche C20<br \/>\nVW 50800\/50900<\/p>\n","protected":false},"excerpt":{"rendered":"<p>Valvoline Synpower XL-IV C5 0W20 on t\u00e4yssynteettinen moottori\u00f6ljy, joka on kehitetty k\u00e4ytett\u00e4v\u00e4ksi VW Euro 4 ja 5 moottoreissa, jotka on varusteltu PDF pakokaasunk\u00e4sittelyj\u00e4rjestelm\u00e4ll\u00e4. Voidaan k\u00e4ytt\u00e4\u00e4 my\u00f6s VW,AUDI SEAT ja SKODA bensiini ja diesel moottoreissa, jossa suosituksena on luokitus VW50800\/50900.<\/p>\n","protected":false},"featured_media":472,"template":"","meta":[],"product_brand":[],"product_cat":[17],"product_tag":[161],"class_list":{"0":"post-2014","1":"product","2":"type-product","3":"status-publish","4":"has-post-thumbnail","6":"product_cat-moottorioljyt-kevyt-kalusto","7":"product_tag-0w-20","9":"first","10":"instock","11":"taxable","12":"shipping-taxable","13":"purchasable","14":"product-type-simple"},"_links":{"self":[{"href":"https:\/\/www.lotky.fi\/kauppa\/wp-json\/wp\/v2\/product\/2014","targetHints":{"allow":["GET"]}}],"collection":[{"href":"https:\/\/www.lotky.fi\/kauppa\/wp-json\/wp\/v2\/product"}],"about":[{"href":"https:\/\/www.lotky.fi\/kauppa\/wp-json\/wp\/v2\/types\/product"}],"wp:featuredmedia":[{"embeddable":true,"href":"https:\/\/www.lotky.fi\/kauppa\/wp-json\/wp\/v2\/media\/472"}],"wp:attachment":[{"href":"https:\/\/www.lotky.fi\/kauppa\/wp-json\/wp\/v2\/media?parent=2014"}],"wp:term":[{"taxonomy":"product_brand","embeddable":true,"href":"https:\/\/www.lotky.fi\/kauppa\/wp-json\/wp\/v2\/product_brand?post=2014"},{"taxonomy":"product_cat","embeddable":true,"href":"https:\/\/www.lotky.fi\/kauppa\/wp-json\/wp\/v2\/product_cat?post=2014"},{"taxonomy":"product_tag","embeddable":true,"href":"https:\/\/www.lotky.fi\/kauppa\/wp-json\/wp\/v2\/product_tag?post=2014"}],"curies":[{"name":"wp","href":"https:\/\/api.w.org\/{rel}","templated":true}]}}