{"id":2011,"date":"2022-01-03T14:13:31","date_gmt":"2022-01-03T12:13:31","guid":{"rendered":"https:\/\/www.lotky.fi\/kauppa\/?post_type=product&#038;p=2011"},"modified":"2026-04-02T14:35:30","modified_gmt":"2026-04-02T11:35:30","slug":"valvoline-synpower-dt-c2-0w-30-208l","status":"publish","type":"product","link":"https:\/\/www.lotky.fi\/kauppa\/tuote\/valvoline-synpower-dt-c2-0w-30-208l\/","title":{"rendered":"Valvoline Synpower MST FE C2 0W-30, 208L"},"content":{"rendered":"<p>Valvoline Synpower MST FE C2 0W-30 on huippulaatuinen OEM-hyv\u00e4ksytty moottori\u00f6ljy, joka on suunniteltu antamaan luotettava voitelusuoja moottorille ja samaan aikaan maksimoimaan pakokaasun j\u00e4lkik\u00e4sittelylaitteiden kestoik\u00e4 (DPF ja GPF) ja minimoimaan polttoaineen kulutus. SAE 0W-luokan kylm\u00e4viskositeetti takaa tehokkaan voitelusuojan my\u00f6s talviolosuhteissa. Valvoline SynPower MST FE C2 0W-30 on kehitetty t\u00e4ytt\u00e4m\u00e4\u00e4n erityisesti BMW LL-12 FE- ja Ford WSS-M2C950-A -suorituskykyluokkien vaatimukset ja lis\u00e4ksi \u00f6ljyll\u00e4 on Mercedes-Benzin MB 229.61 -hyv\u00e4ksynt\u00e4. N\u00e4iden merkkien lis\u00e4ksi \u00f6ljy sopii hyvin moniin aasialaisiin automerkkeihin kuten Toyota, Hyundai ja Kia, joissa moottorivalmistaja suosittelee ACEA C2-, API SP- tai API SN -suorituskyvyn ja SAE 0W-30 -viskositeettiluokan \u00f6ljy\u00e4.<\/p>\n<p>Luokitukset:<br \/>\nSAE 0w-30 t\u00e4yssynteettinen<br \/>\nAPI SP-RC, SP, SN Plus<br \/>\nACEA C2, sopii k\u00e4ytett\u00e4v\u00e4ksi jos A5\/B5<br \/>\nILSAG GF-6A, voidaan k\u00e4ytt\u00e4\u00e4 moottoreissa, jos luokituksena Fiat 9.55535-GS1, DS1 tai Iveco 1811 SC1 LV-16<br \/>\nBMW LL-12 FE<br \/>\nFord WSS-M2C950-A<br \/>\nMB-Approval 229.61<\/p>\n","protected":false},"excerpt":{"rendered":"<p>Valvoline Synpower MST FE C2 0W-30 on huippulaatuinen OEM-hyv\u00e4ksytty moottori\u00f6ljy, joka on suunniteltu antamaan luotettava voitelusuoja moottorille ja samaan aikaan maksimoimaan pakokaasun j\u00e4lkik\u00e4sittelylaitteiden kestoik\u00e4 (DPF ja GPF) ja minimoimaan polttoaineen kulutus. SAE 0W-luokan kylm\u00e4viskositeetti takaa tehokkaan voitelusuojan my\u00f6s talviolosuhteissa. Valvoline SynPower MST FE C2 0W-30 on kehitetty t\u00e4ytt\u00e4m\u00e4\u00e4n erityisesti BMW LL-12 FE- ja Ford WSS-M2C950-A [&hellip;]<\/p>\n","protected":false},"featured_media":472,"template":"","meta":[],"product_brand":[],"product_cat":[17],"product_tag":[],"class_list":{"0":"post-2011","1":"product","2":"type-product","3":"status-publish","4":"has-post-thumbnail","6":"product_cat-moottorioljyt-kevyt-kalusto","8":"first","9":"instock","10":"taxable","11":"shipping-taxable","12":"purchasable","13":"product-type-simple"},"_links":{"self":[{"href":"https:\/\/www.lotky.fi\/kauppa\/wp-json\/wp\/v2\/product\/2011","targetHints":{"allow":["GET"]}}],"collection":[{"href":"https:\/\/www.lotky.fi\/kauppa\/wp-json\/wp\/v2\/product"}],"about":[{"href":"https:\/\/www.lotky.fi\/kauppa\/wp-json\/wp\/v2\/types\/product"}],"wp:featuredmedia":[{"embeddable":true,"href":"https:\/\/www.lotky.fi\/kauppa\/wp-json\/wp\/v2\/media\/472"}],"wp:attachment":[{"href":"https:\/\/www.lotky.fi\/kauppa\/wp-json\/wp\/v2\/media?parent=2011"}],"wp:term":[{"taxonomy":"product_brand","embeddable":true,"href":"https:\/\/www.lotky.fi\/kauppa\/wp-json\/wp\/v2\/product_brand?post=2011"},{"taxonomy":"product_cat","embeddable":true,"href":"https:\/\/www.lotky.fi\/kauppa\/wp-json\/wp\/v2\/product_cat?post=2011"},{"taxonomy":"product_tag","embeddable":true,"href":"https:\/\/www.lotky.fi\/kauppa\/wp-json\/wp\/v2\/product_tag?post=2011"}],"curies":[{"name":"wp","href":"https:\/\/api.w.org\/{rel}","templated":true}]}}