{"id":200,"date":"2016-05-18T13:33:35","date_gmt":"2016-05-18T10:33:35","guid":{"rendered":"http:\/\/www.lotky.fi\/kauppa\/?post_type=product&#038;p=200"},"modified":"2026-03-31T10:31:07","modified_gmt":"2026-03-31T07:31:07","slug":"neste-city-standard-5w-30-200l","status":"publish","type":"product","link":"https:\/\/www.lotky.fi\/kauppa\/tuote\/neste-city-standard-5w-30-200l\/","title":{"rendered":"Neste Pro F 5W-30, 200L"},"content":{"rendered":"<p>Neste City Standard 5W-30 on ohut, ACEA A5\/B5 -luokituksen mukainen synteettinen moottori\u00f6ljy, jossa on huomioitu uusien v\u00e4h\u00e4kitkaisten ja puhtaastik\u00e4yvien bensiinimoottoreiden laatuvaatimukset. Sen ominaisuudet ovat erityisen sovitettu uusille Ford moottoreille, joihin suositellaan Ford WSS-M2C913-C spesifikaation mukaista \u00f6ljy\u00e4. Tuote sopii my\u00f6s vanhempiin Ford moottoreihin joissa vaatimuksena on Ford WSS-M2C-913-B, M2C-913-A tai M2C-912-A1 spesifikaation mukainen \u00f6ljy.<\/p>\n<p><strong>entinen nimi: Neste City Standard 5W-30<\/strong><\/p>\n<p>Luokitukset: SAE 5W-30<br \/>\nFord WSS-M2C913-C<br \/>\nT\u00e4ytt\u00e4\u00e4 my\u00f6s Ford WSS-M2C913-D vaatimukset<br \/>\nSopii my\u00f6s kun vaatimuksena on:<br \/>\nFord WSS-M2C913-B, M2C913-A tai M2C912-A1<br \/>\nAPI SL\/CF<br \/>\nACEA A5\/B5<br \/>\nACEA A1\/B1<br \/>\nRenault 0700<\/p>\n","protected":false},"excerpt":{"rendered":"<p>Neste City Standard 5W-30 on ohut, ACEA A5\/B5 -luokituksen mukainen synteettinen moottori\u00f6ljy, jossa on huomioitu uusien v\u00e4h\u00e4kitkaisten ja puhtaastik\u00e4yvien bensiinimoottoreiden laatuvaatimukset. Sen ominaisuudet ovat erityisen sovitettu uusille Ford moottoreille, joihin suositellaan Ford WSS-M2C913-C spesifikaation mukaista \u00f6ljy\u00e4.<\/p>\n","protected":false},"featured_media":1598,"template":"","meta":[],"product_brand":[],"product_cat":[17],"product_tag":[],"class_list":{"0":"post-200","1":"product","2":"type-product","3":"status-publish","4":"has-post-thumbnail","6":"product_cat-moottorioljyt-kevyt-kalusto","8":"first","9":"instock","10":"taxable","11":"shipping-taxable","12":"purchasable","13":"product-type-simple"},"_links":{"self":[{"href":"https:\/\/www.lotky.fi\/kauppa\/wp-json\/wp\/v2\/product\/200","targetHints":{"allow":["GET"]}}],"collection":[{"href":"https:\/\/www.lotky.fi\/kauppa\/wp-json\/wp\/v2\/product"}],"about":[{"href":"https:\/\/www.lotky.fi\/kauppa\/wp-json\/wp\/v2\/types\/product"}],"wp:featuredmedia":[{"embeddable":true,"href":"https:\/\/www.lotky.fi\/kauppa\/wp-json\/wp\/v2\/media\/1598"}],"wp:attachment":[{"href":"https:\/\/www.lotky.fi\/kauppa\/wp-json\/wp\/v2\/media?parent=200"}],"wp:term":[{"taxonomy":"product_brand","embeddable":true,"href":"https:\/\/www.lotky.fi\/kauppa\/wp-json\/wp\/v2\/product_brand?post=200"},{"taxonomy":"product_cat","embeddable":true,"href":"https:\/\/www.lotky.fi\/kauppa\/wp-json\/wp\/v2\/product_cat?post=200"},{"taxonomy":"product_tag","embeddable":true,"href":"https:\/\/www.lotky.fi\/kauppa\/wp-json\/wp\/v2\/product_tag?post=200"}],"curies":[{"name":"wp","href":"https:\/\/api.w.org\/{rel}","templated":true}]}}