{"id":199,"date":"2016-05-18T13:30:09","date_gmt":"2016-05-18T10:30:09","guid":{"rendered":"http:\/\/www.lotky.fi\/kauppa\/?post_type=product&#038;p=199"},"modified":"2026-03-31T10:31:15","modified_gmt":"2026-03-31T07:31:15","slug":"neste-city-pro-w-longlife-iii-5w-30-200l","status":"publish","type":"product","link":"https:\/\/www.lotky.fi\/kauppa\/tuote\/neste-city-pro-w-longlife-iii-5w-30-200l\/","title":{"rendered":"Neste Pro+ W LL-III 5W-30, 200L"},"content":{"rendered":"<p>Neste City Pro W LongLife III 5W-30 on suunniteltu erityisesti LongLife Service -j\u00e4rjestelm\u00e4n VW, Audi, Skoda ja Seat henkil\u00f6autojen diesel- ja bensiinimoottoreiden pitkille vaihtov\u00e4leille. Se soveltuu erityisesti autoihin joissa k\u00e4ytet\u00e4\u00e4n dieselpartikkelisuodattimia. Dieselmoottorin \u00f6ljyvaatimuksena on VW 507.00. Bensiinimoottoristen autojen \u00f6ljyvaatimus on VW 504.00. Lis\u00e4ksi \u00f6ljy sopii vanhempiin VW-konsernin automalleihin, joiden suorituskykyvaatimus on VW 502.00, 505.00, 503.00 tai 506.00. Vuosimallia -98 aikaisempiin pumppusuutindieseleihin, joissa ei ole LongLife Service &#8211; huolto-ohjelmaa (QG1), sopii Neste City Standard 5W-40 (VW 505.01) moottori\u00f6ljy 15000km \u00f6ljynvaihtov\u00e4lille.<\/p>\n<p><strong>entinen nimi: Neste City Pro W Longlife III 5W-30<\/strong><\/p>\n<p>Luokitukset: SAE 5W-30<br \/>\nVW 504.00 ja 507.00<br \/>\nACEA C3<br \/>\nMercedes-Benz Approval 229.51<br \/>\nBMW Longlife-04<\/p>\n","protected":false},"excerpt":{"rendered":"<p>Neste City Pro W LongLife III 5W-30 on suunniteltu erityisesti LongLife Service -j\u00e4rjestelm\u00e4n VW, Audi, Skoda ja Seat henkil\u00f6autojen diesel- ja bensiinimoottoreiden pitkille vaihtov\u00e4leille. Se soveltuu erityisesti autoihin joissa k\u00e4ytet\u00e4\u00e4n dieselpartikkelisuodattimia. Dieselmoottorin \u00f6ljyvaatimuksena on VW 507.00. Bensiinimoottoristen autojen \u00f6ljyvaatimus on VW 504.00.<\/p>\n","protected":false},"featured_media":1598,"template":"","meta":[],"product_brand":[],"product_cat":[17],"product_tag":[],"class_list":{"0":"post-199","1":"product","2":"type-product","3":"status-publish","4":"has-post-thumbnail","6":"product_cat-moottorioljyt-kevyt-kalusto","8":"first","9":"instock","10":"taxable","11":"shipping-taxable","12":"purchasable","13":"product-type-simple"},"_links":{"self":[{"href":"https:\/\/www.lotky.fi\/kauppa\/wp-json\/wp\/v2\/product\/199","targetHints":{"allow":["GET"]}}],"collection":[{"href":"https:\/\/www.lotky.fi\/kauppa\/wp-json\/wp\/v2\/product"}],"about":[{"href":"https:\/\/www.lotky.fi\/kauppa\/wp-json\/wp\/v2\/types\/product"}],"wp:featuredmedia":[{"embeddable":true,"href":"https:\/\/www.lotky.fi\/kauppa\/wp-json\/wp\/v2\/media\/1598"}],"wp:attachment":[{"href":"https:\/\/www.lotky.fi\/kauppa\/wp-json\/wp\/v2\/media?parent=199"}],"wp:term":[{"taxonomy":"product_brand","embeddable":true,"href":"https:\/\/www.lotky.fi\/kauppa\/wp-json\/wp\/v2\/product_brand?post=199"},{"taxonomy":"product_cat","embeddable":true,"href":"https:\/\/www.lotky.fi\/kauppa\/wp-json\/wp\/v2\/product_cat?post=199"},{"taxonomy":"product_tag","embeddable":true,"href":"https:\/\/www.lotky.fi\/kauppa\/wp-json\/wp\/v2\/product_tag?post=199"}],"curies":[{"name":"wp","href":"https:\/\/api.w.org\/{rel}","templated":true}]}}